{"id":5973,"date":"2024-03-29T18:02:26","date_gmt":"2024-03-29T18:02:38","guid":{"rendered":"https:\/\/realearthstories.es\/tienda\/aloe-vera\/"},"modified":"2025-10-21T21:32:36","modified_gmt":"2025-10-21T21:32:36","slug":"aloe-vera","status":"publish","type":"product","link":"https:\/\/realearthstories.es\/de\/tienda\/aloe-vera\/","title":{"rendered":"Aloe Vera"},"content":{"rendered":"<ul>\n<li>INCI-Bestandteile: Aloe Barbadensis Blattpulver<\/li>\n<li>Gr\u00f6\u00dfe: 250g<\/li>\n<li>Herkunft: Indien<\/li>\n<li>Bio-Zertifizierung: Bio Vida Sana, Bio Inspecta und USDA Organic<\/li>\n<li>Frei von: Parabenen, Silikonen, Zusatzstoffen, Chemikalien, Reizstoffen oder Toxinen.<\/li>\n<\/ul>\n","protected":false},"excerpt":{"rendered":"<p>Aloe vera ist eine Pflanze, die f\u00fcr ihre feuchtigkeitsspendenden, heilenden und beruhigenden Eigenschaften bekannt ist. Es wird auf das Haar aufgetragen, um dessen Gesundheit und Sch\u00f6nheit zu f\u00f6rdern, indem es die Kopfhaut n\u00e4hrt, die Haarfollikel st\u00e4rkt und f\u00fcr Glanz und Geschmeidigkeit sorgt. Das Pulver ist haltbarer und vielseitiger und l\u00e4sst sich leichter aufbewahren und transportieren, w\u00e4hrend das Gel oft Zusatzstoffe enth\u00e4lt, die seine nat\u00fcrlichen Vorteile abschw\u00e4chen k\u00f6nnen.<\/p>\n","protected":false},"featured_media":5972,"template":"","meta":{"_acf_changed":false},"product_brand":[],"product_cat":[87,85,83,88],"product_tag":[],"class_list":{"0":"post-5973","1":"product","2":"type-product","3":"status-publish","4":"has-post-thumbnail","6":"product_cat-ayurveda-kosmetik","7":"product_cat-fettige-haut","8":"product_cat-gelockte-methode","9":"product_cat-repariert-und-staerkt-das-haar","11":"first","12":"instock","13":"taxable","14":"shipping-taxable","15":"purchasable","16":"product-type-simple"},"bundled_by":[],"bundle_stock_status":"instock","bundle_stock_quantity":null,"bundle_virtual":false,"bundle_layout":"","bundle_add_to_cart_form_location":"","bundle_editable_in_cart":false,"bundle_sold_individually_context":"","bundle_item_grouping":"","bundle_min_size":"","bundle_max_size":"","bundle_price":[],"bundled_items":[],"bundle_sell_ids":[],"acf":[],"_links":{"self":[{"href":"https:\/\/realearthstories.es\/de\/wp-json\/wp\/v2\/product\/5973","targetHints":{"allow":["GET"]}}],"collection":[{"href":"https:\/\/realearthstories.es\/de\/wp-json\/wp\/v2\/product"}],"about":[{"href":"https:\/\/realearthstories.es\/de\/wp-json\/wp\/v2\/types\/product"}],"wp:featuredmedia":[{"embeddable":true,"href":"https:\/\/realearthstories.es\/de\/wp-json\/wp\/v2\/media\/5972"}],"wp:attachment":[{"href":"https:\/\/realearthstories.es\/de\/wp-json\/wp\/v2\/media?parent=5973"}],"wp:term":[{"taxonomy":"product_brand","embeddable":true,"href":"https:\/\/realearthstories.es\/de\/wp-json\/wp\/v2\/product_brand?post=5973"},{"taxonomy":"product_cat","embeddable":true,"href":"https:\/\/realearthstories.es\/de\/wp-json\/wp\/v2\/product_cat?post=5973"},{"taxonomy":"product_tag","embeddable":true,"href":"https:\/\/realearthstories.es\/de\/wp-json\/wp\/v2\/product_tag?post=5973"}],"curies":[{"name":"wp","href":"https:\/\/api.w.org\/{rel}","templated":true}]}}