{"id":5967,"date":"2024-03-29T17:47:37","date_gmt":"2024-03-29T17:47:50","guid":{"rendered":"https:\/\/realearthstories.es\/tienda\/moringa-250g\/"},"modified":"2025-10-21T21:32:37","modified_gmt":"2025-10-21T21:32:37","slug":"moringa-250g","status":"publish","type":"product","link":"https:\/\/realearthstories.es\/de\/tienda\/moringa-250g\/","title":{"rendered":"Moringa"},"content":{"rendered":"<ul>\n<li aria-level=\"1\">INCI-Inhaltsstoffe: Moringa Oleifera-Samen\u00f6l<\/li>\n<li aria-level=\"1\">Gr\u00f6\u00dfe: 250g<\/li>\n<li aria-level=\"1\">Herkunft: Indien<\/li>\n<li aria-level=\"1\">Bio-Zertifizierung: Bio Vida Sana, Bio Inspecta und USDA Organic<\/li>\n<li aria-level=\"1\">Frei von: Parabenen, Silikonen, Zusatzstoffen, Chemikalien, Reizstoffen oder Toxinen.<\/li>\n<\/ul>\n","protected":false},"excerpt":{"rendered":"<p>Moringa ist eine Pflanze, die f\u00fcr ihre ern\u00e4hrungsphysiologischen und medizinischen Vorteile bekannt ist. Es ist reich an Proteinen, Vitaminen und Antioxidantien und wird in Haarprodukten verwendet, weil es das Haar st\u00e4rkt, Haarbruch verhindert und das Wachstum f\u00f6rdert. Seine Proteineigenschaften tragen zur Erhaltung der Haarstruktur bei, w\u00e4hrend seine Antioxidantien vor Sch\u00e4den durch freie Radikale sch\u00fctzen. Dar\u00fcber hinaus enth\u00e4lt Moringa N\u00e4hrstoffe, die die Kopfhaut n\u00e4hren und die Haarfollikel stimulieren, wodurch ges\u00fcnderes und kr\u00e4ftigeres Haar gef\u00f6rdert wird. Seine Verwendung in der Haarpflege f\u00f6rdert die Vitalit\u00e4t und Widerstandsf\u00e4higkeit gegen \u00e4u\u00dfere Sch\u00e4den.<\/p>\n","protected":false},"featured_media":5966,"template":"","meta":{"_acf_changed":false},"product_brand":[],"product_cat":[87,83,88,78],"product_tag":[],"class_list":{"0":"post-5967","1":"product","2":"type-product","3":"status-publish","4":"has-post-thumbnail","6":"product_cat-ayurveda-kosmetik","7":"product_cat-gelockte-methode","8":"product_cat-repariert-und-staerkt-das-haar","9":"product_cat-stimulieren-sie-das-haarwachstum","11":"first","12":"instock","13":"taxable","14":"shipping-taxable","15":"purchasable","16":"product-type-simple"},"bundled_by":[],"bundle_stock_status":"instock","bundle_stock_quantity":null,"bundle_virtual":false,"bundle_layout":"","bundle_add_to_cart_form_location":"","bundle_editable_in_cart":false,"bundle_sold_individually_context":"","bundle_item_grouping":"","bundle_min_size":"","bundle_max_size":"","bundle_price":[],"bundled_items":[],"bundle_sell_ids":[],"acf":[],"_links":{"self":[{"href":"https:\/\/realearthstories.es\/de\/wp-json\/wp\/v2\/product\/5967","targetHints":{"allow":["GET"]}}],"collection":[{"href":"https:\/\/realearthstories.es\/de\/wp-json\/wp\/v2\/product"}],"about":[{"href":"https:\/\/realearthstories.es\/de\/wp-json\/wp\/v2\/types\/product"}],"wp:featuredmedia":[{"embeddable":true,"href":"https:\/\/realearthstories.es\/de\/wp-json\/wp\/v2\/media\/5966"}],"wp:attachment":[{"href":"https:\/\/realearthstories.es\/de\/wp-json\/wp\/v2\/media?parent=5967"}],"wp:term":[{"taxonomy":"product_brand","embeddable":true,"href":"https:\/\/realearthstories.es\/de\/wp-json\/wp\/v2\/product_brand?post=5967"},{"taxonomy":"product_cat","embeddable":true,"href":"https:\/\/realearthstories.es\/de\/wp-json\/wp\/v2\/product_cat?post=5967"},{"taxonomy":"product_tag","embeddable":true,"href":"https:\/\/realearthstories.es\/de\/wp-json\/wp\/v2\/product_tag?post=5967"}],"curies":[{"name":"wp","href":"https:\/\/api.w.org\/{rel}","templated":true}]}}