{"id":5814,"date":"2022-02-02T02:25:40","date_gmt":"2024-03-11T13:53:43","guid":{"rendered":"https:\/\/realearthstories.es\/tienda\/amla\/"},"modified":"2026-02-15T15:31:19","modified_gmt":"2026-02-15T15:31:19","slug":"amla","status":"publish","type":"product","link":"https:\/\/realearthstories.es\/de\/tienda\/amla\/","title":{"rendered":"Amla"},"content":{"rendered":"<h4>Eigenschaften von Amla:<\/h4>\n<ul>\n<li style=\"font-weight: 400;\"><span style=\"font-weight: 400;\"><strong>INCI: <\/strong>Phyllanthus Emblica Fruchtpulver<\/span><\/li>\n<li><strong>Gr\u00f6\u00dfe:<\/strong> 250g<\/li>\n<li><strong>Herkunft:<\/strong> Indien<\/li>\n<li>Bio-Zertifizierung: BioVidaSana, bio.Inspecta, USDA Organic<\/li>\n<li style=\"font-weight: 400;\"><span style=\"font-weight: 400;\">Geeignet f\u00fcr alle Haar- und Hauttypen  <\/span><\/li>\n<li style=\"font-weight: 400;\"><span style=\"font-weight: 400;\">Reich an Antioxidantien<\/span><\/li>\n<li style=\"font-weight: 400;\"><span style=\"font-weight: 400;\">100% vegan<\/span><\/li>\n<li style=\"font-weight: 400;\"><span style=\"font-weight: 400;\">Frei von Parabenen und Silikonen<\/span><\/li>\n<li style=\"font-weight: 400;\"><span style=\"font-weight: 400;\">Keine Zusatzstoffe, Chemikalien, Reizstoffe oder Toxine.<\/span><\/li>\n<\/ul>\n<p>&nbsp;<\/p>\n","protected":false},"excerpt":{"rendered":"<p><strong>Amla<\/strong> wirkt wie ein nat\u00fcrlicher Conditioner f\u00fcr dickeres und kr\u00e4ftigeres Haar. Amla ist die reichhaltigste nat\u00fcrliche Vitamin-C-Quelle und enth\u00e4lt au\u00dferdem eine ordentliche Menge an Eisen, Kalzium, Gerbstoffen und Phosphor. Es hat viele Vorteile f\u00fcr das Haar, wie z. B. die Stimulierung des Haarwachstums, die Verbesserung der Kopfhautdurchblutung, die Verbesserung der Kollagenproduktion und die Heilung von Haartrockenheit, usw.<\/p>\n","protected":false},"featured_media":5343,"template":"","meta":{"_acf_changed":false},"product_brand":[],"product_cat":[92,87,83,82,48,88,81],"product_tag":[],"class_list":{"0":"post-5814","1":"product","2":"type-product","3":"status-publish","4":"has-post-thumbnail","6":"product_cat-auslass","7":"product_cat-ayurveda-kosmetik","8":"product_cat-gelockte-methode","9":"product_cat-manner","10":"product_cat-rebajas","11":"product_cat-repariert-und-staerkt-das-haar","12":"product_cat-top-verkaufe","14":"first","15":"instock","16":"taxable","17":"shipping-taxable","18":"purchasable","19":"product-type-simple"},"bundled_by":[],"bundle_stock_status":"instock","bundle_stock_quantity":27,"bundle_virtual":false,"bundle_layout":"","bundle_add_to_cart_form_location":"","bundle_editable_in_cart":false,"bundle_sold_individually_context":"","bundle_item_grouping":"","bundle_min_size":"","bundle_max_size":"","bundle_price":[],"bundled_items":[],"bundle_sell_ids":[],"acf":[],"_links":{"self":[{"href":"https:\/\/realearthstories.es\/de\/wp-json\/wp\/v2\/product\/5814","targetHints":{"allow":["GET"]}}],"collection":[{"href":"https:\/\/realearthstories.es\/de\/wp-json\/wp\/v2\/product"}],"about":[{"href":"https:\/\/realearthstories.es\/de\/wp-json\/wp\/v2\/types\/product"}],"wp:featuredmedia":[{"embeddable":true,"href":"https:\/\/realearthstories.es\/de\/wp-json\/wp\/v2\/media\/5343"}],"wp:attachment":[{"href":"https:\/\/realearthstories.es\/de\/wp-json\/wp\/v2\/media?parent=5814"}],"wp:term":[{"taxonomy":"product_brand","embeddable":true,"href":"https:\/\/realearthstories.es\/de\/wp-json\/wp\/v2\/product_brand?post=5814"},{"taxonomy":"product_cat","embeddable":true,"href":"https:\/\/realearthstories.es\/de\/wp-json\/wp\/v2\/product_cat?post=5814"},{"taxonomy":"product_tag","embeddable":true,"href":"https:\/\/realearthstories.es\/de\/wp-json\/wp\/v2\/product_tag?post=5814"}],"curies":[{"name":"wp","href":"https:\/\/api.w.org\/{rel}","templated":true}]}}