{"id":5813,"date":"2023-05-19T10:52:11","date_gmt":"2024-03-11T13:53:42","guid":{"rendered":"https:\/\/realearthstories.es\/tienda\/brahmi\/"},"modified":"2025-10-21T21:32:47","modified_gmt":"2025-10-21T21:32:47","slug":"brahmi","status":"publish","type":"product","link":"https:\/\/realearthstories.es\/de\/tienda\/brahmi\/","title":{"rendered":"Brahmi"},"content":{"rendered":"<ul>\n<li>INCI-Zutaten: Bacopa monnieri Pulver<\/li>\n<li aria-level=\"1\">Gr\u00f6\u00dfe: 250g<\/li>\n<li aria-level=\"1\">Herkunft: Indien<\/li>\n<li aria-level=\"1\">Bio-Zertifizierung: USDA Organic at origin<\/li>\n<li aria-level=\"1\">Frei von: Parabenen, Silikonen, Konservierungsmitteln und chemischen Produkten.<\/li>\n<\/ul>\n","protected":false},"excerpt":{"rendered":"<p>Brahmi, auch bekannt als Bacopa monnieri, ist eine Heilpflanze, die in der ayurvedischen Medizin verwendet wird und eine breite Palette von gesundheitlichen Vorteilen bietet. In der Kosmetik wird Brahmi wegen seiner verj\u00fcngenden und st\u00e4rkenden Eigenschaften f\u00fcr Haut und Haar sehr gesch\u00e4tzt. Seine topische Anwendung f\u00f6rdert die Zellregeneration und hilft, Falten und feine Linien zu reduzieren. Dar\u00fcber hinaus st\u00e4rkt Brahmi die Haarwurzeln, f\u00f6rdert ein st\u00e4rkeres und ges\u00fcnderes Haarwachstum, reduziert Haarausfall und lindert Kopfhautprobleme wie Schuppen.<\/p>\n","protected":false},"featured_media":5155,"template":"","meta":{"_acf_changed":false},"product_brand":[],"product_cat":[87,83,48,88],"product_tag":[],"class_list":{"0":"post-5813","1":"product","2":"type-product","3":"status-publish","4":"has-post-thumbnail","6":"product_cat-ayurveda-kosmetik","7":"product_cat-gelockte-methode","8":"product_cat-rebajas","9":"product_cat-repariert-und-staerkt-das-haar","11":"first","12":"instock","13":"taxable","14":"shipping-taxable","15":"purchasable","16":"product-type-simple"},"bundled_by":[],"bundle_stock_status":"instock","bundle_stock_quantity":-55,"bundle_virtual":false,"bundle_layout":"","bundle_add_to_cart_form_location":"","bundle_editable_in_cart":false,"bundle_sold_individually_context":"","bundle_item_grouping":"","bundle_min_size":"","bundle_max_size":"","bundle_price":[],"bundled_items":[],"bundle_sell_ids":[],"acf":[],"_links":{"self":[{"href":"https:\/\/realearthstories.es\/de\/wp-json\/wp\/v2\/product\/5813","targetHints":{"allow":["GET"]}}],"collection":[{"href":"https:\/\/realearthstories.es\/de\/wp-json\/wp\/v2\/product"}],"about":[{"href":"https:\/\/realearthstories.es\/de\/wp-json\/wp\/v2\/types\/product"}],"wp:featuredmedia":[{"embeddable":true,"href":"https:\/\/realearthstories.es\/de\/wp-json\/wp\/v2\/media\/5155"}],"wp:attachment":[{"href":"https:\/\/realearthstories.es\/de\/wp-json\/wp\/v2\/media?parent=5813"}],"wp:term":[{"taxonomy":"product_brand","embeddable":true,"href":"https:\/\/realearthstories.es\/de\/wp-json\/wp\/v2\/product_brand?post=5813"},{"taxonomy":"product_cat","embeddable":true,"href":"https:\/\/realearthstories.es\/de\/wp-json\/wp\/v2\/product_cat?post=5813"},{"taxonomy":"product_tag","embeddable":true,"href":"https:\/\/realearthstories.es\/de\/wp-json\/wp\/v2\/product_tag?post=5813"}],"curies":[{"name":"wp","href":"https:\/\/api.w.org\/{rel}","templated":true}]}}