{"id":5812,"date":"2022-01-18T23:49:52","date_gmt":"2024-03-11T13:53:42","guid":{"rendered":"https:\/\/realearthstories.es\/tienda\/hagebuttenoel\/"},"modified":"2025-10-21T21:33:13","modified_gmt":"2025-10-21T21:33:13","slug":"hagebuttenoel","status":"publish","type":"product","link":"https:\/\/realearthstories.es\/de\/tienda\/hagebuttenoel\/","title":{"rendered":"Bio-Hagebutten\u00f6l"},"content":{"rendered":"<ul>\n<li aria-level=\"1\">Inhaltsstoffe INCI: Rosa Moschata-Samen\u00f6l* (*anorganischer Inhaltsstoff)<\/li>\n<li aria-level=\"1\">Gr\u00f6\u00dfe: 100g<\/li>\n<li aria-level=\"1\">Herkunft: Chile<\/li>\n<li aria-level=\"1\">Bio-Zertifizierung: USDA Organic at Origin<\/li>\n<li aria-level=\"1\">Frei von: Parabenen, Silikonen, Zusatzstoffen, Chemikalien, Reizstoffen oder Toxinen.<\/li>\n<\/ul>\n<p><img fetchpriority=\"high\" decoding=\"async\" class=\"alignnone wp-image-2929 size-full\" src=\"https:\/\/realearthstories.es\/wp-content\/uploads\/2022\/01\/brahmi-4.jpg\" alt=\"Hagebutte\" width=\"1000\" height=\"320\" srcset=\"https:\/\/realearthstories.es\/wp-content\/uploads\/2022\/01\/brahmi-4.jpg 1000w, https:\/\/realearthstories.es\/wp-content\/uploads\/2022\/01\/brahmi-4-300x96.jpg 300w, https:\/\/realearthstories.es\/wp-content\/uploads\/2022\/01\/brahmi-4-768x246.jpg 768w\" sizes=\"(max-width: 1000px) 100vw, 1000px\" \/><\/p>\n<p class=\"Normal1\">\n","protected":false},"excerpt":{"rendered":"<p>Unser Hagebutten\u00f6l ist <strong>rein, biologisch und stammt aus Chile<\/strong>. Es wird durch erste Kaltpressung gewonnen, um eine spektakul\u00e4re Qualit\u00e4t zu garantieren. Hagebutten\u00f6l ist aufgrund seiner <strong>n\u00e4hrenden und regenerierenden Eigenschaften<\/strong> sehr gut f\u00fcr die Haut. Es enth\u00e4lt essenzielle Fetts\u00e4uren wie Linols\u00e4ure und \u00d6ls\u00e4ure, die dazu beitragen, die <strong>Hautfeuchtigkeit und -elastizit\u00e4t<\/strong> zu erhalten. Es ist au\u00dferdem reich an Antioxidantien wie Vitamin C und Vitamin E, die <strong>die Haut<\/strong> vor Sch\u00e4den durch freie Radikale <strong>sch\u00fctzen<\/strong> und die Kollagenproduktion f\u00f6rdern.<\/p>\n<p>Eine der herausragenden Eigenschaften von Hagebutten\u00f6l ist seine F\u00e4higkeit, <strong>das Erscheinungsbild von Flecken und Narben zu reduzieren<\/strong>. Dies ist auf den Gehalt an Trans-Retins\u00e4ure zur\u00fcckzuf\u00fchren, die die Zellregeneration anregt und zur Verbesserung der Hautstruktur und des Hauttons beitr\u00e4gt. Es hat auch entz\u00fcndungshemmende und lindernde Eigenschaften, die helfen, <strong>Entz\u00fcndungen und R\u00f6tungen<\/strong>, die mit Narbenbildung einhergehen <strong>, zu reduzieren<\/strong>.<\/p>\n","protected":false},"featured_media":5423,"template":"","meta":{"_acf_changed":false},"product_brand":[],"product_cat":[86,85,77,81,79],"product_tag":[],"class_list":{"0":"post-5812","1":"product","2":"type-product","3":"status-publish","4":"has-post-thumbnail","6":"product_cat-anti-aging","7":"product_cat-fettige-haut","8":"product_cat-ole","9":"product_cat-top-verkaufe","10":"product_cat-trockene-haut","12":"first","13":"instock","14":"taxable","15":"shipping-taxable","16":"purchasable","17":"product-type-simple"},"bundled_by":[],"bundle_stock_status":"instock","bundle_stock_quantity":-113,"bundle_virtual":false,"bundle_layout":"","bundle_add_to_cart_form_location":"","bundle_editable_in_cart":false,"bundle_sold_individually_context":"","bundle_item_grouping":"","bundle_min_size":"","bundle_max_size":"","bundle_price":[],"bundled_items":[],"bundle_sell_ids":[],"acf":[],"_links":{"self":[{"href":"https:\/\/realearthstories.es\/de\/wp-json\/wp\/v2\/product\/5812","targetHints":{"allow":["GET"]}}],"collection":[{"href":"https:\/\/realearthstories.es\/de\/wp-json\/wp\/v2\/product"}],"about":[{"href":"https:\/\/realearthstories.es\/de\/wp-json\/wp\/v2\/types\/product"}],"wp:featuredmedia":[{"embeddable":true,"href":"https:\/\/realearthstories.es\/de\/wp-json\/wp\/v2\/media\/5423"}],"wp:attachment":[{"href":"https:\/\/realearthstories.es\/de\/wp-json\/wp\/v2\/media?parent=5812"}],"wp:term":[{"taxonomy":"product_brand","embeddable":true,"href":"https:\/\/realearthstories.es\/de\/wp-json\/wp\/v2\/product_brand?post=5812"},{"taxonomy":"product_cat","embeddable":true,"href":"https:\/\/realearthstories.es\/de\/wp-json\/wp\/v2\/product_cat?post=5812"},{"taxonomy":"product_tag","embeddable":true,"href":"https:\/\/realearthstories.es\/de\/wp-json\/wp\/v2\/product_tag?post=5812"}],"curies":[{"name":"wp","href":"https:\/\/api.w.org\/{rel}","templated":true}]}}