{"id":5811,"date":"2022-02-02T02:25:38","date_gmt":"2024-03-11T13:53:42","guid":{"rendered":"https:\/\/realearthstories.es\/tienda\/henna\/"},"modified":"2025-10-21T21:33:06","modified_gmt":"2025-10-21T21:33:06","slug":"henna","status":"publish","type":"product","link":"https:\/\/realearthstories.es\/de\/tienda\/henna\/","title":{"rendered":"Reines Henna"},"content":{"rendered":"<p><span style=\"font-weight: 400;\">Henna ist das Geschenk der Natur an Ihr Haar. Dieser pflanzliche Farbstoff wird aus Pflanzen gewonnen und ist v\u00f6llig nat\u00fcrlich und enth\u00e4lt keine sch\u00e4dlichen Chemikalien. Unser Henna st\u00e4rkt, pflegt und verbessert die allgemeine Gesundheit Ihres Haares und sorgt gleichzeitig f\u00fcr eine leuchtende, lang anhaltende Farbe.  <\/span><\/p>\n<p><span style=\"font-weight: 400;\">Durch die Verwendung von Henna vermeiden Sie die Sch\u00e4den, die durch herk\u00f6mmliche Farbstoffe verursacht werden, und genie\u00dfen zus\u00e4tzliche Vorteile wie die Verringerung von Schuppen und die Anregung des Haarwachstums. Au\u00dferdem ist Henna vielseitig und bietet eine breite Palette von Schattierungen, von tiefen Rott\u00f6nen bis hin zu dezenten Str\u00e4hnchen.<\/span><\/p>\n<p><b>Merkblatt:<\/b><\/p>\n<ul>\n<li style=\"font-weight: 400;\" aria-level=\"1\"><span style=\"font-weight: 400;\">INCI Inhaltsstoffe: Lawsonia Inermis Pulver<\/span><\/li>\n<li style=\"font-weight: 400;\" aria-level=\"1\"><span style=\"font-weight: 400;\">Gr\u00f6\u00dfe: 250g<\/span><\/li>\n<li style=\"font-weight: 400;\" aria-level=\"1\"><span style=\"font-weight: 400;\">Herkunft: Indien<\/span><\/li>\n<li style=\"font-weight: 400;\" aria-level=\"1\"><span style=\"font-weight: 400;\">Bio-Zertifizierung: Bio Vida Sana, Bio Inspecta und USDA Organic<\/span><\/li>\n<li style=\"font-weight: 400;\" aria-level=\"1\">Frei von: Parabenen, Silikonen, Zusatzstoffen, Chemikalien, Reizstoffen oder Toxinen.<\/li>\n<\/ul>\n<p><img fetchpriority=\"high\" decoding=\"async\" class=\"wp-image-2801 size-full\" src=\"https:\/\/realearthstories.es\/wp-content\/uploads\/2022\/02\/henna-hair.jpg\" alt=\"Henna f\u00fcr Haare\" width=\"2000\" height=\"640\" srcset=\"https:\/\/realearthstories.es\/wp-content\/uploads\/2022\/02\/henna-hair.jpg 2000w, https:\/\/realearthstories.es\/wp-content\/uploads\/2022\/02\/henna-hair-300x96.jpg 300w, https:\/\/realearthstories.es\/wp-content\/uploads\/2022\/02\/henna-hair-1024x328.jpg 1024w, https:\/\/realearthstories.es\/wp-content\/uploads\/2022\/02\/henna-hair-768x246.jpg 768w, https:\/\/realearthstories.es\/wp-content\/uploads\/2022\/02\/henna-hair-1536x492.jpg 1536w, https:\/\/realearthstories.es\/wp-content\/uploads\/2022\/02\/henna-hair-1000x320.jpg 1000w\" sizes=\"(max-width: 2000px) 100vw, 2000px\" \/><\/p>\n<p>&nbsp;<\/p>\n","protected":false},"excerpt":{"rendered":"<p><strong>Henna<\/strong> ist im Volksmund als nat\u00fcrliches Haarf\u00e4rbemittel bekannt, das zudem zu 100 % biologisch ist. Es kann allein verwendet werden, um einen r\u00f6tlichen Ton zu erzielen, oder in Kombination mit Indigo, um einen dunkleren &#8211; br\u00e4unlichen Ton zu erzielen. Neben seiner F\u00e4higkeit, das Haar zu f\u00e4rben, hat es auch viele andere positive Eigenschaften f\u00fcr das Haar, wie z. B. die Anregung des Haarwachstums, die Erh\u00f6hung des Glanzes, die Vorbeugung von Schuppen, die Verbesserung der St\u00e4rke der Haarfollikel und so weiter.<\/p>\n","protected":false},"featured_media":5357,"template":"","meta":{"_acf_changed":false},"product_brand":[],"product_cat":[83,82,93,78,81],"product_tag":[],"class_list":{"0":"post-5811","1":"product","2":"type-product","3":"status-publish","4":"has-post-thumbnail","6":"product_cat-gelockte-methode","7":"product_cat-manner","8":"product_cat-pflanzliche-farbstoffe","9":"product_cat-stimulieren-sie-das-haarwachstum","10":"product_cat-top-verkaufe","12":"first","13":"instock","14":"taxable","15":"shipping-taxable","16":"purchasable","17":"product-type-variable"},"bundled_by":[],"bundle_stock_status":"instock","bundle_stock_quantity":-348,"bundle_virtual":false,"bundle_layout":"","bundle_add_to_cart_form_location":"","bundle_editable_in_cart":false,"bundle_sold_individually_context":"","bundle_item_grouping":"","bundle_min_size":"","bundle_max_size":"","bundle_price":[],"bundled_items":[],"bundle_sell_ids":[],"acf":[],"_links":{"self":[{"href":"https:\/\/realearthstories.es\/de\/wp-json\/wp\/v2\/product\/5811","targetHints":{"allow":["GET"]}}],"collection":[{"href":"https:\/\/realearthstories.es\/de\/wp-json\/wp\/v2\/product"}],"about":[{"href":"https:\/\/realearthstories.es\/de\/wp-json\/wp\/v2\/types\/product"}],"wp:featuredmedia":[{"embeddable":true,"href":"https:\/\/realearthstories.es\/de\/wp-json\/wp\/v2\/media\/5357"}],"wp:attachment":[{"href":"https:\/\/realearthstories.es\/de\/wp-json\/wp\/v2\/media?parent=5811"}],"wp:term":[{"taxonomy":"product_brand","embeddable":true,"href":"https:\/\/realearthstories.es\/de\/wp-json\/wp\/v2\/product_brand?post=5811"},{"taxonomy":"product_cat","embeddable":true,"href":"https:\/\/realearthstories.es\/de\/wp-json\/wp\/v2\/product_cat?post=5811"},{"taxonomy":"product_tag","embeddable":true,"href":"https:\/\/realearthstories.es\/de\/wp-json\/wp\/v2\/product_tag?post=5811"}],"curies":[{"name":"wp","href":"https:\/\/api.w.org\/{rel}","templated":true}]}}