{"id":5808,"date":"2024-02-26T12:38:10","date_gmt":"2024-03-11T13:53:38","guid":{"rendered":"https:\/\/realearthstories.es\/tienda\/kakao-henna\/"},"modified":"2025-10-21T21:32:46","modified_gmt":"2025-10-21T21:32:46","slug":"kakao-henna","status":"publish","type":"product","link":"https:\/\/realearthstories.es\/de\/tienda\/kakao-henna\/","title":{"rendered":"Kakao-Henna"},"content":{"rendered":"<ul>\n<li><strong>INCI Inhaltsstoffe: <\/strong>Lawsonia Inermis Pulver*, Indigofera tinctoria Blattpulver*, Juglans regia Schalenpulver, Emblica officinalis Fruchtpulver*, Ziziphus jujuba Pulver, Aloe barbadensis Blattpulver* &amp; Curcuma longa Wurzelpulver. (*biologische Zutaten)<\/li>\n<li><strong>Gr\u00f6\u00dfe:<\/strong> 250g (5 Packungen \u00e0 50g)<\/li>\n<li><strong>Herkunft:<\/strong> Indien<\/li>\n<li><strong>Bio-Zertifizierung:<\/strong> Bio Vida Sana, Bio Inspecta und USDA Organic<\/li>\n<li><strong>Frei von:<\/strong> Parabenen, Silikonen, Konservierungsmitteln und chemischen Produkten.<\/li>\n<li>Verwenden Sie es in einem zweiten Schritt zum Verdunkeln. Karamell-Henna oder braunes Henna kann als erster Schritt verwendet werden. <\/li>\n<li>Diese Mischung enth\u00e4lt Waln\u00fcsse, daher sollten Sie sie nicht verwenden, wenn Sie eine Nussallergie haben.<\/li>\n<\/ul>\n","protected":false},"excerpt":{"rendered":"<p>Cocoa Henna ist ein <strong>pflanzliches F\u00e4rbemittel<\/strong> mit einer wirkungsvollen Kombination aus Henna, Indigo, Walnuss, Sidr, Aloe Vera, Kurkuma und Amla. Diese nat\u00fcrlichen Inhaltsstoffe verleihen dem Haar eine sch\u00f6ne <strong>mittelbraune Farbe (mit blonden Str\u00e4hnchen)<\/strong> und bieten gleichzeitig zahlreiche Vorteile f\u00fcr die Haargesundheit. Dies ist ein 100% nat\u00fcrlicher Pflanzenfarbstoff mit BioVidaSana-Zertifizierung, der von ayurvedischen \u00c4rzten in Indien hergestellt wird.<\/p>\n","protected":false},"featured_media":5467,"template":"","meta":{"_acf_changed":false},"product_brand":[],"product_cat":[83,93,48,81],"product_tag":[],"class_list":{"0":"post-5808","1":"product","2":"type-product","3":"status-publish","4":"has-post-thumbnail","6":"product_cat-gelockte-methode","7":"product_cat-pflanzliche-farbstoffe","8":"product_cat-rebajas","9":"product_cat-top-verkaufe","11":"first","12":"instock","13":"taxable","14":"shipping-taxable","15":"purchasable","16":"product-type-variable"},"bundled_by":[],"bundle_stock_status":"instock","bundle_stock_quantity":684,"bundle_virtual":false,"bundle_layout":"","bundle_add_to_cart_form_location":"","bundle_editable_in_cart":false,"bundle_sold_individually_context":"","bundle_item_grouping":"","bundle_min_size":"","bundle_max_size":"","bundle_price":[],"bundled_items":[],"bundle_sell_ids":[],"acf":[],"_links":{"self":[{"href":"https:\/\/realearthstories.es\/de\/wp-json\/wp\/v2\/product\/5808","targetHints":{"allow":["GET"]}}],"collection":[{"href":"https:\/\/realearthstories.es\/de\/wp-json\/wp\/v2\/product"}],"about":[{"href":"https:\/\/realearthstories.es\/de\/wp-json\/wp\/v2\/types\/product"}],"wp:featuredmedia":[{"embeddable":true,"href":"https:\/\/realearthstories.es\/de\/wp-json\/wp\/v2\/media\/5467"}],"wp:attachment":[{"href":"https:\/\/realearthstories.es\/de\/wp-json\/wp\/v2\/media?parent=5808"}],"wp:term":[{"taxonomy":"product_brand","embeddable":true,"href":"https:\/\/realearthstories.es\/de\/wp-json\/wp\/v2\/product_brand?post=5808"},{"taxonomy":"product_cat","embeddable":true,"href":"https:\/\/realearthstories.es\/de\/wp-json\/wp\/v2\/product_cat?post=5808"},{"taxonomy":"product_tag","embeddable":true,"href":"https:\/\/realearthstories.es\/de\/wp-json\/wp\/v2\/product_tag?post=5808"}],"curies":[{"name":"wp","href":"https:\/\/api.w.org\/{rel}","templated":true}]}}