{"id":5806,"date":"2024-02-26T13:16:44","date_gmt":"2024-03-11T13:53:37","guid":{"rendered":"https:\/\/realearthstories.es\/tienda\/karamell-henna\/"},"modified":"2026-01-30T18:46:01","modified_gmt":"2026-01-30T18:46:01","slug":"karamell-henna","status":"publish","type":"product","link":"https:\/\/realearthstories.es\/de\/tienda\/karamell-henna\/","title":{"rendered":"Karamell-Henna"},"content":{"rendered":"<ul>\n<li><strong><br \/>\n  <strong>INCI-Zutaten: <\/strong><br \/>\n<\/strong>Cassia Italica Blattpulver, Lawsonia Inermis Pulver*, Indigofera tinctoria Blattpulver*, Aloe barbadensis Blattpulver*, Emblica officinalis Fruchtpulver*, Ziziphus Jujuba Pulver. (*40% biologische Zutaten)<\/li>\n<li><strong>Gr\u00f6\u00dfe:<\/strong> 250g (5 Packungen \u00e0 50g)<\/li>\n<li><strong>Herkunft:<\/strong> Indien<\/li>\n<li><strong>Bio-Zertifizierung:<\/strong> Bio Vida Sana, Bio Inspecta und USDA Organic<\/li>\n<li><strong>Frei von:<\/strong> Parabenen, Silikonen, Konservierungsmitteln und chemischen Produkten.<\/li>\n<\/ul>\n","protected":false},"excerpt":{"rendered":"<p>Caramel Henna ist ein pflanzlicher <strong>Farbstoff<\/strong>, der eine wirkungsvolle Kombination aus Cassia obovata, Henna, Aloe Vera, Amla und Sidr enth\u00e4lt. Diese nat\u00fcrlichen Inhaltsstoffe verleihen dem Haar eine sch\u00f6ne <strong>hellbraune Farbe<\/strong> und bieten gleichzeitig zahlreiche Vorteile f\u00fcr die Haargesundheit. Dies ist ein 100% nat\u00fcrlicher Pflanzenfarbstoff mit BioVidaSana-Zertifizierung.<\/p>\n","protected":false},"featured_media":5473,"template":"","meta":{"_acf_changed":false},"product_brand":[],"product_cat":[83,93,48,81],"product_tag":[],"class_list":{"0":"post-5806","1":"product","2":"type-product","3":"status-publish","4":"has-post-thumbnail","6":"product_cat-gelockte-methode","7":"product_cat-pflanzliche-farbstoffe","8":"product_cat-rebajas","9":"product_cat-top-verkaufe","11":"first","12":"instock","13":"taxable","14":"shipping-taxable","15":"purchasable","16":"product-type-variable"},"bundled_by":[],"bundle_stock_status":"instock","bundle_stock_quantity":684,"bundle_virtual":false,"bundle_layout":"","bundle_add_to_cart_form_location":"","bundle_editable_in_cart":false,"bundle_sold_individually_context":"","bundle_item_grouping":"","bundle_min_size":"","bundle_max_size":"","bundle_price":[],"bundled_items":[],"bundle_sell_ids":[],"acf":[],"_links":{"self":[{"href":"https:\/\/realearthstories.es\/de\/wp-json\/wp\/v2\/product\/5806","targetHints":{"allow":["GET"]}}],"collection":[{"href":"https:\/\/realearthstories.es\/de\/wp-json\/wp\/v2\/product"}],"about":[{"href":"https:\/\/realearthstories.es\/de\/wp-json\/wp\/v2\/types\/product"}],"wp:featuredmedia":[{"embeddable":true,"href":"https:\/\/realearthstories.es\/de\/wp-json\/wp\/v2\/media\/5473"}],"wp:attachment":[{"href":"https:\/\/realearthstories.es\/de\/wp-json\/wp\/v2\/media?parent=5806"}],"wp:term":[{"taxonomy":"product_brand","embeddable":true,"href":"https:\/\/realearthstories.es\/de\/wp-json\/wp\/v2\/product_brand?post=5806"},{"taxonomy":"product_cat","embeddable":true,"href":"https:\/\/realearthstories.es\/de\/wp-json\/wp\/v2\/product_cat?post=5806"},{"taxonomy":"product_tag","embeddable":true,"href":"https:\/\/realearthstories.es\/de\/wp-json\/wp\/v2\/product_tag?post=5806"}],"curies":[{"name":"wp","href":"https:\/\/api.w.org\/{rel}","templated":true}]}}