{"id":5805,"date":"2024-02-26T13:42:26","date_gmt":"2024-03-11T13:53:37","guid":{"rendered":"https:\/\/realearthstories.es\/tienda\/shikakai-zwiebel-shampoo-500ml\/"},"modified":"2025-10-21T21:32:43","modified_gmt":"2025-10-21T21:32:43","slug":"shikakai-zwiebel-shampoo-500ml","status":"publish","type":"product","link":"https:\/\/realearthstories.es\/de\/tienda\/shikakai-zwiebel-shampoo-500ml\/","title":{"rendered":"Shikakai &amp; Zwiebel Shampoo (1l)"},"content":{"rendered":"<ul>\n<li><strong><strong>INCI-Bestandteile: <\/strong><\/strong>Aqua, Sodium lauroyl sarcosinate, Decyl glucoside, Lauryl glucoside, Cocamidopropyl betaine, Allium cepa (Onion) bulb extract, Acacia concinna (Shikakai) fruit extract, Glycerin, Zemea, Glycol distearate, Cyamopsis tetragonoloba (Guar) gum, Weizenprotein, Cetrimoniumchlorid, Phyllanthus emblica (Amla) Fruchtextrakt, Eclipta alba (Bhringraj) Extrakt, Azadirachta indica (Neem) Blattextrakt, Vetiveria zizanoides (Vetivera) Wurzelextrakt, Hibiscus sabdariffa (Hibiscus) Bl\u00fctenextrakt, Aloe barbadensis (Aloe Vera) Extrakt, Natriumbenzoat, Ethylhexylglycerin, Phyllanthus emblica (Amla) \u00d6l, Argania spinosa kernel (Argan) Oil, Nigella sativa (Black Seed) Oil, Keratin, Biotin, Salicyls\u00e4ure, Cananga odorata flower (Ylang ylang) essential oil, Natriumgluconat.<\/li>\n<li><strong>Gr\u00f6\u00dfe:<\/strong> 1000ml<\/li>\n<li><strong>Herkunft:<\/strong> Indien<\/li>\n<li><strong>Frei von:<\/strong> Parabenen, Silikonen und Konservierungsstoffen<\/li>\n<\/ul>\n","protected":false},"excerpt":{"rendered":"<p>Dieses ayurvedische Shampoo <strong>ohne Sulfate, Silikone und Parabene<\/strong> besteht aus einer Vielzahl von Pflanzen, die synergetisch zusammenwirken, um die allgemeine Gesundheit des Haares zu verbessern. Shikakai und Zwiebel sind aufgrund ihrer revitalisierenden und n\u00e4hrenden Eigenschaften f\u00fcr das Haar von gro\u00dfem Nutzen. Shikakai, ein ayurvedisches Kraut, ist bekannt f\u00fcr seine F\u00e4higkeit,<strong> die Kopfhaut sanft zu reinigen und<\/strong> <strong>Unreinheiten zu beseitigen, ohne die nat\u00fcrlichen \u00d6le auf der Kopfhaut zu entfernen<\/strong>, w\u00e4hrend die Zwiebel, die reich an Verbindungen wie Schwefel und Quercetin ist,<strong> das Haar st\u00e4rkt, das Wachstum anregt und gegen Haarausfall hilft.<\/strong> Diese nat\u00fcrlichen Inhaltsstoffe wirken synergetisch, um ges\u00fcnderes, kr\u00e4ftigeres und gl\u00e4nzenderes Haar zu f\u00f6rdern. Damit ist das Shampoo die ideale Wahl f\u00fcr alle, die eine nat\u00fcrliche, vitaminreiche und effektive Haarpflegel\u00f6sung suchen.<\/p>\n","protected":false},"featured_media":10083,"template":"","meta":{"_acf_changed":false},"product_brand":[],"product_cat":[90,92,85,83,48,88,81],"product_tag":[],"class_list":{"0":"post-5805","1":"product","2":"type-product","3":"status-publish","4":"has-post-thumbnail","6":"product_cat-5p-methode","7":"product_cat-auslass","8":"product_cat-fettige-haut","9":"product_cat-gelockte-methode","10":"product_cat-rebajas","11":"product_cat-repariert-und-staerkt-das-haar","12":"product_cat-top-verkaufe","14":"first","15":"instock","16":"taxable","17":"shipping-taxable","18":"purchasable","19":"product-type-simple"},"bundled_by":[],"bundle_stock_status":"instock","bundle_stock_quantity":356,"bundle_virtual":false,"bundle_layout":"","bundle_add_to_cart_form_location":"","bundle_editable_in_cart":false,"bundle_sold_individually_context":"","bundle_item_grouping":"","bundle_min_size":"","bundle_max_size":"","bundle_price":[],"bundled_items":[],"bundle_sell_ids":[],"acf":[],"_links":{"self":[{"href":"https:\/\/realearthstories.es\/de\/wp-json\/wp\/v2\/product\/5805","targetHints":{"allow":["GET"]}}],"collection":[{"href":"https:\/\/realearthstories.es\/de\/wp-json\/wp\/v2\/product"}],"about":[{"href":"https:\/\/realearthstories.es\/de\/wp-json\/wp\/v2\/types\/product"}],"wp:featuredmedia":[{"embeddable":true,"href":"https:\/\/realearthstories.es\/de\/wp-json\/wp\/v2\/media\/10083"}],"wp:attachment":[{"href":"https:\/\/realearthstories.es\/de\/wp-json\/wp\/v2\/media?parent=5805"}],"wp:term":[{"taxonomy":"product_brand","embeddable":true,"href":"https:\/\/realearthstories.es\/de\/wp-json\/wp\/v2\/product_brand?post=5805"},{"taxonomy":"product_cat","embeddable":true,"href":"https:\/\/realearthstories.es\/de\/wp-json\/wp\/v2\/product_cat?post=5805"},{"taxonomy":"product_tag","embeddable":true,"href":"https:\/\/realearthstories.es\/de\/wp-json\/wp\/v2\/product_tag?post=5805"}],"curies":[{"name":"wp","href":"https:\/\/api.w.org\/{rel}","templated":true}]}}