{"id":5804,"date":"2022-02-02T02:29:03","date_gmt":"2024-03-11T13:53:36","guid":{"rendered":"https:\/\/realearthstories.es\/tienda\/propriozeptiver-rumpf\/"},"modified":"2024-09-11T19:18:15","modified_gmt":"2024-09-11T19:18:15","slug":"propriozeptiver-rumpf","status":"publish","type":"product","link":"https:\/\/realearthstories.es\/de\/tienda\/propriozeptiver-rumpf\/","title":{"rendered":"Propriozeptiver Rumpf"},"content":{"rendered":"<ul>\n<li>Von der franz\u00f6sischen Hebamme Chantal Fabre-Clergue entwickelte Methode<\/li>\n<li>100% Kiefernholz<\/li>\n<li>Das Holz wird geschliffen, gekantet und mit einer Schutzbeize behandelt, die in die Poren eindringt. Dies tr\u00e4gt dazu bei, das Holz vor allem vor Flecken und Staubansammlungen zu sch\u00fctzen.<\/li>\n<li>Vollst\u00e4ndig aus einem St\u00fcck gefertigt, ohne Schneiden oder Kleben<\/li>\n<li>Gr\u00f6\u00dfe: 49,5cm x 15cm x 7,5cm<\/li>\n<li>Nicht-invasive Behandlung<\/li>\n<\/ul>\n","protected":false},"excerpt":{"rendered":"<p>Nutzen Sie den <strong>propriozeptiven Rumpf<\/strong> zur St\u00e4rkung des Beckenbodens. Das Aufsetzen der Fu\u00dfsohlen auf das Holz bewirkt eine Haltungsumstellung und damit eine unwillk\u00fcrliche Aktivierung des Haltungssystems (Tonus).<\/p>\n","protected":false},"featured_media":4713,"template":"","meta":{"_acf_changed":false},"product_brand":[],"product_cat":[48,18],"product_tag":[],"class_list":{"0":"post-5804","1":"product","2":"type-product","3":"status-publish","4":"has-post-thumbnail","6":"product_cat-rebajas","7":"product_cat-sin-categorizar","9":"first","10":"instock","11":"taxable","12":"shipping-taxable","13":"purchasable","14":"product-type-simple"},"bundled_by":[],"bundle_stock_status":"instock","bundle_stock_quantity":7,"bundle_virtual":false,"bundle_layout":"","bundle_add_to_cart_form_location":"","bundle_editable_in_cart":false,"bundle_sold_individually_context":"","bundle_item_grouping":"","bundle_min_size":"","bundle_max_size":"","bundle_price":[],"bundled_items":[],"bundle_sell_ids":[],"acf":[],"_links":{"self":[{"href":"https:\/\/realearthstories.es\/de\/wp-json\/wp\/v2\/product\/5804","targetHints":{"allow":["GET"]}}],"collection":[{"href":"https:\/\/realearthstories.es\/de\/wp-json\/wp\/v2\/product"}],"about":[{"href":"https:\/\/realearthstories.es\/de\/wp-json\/wp\/v2\/types\/product"}],"wp:featuredmedia":[{"embeddable":true,"href":"https:\/\/realearthstories.es\/de\/wp-json\/wp\/v2\/media\/4713"}],"wp:attachment":[{"href":"https:\/\/realearthstories.es\/de\/wp-json\/wp\/v2\/media?parent=5804"}],"wp:term":[{"taxonomy":"product_brand","embeddable":true,"href":"https:\/\/realearthstories.es\/de\/wp-json\/wp\/v2\/product_brand?post=5804"},{"taxonomy":"product_cat","embeddable":true,"href":"https:\/\/realearthstories.es\/de\/wp-json\/wp\/v2\/product_cat?post=5804"},{"taxonomy":"product_tag","embeddable":true,"href":"https:\/\/realearthstories.es\/de\/wp-json\/wp\/v2\/product_tag?post=5804"}],"curies":[{"name":"wp","href":"https:\/\/api.w.org\/{rel}","templated":true}]}}