{"id":5803,"date":"2023-05-22T16:27:27","date_gmt":"2024-03-11T13:53:36","guid":{"rendered":"https:\/\/realearthstories.es\/tienda\/braunes-henna\/"},"modified":"2025-03-16T22:20:41","modified_gmt":"2025-03-16T22:20:41","slug":"braunes-henna","status":"publish","type":"product","link":"https:\/\/realearthstories.es\/de\/tienda\/braunes-henna\/","title":{"rendered":"Braunes Henna"},"content":{"rendered":"<ul>\n<li>100% nat\u00fcrlich und rein<\/li>\n<li>Zutaten: Henna, Indigo und Amla<\/li>\n<li>Farbe: Mittelbraun<\/li>\n<li>Gr\u00f6\u00dfe: 250g &#8211; zum F\u00e4rben der Wurzeln 4-5 mal<\/li>\n<li>Biozertifiziert von Bio Vida Sana, Bio Inspecta und USDA Organic<\/li>\n<\/ul>\n","protected":false},"excerpt":{"rendered":"<p>Unser Brown Henna f\u00e4rbt das Haar <strong>mittelbraun<\/strong> und besteht aus Henna, Indigo und Amla. Diese Haarschl\u00e4mme bieten eine nat\u00fcrliche Alternative zum F\u00e4rben der Haare. Seine Vorteile sind vielf\u00e4ltig: Es sorgt f\u00fcr eine satte und lebendige braune Farbe, <strong>deckt graues Haar<\/strong> auf nat\u00fcrliche Weise <strong>ab<\/strong>, <strong>st\u00e4rkt das Haar<\/strong> und f\u00f6rdert eine gesunde Kopfhaut. Diese einzigartige Formel n\u00e4hrt und pflegt das Haar und verbessert seine Textur und seinen Glanz. Da braunes Henna frei von aggressiven Chemikalien ist, ist es eine sichere Option f\u00fcr alle, die Sch\u00e4den durch herk\u00f6mmliche chemische Farbstoffe vermeiden wollen. Verleihen Sie Ihrem Haar einen Hauch von nat\u00fcrlicher Farbe und pflegen Sie gleichzeitig seine Gesundheit und Sch\u00f6nheit mit kastanienbraunem Henna.<\/p>\n","protected":false},"featured_media":5163,"template":"","meta":{"_acf_changed":false},"product_brand":[],"product_cat":[83,93,81],"product_tag":[],"class_list":{"0":"post-5803","1":"product","2":"type-product","3":"status-publish","4":"has-post-thumbnail","6":"product_cat-gelockte-methode","7":"product_cat-pflanzliche-farbstoffe","8":"product_cat-top-verkaufe","10":"first","11":"instock","12":"taxable","13":"shipping-taxable","14":"purchasable","15":"product-type-variable"},"bundled_by":[],"bundle_stock_status":"instock","bundle_stock_quantity":1500,"bundle_virtual":false,"bundle_layout":"","bundle_add_to_cart_form_location":"","bundle_editable_in_cart":false,"bundle_sold_individually_context":"","bundle_item_grouping":"","bundle_min_size":"","bundle_max_size":"","bundle_price":[],"bundled_items":[],"bundle_sell_ids":[],"acf":[],"_links":{"self":[{"href":"https:\/\/realearthstories.es\/de\/wp-json\/wp\/v2\/product\/5803","targetHints":{"allow":["GET"]}}],"collection":[{"href":"https:\/\/realearthstories.es\/de\/wp-json\/wp\/v2\/product"}],"about":[{"href":"https:\/\/realearthstories.es\/de\/wp-json\/wp\/v2\/types\/product"}],"wp:featuredmedia":[{"embeddable":true,"href":"https:\/\/realearthstories.es\/de\/wp-json\/wp\/v2\/media\/5163"}],"wp:attachment":[{"href":"https:\/\/realearthstories.es\/de\/wp-json\/wp\/v2\/media?parent=5803"}],"wp:term":[{"taxonomy":"product_brand","embeddable":true,"href":"https:\/\/realearthstories.es\/de\/wp-json\/wp\/v2\/product_brand?post=5803"},{"taxonomy":"product_cat","embeddable":true,"href":"https:\/\/realearthstories.es\/de\/wp-json\/wp\/v2\/product_cat?post=5803"},{"taxonomy":"product_tag","embeddable":true,"href":"https:\/\/realearthstories.es\/de\/wp-json\/wp\/v2\/product_tag?post=5803"}],"curies":[{"name":"wp","href":"https:\/\/api.w.org\/{rel}","templated":true}]}}