{"id":5802,"date":"2022-09-13T12:20:11","date_gmt":"2024-03-11T13:53:35","guid":{"rendered":"https:\/\/realearthstories.es\/tienda\/cassia-obovata\/"},"modified":"2026-01-14T14:38:22","modified_gmt":"2026-01-14T14:38:22","slug":"cassia-obovata","status":"publish","type":"product","link":"https:\/\/realearthstories.es\/de\/tienda\/cassia-obovata\/","title":{"rendered":"Cassia obovata"},"content":{"rendered":"<ul>\n<li aria-level=\"1\">INCI-Inhaltsstoffe: Cassia Italica Blattpulver<\/li>\n<li aria-level=\"1\">Gr\u00f6\u00dfe: 250g<\/li>\n<li aria-level=\"1\">Herkunft: Indien<\/li>\n<li aria-level=\"1\">Bio-Zertifizierung: USDA Organic at origin<\/li>\n<li aria-level=\"1\">Frei von: Parabenen, Silikonen, Konservierungsmitteln und chemischen Produkten.<\/li>\n<\/ul>\n<p><img fetchpriority=\"high\" decoding=\"async\" class=\"wp-image-2837 size-full\" src=\"https:\/\/realearthstories.es\/wp-content\/uploads\/2022\/09\/cassia-obovata-plant.jpg\" alt=\"Cassia obovata\" width=\"2000\" height=\"640\" srcset=\"https:\/\/realearthstories.es\/wp-content\/uploads\/2022\/09\/cassia-obovata-plant.jpg 2000w, https:\/\/realearthstories.es\/wp-content\/uploads\/2022\/09\/cassia-obovata-plant-300x96.jpg 300w, https:\/\/realearthstories.es\/wp-content\/uploads\/2022\/09\/cassia-obovata-plant-1024x328.jpg 1024w, https:\/\/realearthstories.es\/wp-content\/uploads\/2022\/09\/cassia-obovata-plant-768x246.jpg 768w, https:\/\/realearthstories.es\/wp-content\/uploads\/2022\/09\/cassia-obovata-plant-1536x492.jpg 1536w, https:\/\/realearthstories.es\/wp-content\/uploads\/2022\/09\/cassia-obovata-plant-1000x320.jpg 1000w\" sizes=\"(max-width: 2000px) 100vw, 2000px\" \/><\/p>\n","protected":false},"excerpt":{"rendered":"<p>Unser Cassia Obovata, auch bekannt als Senna und Henna Neutra, ist ein indisches Kraut, das dem Haar goldene Highlights verleiht, die Haarwurzeln st\u00e4rkt und das Haarwachstum stimuliert. Als Maske verleiht es dem Haar Glanz und pflegt es, so dass es stark, gesund und seidig wird. Sie kann auch in Kombination mit anderen Pflanzen verwendet werden, um das Haar hellblond zu f\u00e4rben, aber auf dunklem Haar f\u00e4llt diese subtile F\u00e4rbung nicht auf.<\/p>\n<pre id=\"tw-target-text\" class=\"tw-data-text tw-text-large tw-ta\" dir=\"ltr\" data-placeholder=\"Translation\"><\/pre>\n","protected":false},"featured_media":5337,"template":"","meta":{"_acf_changed":false},"product_brand":[],"product_cat":[86,92,87,83,82,93,48,88,81],"product_tag":[],"class_list":{"0":"post-5802","1":"product","2":"type-product","3":"status-publish","4":"has-post-thumbnail","6":"product_cat-anti-aging","7":"product_cat-auslass","8":"product_cat-ayurveda-kosmetik","9":"product_cat-gelockte-methode","10":"product_cat-manner","11":"product_cat-pflanzliche-farbstoffe","12":"product_cat-rebajas","13":"product_cat-repariert-und-staerkt-das-haar","14":"product_cat-top-verkaufe","16":"first","17":"instock","18":"taxable","19":"shipping-taxable","20":"purchasable","21":"product-type-simple"},"bundled_by":[],"bundle_stock_status":"instock","bundle_stock_quantity":289,"bundle_virtual":false,"bundle_layout":"","bundle_add_to_cart_form_location":"","bundle_editable_in_cart":false,"bundle_sold_individually_context":"","bundle_item_grouping":"","bundle_min_size":"","bundle_max_size":"","bundle_price":[],"bundled_items":[],"bundle_sell_ids":[],"acf":[],"_links":{"self":[{"href":"https:\/\/realearthstories.es\/de\/wp-json\/wp\/v2\/product\/5802","targetHints":{"allow":["GET"]}}],"collection":[{"href":"https:\/\/realearthstories.es\/de\/wp-json\/wp\/v2\/product"}],"about":[{"href":"https:\/\/realearthstories.es\/de\/wp-json\/wp\/v2\/types\/product"}],"wp:featuredmedia":[{"embeddable":true,"href":"https:\/\/realearthstories.es\/de\/wp-json\/wp\/v2\/media\/5337"}],"wp:attachment":[{"href":"https:\/\/realearthstories.es\/de\/wp-json\/wp\/v2\/media?parent=5802"}],"wp:term":[{"taxonomy":"product_brand","embeddable":true,"href":"https:\/\/realearthstories.es\/de\/wp-json\/wp\/v2\/product_brand?post=5802"},{"taxonomy":"product_cat","embeddable":true,"href":"https:\/\/realearthstories.es\/de\/wp-json\/wp\/v2\/product_cat?post=5802"},{"taxonomy":"product_tag","embeddable":true,"href":"https:\/\/realearthstories.es\/de\/wp-json\/wp\/v2\/product_tag?post=5802"}],"curies":[{"name":"wp","href":"https:\/\/api.w.org\/{rel}","templated":true}]}}