{"id":5801,"date":"2022-06-07T10:18:31","date_gmt":"2024-03-11T13:53:33","guid":{"rendered":"https:\/\/realearthstories.es\/tienda\/gond-katira\/"},"modified":"2025-10-21T21:33:03","modified_gmt":"2025-10-21T21:33:03","slug":"gond-katira","status":"publish","type":"product","link":"https:\/\/realearthstories.es\/de\/tienda\/gond-katira\/","title":{"rendered":"Gond Katira"},"content":{"rendered":"<ul>\n<li>Gond Katira kommt in Pulverform<\/li>\n<li>Auch bekannt als Indischer Tragant oder Karaya-Gummi.<\/li>\n<li>250-Gramm-Packung<\/li>\n<li>Indischer Herkunft<\/li>\n<li>100% nat\u00fcrlich<\/li>\n<li>Parabenfrei, silikonfrei und alkoholfrei<\/li>\n<\/ul>\n<p>&nbsp;<\/p>\n","protected":false},"excerpt":{"rendered":"<p>Gond katira ist ein nat\u00fcrliches Harz, das aus der Astragalus-Pflanze gewonnen wird. Seine gelartige Konsistenz bietet feuchtigkeitsspendende Eigenschaften und hilft, Haut und Haar weich und geschmeidig zu halten. In der Haut wird dieser Inhaltsstoff traditionell zur Linderung von Sonnenbrand, Hautreizungen und Juckreiz eingesetzt. Dar\u00fcber hinaus hilft seine F\u00e4higkeit, einen Film auf Haar und Haut zu bilden, die Feuchtigkeit zu speichern. Kann als Fixiergel oder als Leave-in f\u00fcr lockiges Haar verwendet werden, um die Elastizit\u00e4t des Haares zu erhalten.<\/p>\n","protected":false},"featured_media":5347,"template":"","meta":{"_acf_changed":false},"product_brand":[],"product_cat":[87,83,88,79],"product_tag":[],"class_list":{"0":"post-5801","1":"product","2":"type-product","3":"status-publish","4":"has-post-thumbnail","6":"product_cat-ayurveda-kosmetik","7":"product_cat-gelockte-methode","8":"product_cat-repariert-und-staerkt-das-haar","9":"product_cat-trockene-haut","11":"first","12":"instock","13":"taxable","14":"shipping-taxable","15":"purchasable","16":"product-type-simple"},"bundled_by":[],"bundle_stock_status":"instock","bundle_stock_quantity":-45,"bundle_virtual":false,"bundle_layout":"","bundle_add_to_cart_form_location":"","bundle_editable_in_cart":false,"bundle_sold_individually_context":"","bundle_item_grouping":"","bundle_min_size":"","bundle_max_size":"","bundle_price":[],"bundled_items":[],"bundle_sell_ids":[],"acf":[],"_links":{"self":[{"href":"https:\/\/realearthstories.es\/de\/wp-json\/wp\/v2\/product\/5801","targetHints":{"allow":["GET"]}}],"collection":[{"href":"https:\/\/realearthstories.es\/de\/wp-json\/wp\/v2\/product"}],"about":[{"href":"https:\/\/realearthstories.es\/de\/wp-json\/wp\/v2\/types\/product"}],"wp:featuredmedia":[{"embeddable":true,"href":"https:\/\/realearthstories.es\/de\/wp-json\/wp\/v2\/media\/5347"}],"wp:attachment":[{"href":"https:\/\/realearthstories.es\/de\/wp-json\/wp\/v2\/media?parent=5801"}],"wp:term":[{"taxonomy":"product_brand","embeddable":true,"href":"https:\/\/realearthstories.es\/de\/wp-json\/wp\/v2\/product_brand?post=5801"},{"taxonomy":"product_cat","embeddable":true,"href":"https:\/\/realearthstories.es\/de\/wp-json\/wp\/v2\/product_cat?post=5801"},{"taxonomy":"product_tag","embeddable":true,"href":"https:\/\/realearthstories.es\/de\/wp-json\/wp\/v2\/product_tag?post=5801"}],"curies":[{"name":"wp","href":"https:\/\/api.w.org\/{rel}","templated":true}]}}