{"id":5799,"date":"2022-12-29T10:11:04","date_gmt":"2024-03-11T13:53:32","guid":{"rendered":"https:\/\/realearthstories.es\/tienda\/diamantroller-holztherapie\/"},"modified":"2025-10-21T21:32:53","modified_gmt":"2025-10-21T21:32:53","slug":"diamantroller-holztherapie","status":"publish","type":"product","link":"https:\/\/realearthstories.es\/de\/tienda\/diamantroller-holztherapie\/","title":{"rendered":"Diamantroller Holztherapie"},"content":{"rendered":"<p><strong>Eigenschaften:<\/strong><\/p>\n<ul>\n<li>100% nat\u00fcrliches Urap\u00e1n-Holz<\/li>\n<li>Hochwertig behandeltes Holz<\/li>\n<li>Handgefertigtes Produkt<\/li>\n<li>Durchmesser: 6 cm<\/li>\n<li>L\u00e4nge: 41 cm<\/li>\n<li>Herkunft: Kolumbien<\/li>\n<li>Nicht-invasive Massage<\/li>\n<\/ul>\n","protected":false},"excerpt":{"rendered":"<p>Eigenschaften: 100% nat\u00fcrliches Urap\u00e1n-Holz Hochwertig behandeltes Holz Handgefertigtes Produkt Durchmesser: 6 cm L\u00e4nge: 41 cm Herkunft: Kolumbien Nicht-invasive Massage<\/p>\n","protected":false},"featured_media":4985,"template":"","meta":{"_acf_changed":false},"product_brand":[],"product_cat":[73,82,76],"product_tag":[],"class_list":{"0":"post-5799","1":"product","2":"type-product","3":"status-publish","4":"has-post-thumbnail","6":"product_cat-holztherapie","7":"product_cat-manner","8":"product_cat-massagen","10":"first","11":"instock","12":"taxable","13":"shipping-taxable","14":"purchasable","15":"product-type-simple"},"bundled_by":[],"bundle_stock_status":"instock","bundle_stock_quantity":null,"bundle_virtual":false,"bundle_layout":"","bundle_add_to_cart_form_location":"","bundle_editable_in_cart":false,"bundle_sold_individually_context":"","bundle_item_grouping":"","bundle_min_size":"","bundle_max_size":"","bundle_price":[],"bundled_items":[],"bundle_sell_ids":[],"acf":[],"_links":{"self":[{"href":"https:\/\/realearthstories.es\/de\/wp-json\/wp\/v2\/product\/5799","targetHints":{"allow":["GET"]}}],"collection":[{"href":"https:\/\/realearthstories.es\/de\/wp-json\/wp\/v2\/product"}],"about":[{"href":"https:\/\/realearthstories.es\/de\/wp-json\/wp\/v2\/types\/product"}],"wp:featuredmedia":[{"embeddable":true,"href":"https:\/\/realearthstories.es\/de\/wp-json\/wp\/v2\/media\/4985"}],"wp:attachment":[{"href":"https:\/\/realearthstories.es\/de\/wp-json\/wp\/v2\/media?parent=5799"}],"wp:term":[{"taxonomy":"product_brand","embeddable":true,"href":"https:\/\/realearthstories.es\/de\/wp-json\/wp\/v2\/product_brand?post=5799"},{"taxonomy":"product_cat","embeddable":true,"href":"https:\/\/realearthstories.es\/de\/wp-json\/wp\/v2\/product_cat?post=5799"},{"taxonomy":"product_tag","embeddable":true,"href":"https:\/\/realearthstories.es\/de\/wp-json\/wp\/v2\/product_tag?post=5799"}],"curies":[{"name":"wp","href":"https:\/\/api.w.org\/{rel}","templated":true}]}}