{"id":5798,"date":"2023-05-22T21:34:29","date_gmt":"2024-03-11T13:53:32","guid":{"rendered":"https:\/\/realearthstories.es\/tienda\/schwarzes-henna\/"},"modified":"2025-10-21T21:32:49","modified_gmt":"2025-10-21T21:32:49","slug":"schwarzes-henna","status":"publish","type":"product","link":"https:\/\/realearthstories.es\/de\/tienda\/schwarzes-henna\/","title":{"rendered":"Schwarzes Henna"},"content":{"rendered":"<ul>\n<li><strong>INCI Inhaltsstoffe:<\/strong> Indigofera Tinctoia Pulver; Lawsonia Inermis Pulver; Phyllanthus Emblica Fruchtpulver<\/li>\n<li><strong>Gr\u00f6\u00dfe:<\/strong> 250g (5 Packungen \u00e0 50g)<\/li>\n<li><strong>Herkunft:<\/strong> Indien<\/li>\n<li><strong>Bio-Zertifizierung:<\/strong> Bio Vida Sana, Bio Inspecta und USDA Organic<\/li>\n<li><strong>Frei von:<\/strong> Parabenen, Silikonen, Konservierungsmitteln und chemischen Produkten.<\/li>\n<\/ul>\n","protected":false},"excerpt":{"rendered":"<p>Unser Black Henna besteht aus Indigo, Henna und Amla und bietet eine nat\u00fcrliche und sichere M\u00f6glichkeit, Ihr Haar<strong> dunkelbraun<\/strong> zu f\u00e4rben. Seine Vorteile sind bemerkenswert: Es sorgt f\u00fcr eine lang anhaltende Farbe, deckt graues Haar auf nat\u00fcrliche Weise ab, st\u00e4rkt und pflegt das Haar. Diese 100% pflanzliche und biologische Formel pflegt das Haar und verbessert seine Textur und seinen Glanz. Da schwarzes Henna frei von aggressiven Chemikalien ist, ist es die ideale Wahl f\u00fcr alle, die ihre Haarfarbe ver\u00e4ndern wollen, ohne ihr Haar zu besch\u00e4digen.<\/p>\n","protected":false},"featured_media":5177,"template":"","meta":{"_acf_changed":false},"product_brand":[],"product_cat":[89,93,81],"product_tag":[],"class_list":{"0":"post-5798","1":"product","2":"type-product","3":"status-publish","4":"has-post-thumbnail","6":"product_cat-nachrichten","7":"product_cat-pflanzliche-farbstoffe","8":"product_cat-top-verkaufe","10":"first","11":"instock","12":"taxable","13":"shipping-taxable","14":"purchasable","15":"product-type-variable"},"bundled_by":[],"bundle_stock_status":"instock","bundle_stock_quantity":-303,"bundle_virtual":false,"bundle_layout":"","bundle_add_to_cart_form_location":"","bundle_editable_in_cart":false,"bundle_sold_individually_context":"","bundle_item_grouping":"","bundle_min_size":"","bundle_max_size":"","bundle_price":[],"bundled_items":[],"bundle_sell_ids":[],"acf":[],"_links":{"self":[{"href":"https:\/\/realearthstories.es\/de\/wp-json\/wp\/v2\/product\/5798","targetHints":{"allow":["GET"]}}],"collection":[{"href":"https:\/\/realearthstories.es\/de\/wp-json\/wp\/v2\/product"}],"about":[{"href":"https:\/\/realearthstories.es\/de\/wp-json\/wp\/v2\/types\/product"}],"wp:featuredmedia":[{"embeddable":true,"href":"https:\/\/realearthstories.es\/de\/wp-json\/wp\/v2\/media\/5177"}],"wp:attachment":[{"href":"https:\/\/realearthstories.es\/de\/wp-json\/wp\/v2\/media?parent=5798"}],"wp:term":[{"taxonomy":"product_brand","embeddable":true,"href":"https:\/\/realearthstories.es\/de\/wp-json\/wp\/v2\/product_brand?post=5798"},{"taxonomy":"product_cat","embeddable":true,"href":"https:\/\/realearthstories.es\/de\/wp-json\/wp\/v2\/product_cat?post=5798"},{"taxonomy":"product_tag","embeddable":true,"href":"https:\/\/realearthstories.es\/de\/wp-json\/wp\/v2\/product_tag?post=5798"}],"curies":[{"name":"wp","href":"https:\/\/api.w.org\/{rel}","templated":true}]}}