{"id":5797,"date":"2023-05-22T16:44:03","date_gmt":"2024-03-11T13:53:30","guid":{"rendered":"https:\/\/realearthstories.es\/tienda\/blondes-henna\/"},"modified":"2025-10-21T21:32:43","modified_gmt":"2025-10-21T21:32:43","slug":"blondes-henna","status":"publish","type":"product","link":"https:\/\/realearthstories.es\/de\/tienda\/blondes-henna\/","title":{"rendered":"Blondes Henna"},"content":{"rendered":"<ul>\n<li aria-level=\"1\"><strong>INCI Inhaltsstoffe: <\/strong>Cassia Obovata Blattpulver, Lawsonia Inermis Pulver &amp; Matricaria Recutita Blattpulver.<\/li>\n<li aria-level=\"1\"><strong>Gr\u00f6\u00dfe:<\/strong> 250g<\/li>\n<li aria-level=\"1\"><strong>Herkunft:<\/strong> Indien<\/li>\n<li aria-level=\"1\"><strong>Bio-Zertifizierung:<\/strong> Bio Vida Sana, Bio Inspecta und USDA Organic<\/li>\n<li aria-level=\"1\"><strong>Frei von:<\/strong> Parabenen, Silikonen, Konservierungsmitteln und chemischen Produkten.<\/li>\n<\/ul>\n<p><img fetchpriority=\"high\" decoding=\"async\" class=\"alignnone wp-image-2854 size-full\" src=\"https:\/\/realearthstories.es\/wp-content\/uploads\/2023\/05\/cassia-obovata.jpg\" alt=\"\" width=\"1920\" height=\"307\" srcset=\"https:\/\/realearthstories.es\/wp-content\/uploads\/2023\/05\/cassia-obovata.jpg 1920w, https:\/\/realearthstories.es\/wp-content\/uploads\/2023\/05\/cassia-obovata-300x48.jpg 300w, https:\/\/realearthstories.es\/wp-content\/uploads\/2023\/05\/cassia-obovata-1024x164.jpg 1024w, https:\/\/realearthstories.es\/wp-content\/uploads\/2023\/05\/cassia-obovata-768x123.jpg 768w, https:\/\/realearthstories.es\/wp-content\/uploads\/2023\/05\/cassia-obovata-1536x246.jpg 1536w, https:\/\/realearthstories.es\/wp-content\/uploads\/2023\/05\/cassia-obovata-1000x160.jpg 1000w\" sizes=\"(max-width: 1920px) 100vw, 1920px\" \/><\/p>\n<p><img decoding=\"async\" class=\"alignnone wp-image-2855 size-full\" src=\"https:\/\/realearthstories.es\/wp-content\/uploads\/2023\/05\/manzanilla-1.jpg\" alt=\"\" width=\"2000\" height=\"320\" srcset=\"https:\/\/realearthstories.es\/wp-content\/uploads\/2023\/05\/manzanilla-1.jpg 2000w, https:\/\/realearthstories.es\/wp-content\/uploads\/2023\/05\/manzanilla-1-300x48.jpg 300w, https:\/\/realearthstories.es\/wp-content\/uploads\/2023\/05\/manzanilla-1-1024x164.jpg 1024w, https:\/\/realearthstories.es\/wp-content\/uploads\/2023\/05\/manzanilla-1-768x123.jpg 768w, https:\/\/realearthstories.es\/wp-content\/uploads\/2023\/05\/manzanilla-1-1536x246.jpg 1536w, https:\/\/realearthstories.es\/wp-content\/uploads\/2023\/05\/manzanilla-1-1000x160.jpg 1000w\" sizes=\"(max-width: 2000px) 100vw, 2000px\" \/><\/p>\n<p><img decoding=\"async\" class=\"alignnone wp-image-2856 size-full\" src=\"https:\/\/realearthstories.es\/wp-content\/uploads\/2023\/05\/henna-2.jpg\" alt=\"\" width=\"2000\" height=\"320\" srcset=\"https:\/\/realearthstories.es\/wp-content\/uploads\/2023\/05\/henna-2.jpg 2000w, https:\/\/realearthstories.es\/wp-content\/uploads\/2023\/05\/henna-2-300x48.jpg 300w, https:\/\/realearthstories.es\/wp-content\/uploads\/2023\/05\/henna-2-1024x164.jpg 1024w, https:\/\/realearthstories.es\/wp-content\/uploads\/2023\/05\/henna-2-768x123.jpg 768w, https:\/\/realearthstories.es\/wp-content\/uploads\/2023\/05\/henna-2-1536x246.jpg 1536w, https:\/\/realearthstories.es\/wp-content\/uploads\/2023\/05\/henna-2-1000x160.jpg 1000w\" sizes=\"(max-width: 2000px) 100vw, 2000px\" \/><\/p>\n<p>&nbsp;<\/p>\n<p>&nbsp;<\/p>\n<p>&nbsp;<\/p>\n","protected":false},"excerpt":{"rendered":"<p>Unser blondes Henna, das aus Henna, Cassia obovata und Kamille besteht, bietet eine nat\u00fcrliche, biologische und sichere M\u00f6glichkeit, <strong>Ihr Haar blond zu f\u00e4rben<\/strong>. Seine Vorteile sind vielf\u00e4ltig: Es sorgt f\u00fcr einen sch\u00f6nen goldblonden Farbton, deckt graues Haar auf nat\u00fcrliche Weise ab, st\u00e4rkt und pflegt das Haar. Diese <strong>von BioInspecta zertifizierte<\/strong> Formel f\u00e4rbt das Haar nicht nur, sondern pflegt es auch und verbessert seine Textur und seinen Glanz. Blondes Henna ist eine ideale Option, um graue Haare abzudecken, wenn Sie blondes Haar haben, aber es ist wichtig zu beachten, dass Henna dunkles Haar nicht aufhellt, da es keine Chemikalien enth\u00e4lt. Erleben Sie die Faszination von strahlend blondem Haar, wenn Sie Ihre M\u00e4hne mit blondem Henna pflegen und versch\u00f6nern.<\/p>\n","protected":false},"featured_media":5169,"template":"","meta":{"_acf_changed":false},"product_brand":[],"product_cat":[93,48],"product_tag":[],"class_list":{"0":"post-5797","1":"product","2":"type-product","3":"status-publish","4":"has-post-thumbnail","6":"product_cat-pflanzliche-farbstoffe","7":"product_cat-rebajas","9":"first","10":"instock","11":"taxable","12":"shipping-taxable","13":"purchasable","14":"product-type-variable"},"bundled_by":[],"bundle_stock_status":"instock","bundle_stock_quantity":-22,"bundle_virtual":false,"bundle_layout":"","bundle_add_to_cart_form_location":"","bundle_editable_in_cart":false,"bundle_sold_individually_context":"","bundle_item_grouping":"","bundle_min_size":"","bundle_max_size":"","bundle_price":[],"bundled_items":[],"bundle_sell_ids":[],"acf":[],"_links":{"self":[{"href":"https:\/\/realearthstories.es\/de\/wp-json\/wp\/v2\/product\/5797","targetHints":{"allow":["GET"]}}],"collection":[{"href":"https:\/\/realearthstories.es\/de\/wp-json\/wp\/v2\/product"}],"about":[{"href":"https:\/\/realearthstories.es\/de\/wp-json\/wp\/v2\/types\/product"}],"wp:featuredmedia":[{"embeddable":true,"href":"https:\/\/realearthstories.es\/de\/wp-json\/wp\/v2\/media\/5169"}],"wp:attachment":[{"href":"https:\/\/realearthstories.es\/de\/wp-json\/wp\/v2\/media?parent=5797"}],"wp:term":[{"taxonomy":"product_brand","embeddable":true,"href":"https:\/\/realearthstories.es\/de\/wp-json\/wp\/v2\/product_brand?post=5797"},{"taxonomy":"product_cat","embeddable":true,"href":"https:\/\/realearthstories.es\/de\/wp-json\/wp\/v2\/product_cat?post=5797"},{"taxonomy":"product_tag","embeddable":true,"href":"https:\/\/realearthstories.es\/de\/wp-json\/wp\/v2\/product_tag?post=5797"}],"curies":[{"name":"wp","href":"https:\/\/api.w.org\/{rel}","templated":true}]}}