{"id":5796,"date":"2023-01-13T13:03:00","date_gmt":"2024-03-11T13:53:28","guid":{"rendered":"https:\/\/realearthstories.es\/tienda\/neemoel\/"},"modified":"2025-10-21T21:32:52","modified_gmt":"2025-10-21T21:32:52","slug":"neemoel","status":"publish","type":"product","link":"https:\/\/realearthstories.es\/de\/tienda\/neemoel\/","title":{"rendered":"Neem\u00f6l"},"content":{"rendered":"<p><strong>INCI:<\/strong> Azadirachta-Samen\u00f6l<\/p>\n<p><strong>Gr\u00f6\u00dfe:<\/strong> 100ml<\/p>\n<p><strong>Herkunft:<\/strong> Indien<\/p>\n","protected":false},"excerpt":{"rendered":"<p>Neem\u00f6l, das aus den Samen des Neembaums gewonnen wird, hat <strong>antibakterielle und antimykotische Eigenschaften<\/strong> und ist ein <strong>wirksames<\/strong> Mittel <strong>gegen Akne, Ekzeme und Schuppen<\/strong>. Seine entz\u00fcndungshemmenden Eigenschaften lindern Hautreizungen und verschaffen der betroffenen Haut Linderung. Au\u00dferdem wirkt es feuchtigkeitsspendend, h\u00e4lt die Haut weich und bek\u00e4mpft trockene Kopfhaut. Seine F\u00e4higkeit, die Talgproduktion zu regulieren, macht es zu einem Verb\u00fcndeten gegen \u00d6l und Schuppen. Es dient auch als <strong>nat\u00fcrliches Insektenschutzmittel<\/strong>. Eine Verd\u00fcnnung vor der Anwendung und ein Patch-Test sind unerl\u00e4sslich, um allergische Reaktionen zu vermeiden.<\/p>\n","protected":false},"featured_media":10090,"template":"","meta":{"_acf_changed":false},"product_brand":[],"product_cat":[82,76,89,77,48,88],"product_tag":[],"class_list":{"0":"post-5796","1":"product","2":"type-product","3":"status-publish","4":"has-post-thumbnail","6":"product_cat-manner","7":"product_cat-massagen","8":"product_cat-nachrichten","9":"product_cat-ole","10":"product_cat-rebajas","11":"product_cat-repariert-und-staerkt-das-haar","13":"first","14":"instock","15":"taxable","16":"shipping-taxable","17":"purchasable","18":"product-type-simple"},"bundled_by":[],"bundle_stock_status":"instock","bundle_stock_quantity":-61,"bundle_virtual":false,"bundle_layout":"","bundle_add_to_cart_form_location":"","bundle_editable_in_cart":false,"bundle_sold_individually_context":"","bundle_item_grouping":"","bundle_min_size":"","bundle_max_size":"","bundle_price":[],"bundled_items":[],"bundle_sell_ids":[],"acf":[],"_links":{"self":[{"href":"https:\/\/realearthstories.es\/de\/wp-json\/wp\/v2\/product\/5796","targetHints":{"allow":["GET"]}}],"collection":[{"href":"https:\/\/realearthstories.es\/de\/wp-json\/wp\/v2\/product"}],"about":[{"href":"https:\/\/realearthstories.es\/de\/wp-json\/wp\/v2\/types\/product"}],"wp:featuredmedia":[{"embeddable":true,"href":"https:\/\/realearthstories.es\/de\/wp-json\/wp\/v2\/media\/10090"}],"wp:attachment":[{"href":"https:\/\/realearthstories.es\/de\/wp-json\/wp\/v2\/media?parent=5796"}],"wp:term":[{"taxonomy":"product_brand","embeddable":true,"href":"https:\/\/realearthstories.es\/de\/wp-json\/wp\/v2\/product_brand?post=5796"},{"taxonomy":"product_cat","embeddable":true,"href":"https:\/\/realearthstories.es\/de\/wp-json\/wp\/v2\/product_cat?post=5796"},{"taxonomy":"product_tag","embeddable":true,"href":"https:\/\/realearthstories.es\/de\/wp-json\/wp\/v2\/product_tag?post=5796"}],"curies":[{"name":"wp","href":"https:\/\/api.w.org\/{rel}","templated":true}]}}