{"id":5795,"date":"2022-02-02T02:30:15","date_gmt":"2024-03-11T13:53:28","guid":{"rendered":"https:\/\/realearthstories.es\/tienda\/propriozeptiver-rumpf-winner-flow\/"},"modified":"2024-03-18T09:41:00","modified_gmt":"2024-03-18T09:41:00","slug":"propriozeptiver-rumpf-winner-flow","status":"publish","type":"product","link":"https:\/\/realearthstories.es\/de\/tienda\/propriozeptiver-rumpf-winner-flow\/","title":{"rendered":"Propriozeptiver Rumpf + Winner Flow"},"content":{"rendered":"<p><strong>Eigenschaften Propriozeptiver R\u00fcssel (Wood-roller):<\/strong><\/p>\n<ul>\n<li>Von der franz\u00f6sischen Hebamme Chantal Fabre-Clergue entwickelte Methode<\/li>\n<li>100% Kiefernholz<\/li>\n<li>Das Holz wird geschliffen, gekantet und mit einer Schutzbeize behandelt, die in die Poren eindringt. Dies tr\u00e4gt dazu bei, das Holz vor allem vor Flecken und Staubansammlungen zu sch\u00fctzen.<\/li>\n<li>Vollst\u00e4ndig aus einem St\u00fcck gefertigt, ohne Schneiden oder Kleben<\/li>\n<li>Gr\u00f6\u00dfe: 49,5cm x 15cm x 7,5<\/li>\n<li>Nicht-invasive Behandlung<\/li>\n<\/ul>\n<p><strong>Winner Flow Eigenschaften:<\/strong><\/p>\n<ul>\n<li>Material: hypoallergenes Polycarbonat<\/li>\n<li>Funktion: Winner Flow ist ein Ausatmungsmundst\u00fcck, das bei Atem\u00fcbungen verwendet wird, um einen konstanten Atemfluss zu gew\u00e4hrleisten. Widerstand, der durch das Ansaugen und Ablassen von Luft entsteht<\/li>\n<li>W\u00e4hrend der Wehen: Die aktive Einatmung durch die Nase sorgt f\u00fcr das Absenken der Zwerchfellkuppeln, die durch die Ausatmung im Winner Flow langsamer ansteigen. Diese l\u00e4ngere Ausatmung zwingt die Bauchdecke, sich st\u00e4rker zusammenzuziehen, um den F\u00f6tus auszusto\u00dfen, w\u00e4hrend Blase und Geb\u00e4rmutter in der Bauchh\u00f6hle bleiben.<\/li>\n<\/ul>\n","protected":false},"excerpt":{"rendered":"<p>Eigenschaften Propriozeptiver R\u00fcssel (Wood-roller): Von der franz\u00f6sischen Hebamme Chantal Fabre-Clergue entwickelte Methode 100% Kiefernholz Das Holz wird geschliffen, gekantet und mit einer Schutzbeize behandelt, die in die Poren eindringt. Dies tr\u00e4gt dazu bei, das Holz vor allem vor Flecken und Staubansammlungen zu sch\u00fctzen. Vollst\u00e4ndig aus einem St\u00fcck gefertigt, ohne Schneiden oder Kleben Gr\u00f6\u00dfe: 49,5cm x &#8230; <a title=\"Propriozeptiver Rumpf + Winner Flow\" class=\"read-more\" href=\"https:\/\/realearthstories.es\/de\/tienda\/propriozeptiver-rumpf-winner-flow\/\" aria-label=\"Mehr Informationen \u00fcber Propriozeptiver Rumpf + Winner Flow\">Weiterlesen<\/a><\/p>\n","protected":false},"featured_media":4335,"template":"","meta":{"_acf_changed":false},"product_brand":[],"product_cat":[90,91,81],"product_tag":[],"class_list":{"0":"post-5795","1":"product","2":"type-product","3":"status-publish","4":"has-post-thumbnail","6":"product_cat-5p-methode","7":"product_cat-beckenbodentraining","8":"product_cat-top-verkaufe","10":"first","11":"outofstock","12":"taxable","13":"shipping-taxable","14":"purchasable","15":"product-type-simple"},"bundled_by":[],"bundle_stock_status":"outofstock","bundle_stock_quantity":0,"bundle_virtual":false,"bundle_layout":"","bundle_add_to_cart_form_location":"","bundle_editable_in_cart":false,"bundle_sold_individually_context":"","bundle_item_grouping":"","bundle_min_size":"","bundle_max_size":"","bundle_price":[],"bundled_items":[],"bundle_sell_ids":[],"acf":[],"_links":{"self":[{"href":"https:\/\/realearthstories.es\/de\/wp-json\/wp\/v2\/product\/5795","targetHints":{"allow":["GET"]}}],"collection":[{"href":"https:\/\/realearthstories.es\/de\/wp-json\/wp\/v2\/product"}],"about":[{"href":"https:\/\/realearthstories.es\/de\/wp-json\/wp\/v2\/types\/product"}],"wp:featuredmedia":[{"embeddable":true,"href":"https:\/\/realearthstories.es\/de\/wp-json\/wp\/v2\/media\/4335"}],"wp:attachment":[{"href":"https:\/\/realearthstories.es\/de\/wp-json\/wp\/v2\/media?parent=5795"}],"wp:term":[{"taxonomy":"product_brand","embeddable":true,"href":"https:\/\/realearthstories.es\/de\/wp-json\/wp\/v2\/product_brand?post=5795"},{"taxonomy":"product_cat","embeddable":true,"href":"https:\/\/realearthstories.es\/de\/wp-json\/wp\/v2\/product_cat?post=5795"},{"taxonomy":"product_tag","embeddable":true,"href":"https:\/\/realearthstories.es\/de\/wp-json\/wp\/v2\/product_tag?post=5795"}],"curies":[{"name":"wp","href":"https:\/\/api.w.org\/{rel}","templated":true}]}}