{"id":5793,"date":"2023-05-19T10:23:32","date_gmt":"2024-03-11T13:53:26","guid":{"rendered":"https:\/\/realearthstories.es\/tienda\/manjistha\/"},"modified":"2025-10-21T21:32:49","modified_gmt":"2025-10-21T21:32:49","slug":"manjistha","status":"publish","type":"product","link":"https:\/\/realearthstories.es\/de\/tienda\/manjistha\/","title":{"rendered":"Manjistha"},"content":{"rendered":"<ul>\n<li>100% nat\u00fcrlich und rein<\/li>\n<li>INCI-Inhaltsstoff: Rubia cordifolia Pulver<\/li>\n<li>Gr\u00f6\u00dfe: 250g<\/li>\n<li>Herkunft: Indien<\/li>\n<li>Biologisch zertifiziert durch USDA Organic, Bio Vida Sana und Bio Inspecta<\/li>\n<\/ul>\n","protected":false},"excerpt":{"rendered":"<p>Manjistha, auch bekannt unter seinem wissenschaftlichen Namen Rubia cordifolia, wird seit Jahrhunderten zur Blutreinigung, zur F\u00f6rderung einer gesunden Haut und zum Ausgleich des Lymphsystems verwendet. Seine antioxidativen und entz\u00fcndungshemmenden Eigenschaften helfen bei der Bek\u00e4mpfung von Hautkrankheiten wie Akne, Psoriasis und dunklen Flecken. Sie wird h\u00e4ufig als Gesichtsmaske verwendet, um Unreinheiten zu entfernen und den Teint zu gl\u00e4tten.<\/p>\n","protected":false},"featured_media":5153,"template":"","meta":{"_acf_changed":false},"product_brand":[],"product_cat":[87,85,48,79],"product_tag":[],"class_list":{"0":"post-5793","1":"product","2":"type-product","3":"status-publish","4":"has-post-thumbnail","6":"product_cat-ayurveda-kosmetik","7":"product_cat-fettige-haut","8":"product_cat-rebajas","9":"product_cat-trockene-haut","11":"first","12":"instock","13":"taxable","14":"shipping-taxable","15":"purchasable","16":"product-type-simple"},"bundled_by":[],"bundle_stock_status":"instock","bundle_stock_quantity":-22,"bundle_virtual":false,"bundle_layout":"","bundle_add_to_cart_form_location":"","bundle_editable_in_cart":false,"bundle_sold_individually_context":"","bundle_item_grouping":"","bundle_min_size":"","bundle_max_size":"","bundle_price":[],"bundled_items":[],"bundle_sell_ids":[],"acf":[],"_links":{"self":[{"href":"https:\/\/realearthstories.es\/de\/wp-json\/wp\/v2\/product\/5793","targetHints":{"allow":["GET"]}}],"collection":[{"href":"https:\/\/realearthstories.es\/de\/wp-json\/wp\/v2\/product"}],"about":[{"href":"https:\/\/realearthstories.es\/de\/wp-json\/wp\/v2\/types\/product"}],"wp:featuredmedia":[{"embeddable":true,"href":"https:\/\/realearthstories.es\/de\/wp-json\/wp\/v2\/media\/5153"}],"wp:attachment":[{"href":"https:\/\/realearthstories.es\/de\/wp-json\/wp\/v2\/media?parent=5793"}],"wp:term":[{"taxonomy":"product_brand","embeddable":true,"href":"https:\/\/realearthstories.es\/de\/wp-json\/wp\/v2\/product_brand?post=5793"},{"taxonomy":"product_cat","embeddable":true,"href":"https:\/\/realearthstories.es\/de\/wp-json\/wp\/v2\/product_cat?post=5793"},{"taxonomy":"product_tag","embeddable":true,"href":"https:\/\/realearthstories.es\/de\/wp-json\/wp\/v2\/product_tag?post=5793"}],"curies":[{"name":"wp","href":"https:\/\/api.w.org\/{rel}","templated":true}]}}