{"id":5792,"date":"2023-07-03T14:30:39","date_gmt":"2024-03-11T13:53:26","guid":{"rendered":"https:\/\/realearthstories.es\/tienda\/burgunderfarbenes-henna\/"},"modified":"2025-10-21T21:32:47","modified_gmt":"2025-10-21T21:32:47","slug":"burgunderfarbenes-henna","status":"publish","type":"product","link":"https:\/\/realearthstories.es\/de\/tienda\/burgunderfarbenes-henna\/","title":{"rendered":"Burgunderfarbenes Henna"},"content":{"rendered":"<ul>\n<li><strong>INCI Inhaltsstoffe: <\/strong>Lawsonia Inermis Pulver*, Rubia Cordifolia Wurzelpulver*, Acacia Catechu Rindenpulver* &amp; Emblica officinalis Fruchtpulver*. (*biologische Zutaten)<\/li>\n<li><strong>Gr\u00f6\u00dfe:<\/strong> 250g (5 Packungen \u00e0 50g)<\/li>\n<li><strong>Herkunft:<\/strong> Indien<\/li>\n<li><strong>Bio-Zertifizierung:<\/strong> Bio Vida Sana, Bio Inspecta und USDA Organic<\/li>\n<li><strong>Frei von:<\/strong> Parabenen, Silikonen, Konservierungsmitteln und chemischen Produkten.<\/li>\n<\/ul>\n","protected":false},"excerpt":{"rendered":"<p>Burgundy Henna ist ein <strong>organischer Pflanzenfarbstoff<\/strong>, der eine wirkungsvolle Kombination aus Henna, Manjistha, Katha und Amla enth\u00e4lt. Diese nat\u00fcrlichen Inhaltsstoffe verleihen Ihrem Haar eine sch\u00f6ne <strong>kastanienbraune Farbe<\/strong> und bieten gleichzeitig zahlreiche gesundheitliche Vorteile. Henna <strong>st\u00e4rkt und pflegt<\/strong> das Haar, Manjistha <strong>verj\u00fcngt<\/strong> und verbessert die Gesundheit der Kopfhaut, Katha <strong>n\u00e4hrt und sch\u00fctzt<\/strong>, und Amla f\u00f6rdert das <strong>Wachstum<\/strong> und verleiht Glanz. Erleben Sie die Magie dieses pflanzlichen Haarf\u00e4rbemittels und erhalten Sie mit jeder Anwendung leuchtende Farbe und ges\u00fcnderes Haar.<\/p>\n","protected":false},"featured_media":5311,"template":"","meta":{"_acf_changed":false},"product_brand":[],"product_cat":[92,83,93],"product_tag":[],"class_list":{"0":"post-5792","1":"product","2":"type-product","3":"status-publish","4":"has-post-thumbnail","6":"product_cat-auslass","7":"product_cat-gelockte-methode","8":"product_cat-pflanzliche-farbstoffe","10":"first","11":"instock","12":"taxable","13":"shipping-taxable","14":"purchasable","15":"product-type-variable"},"bundled_by":[],"bundle_stock_status":"instock","bundle_stock_quantity":-145,"bundle_virtual":false,"bundle_layout":"","bundle_add_to_cart_form_location":"","bundle_editable_in_cart":false,"bundle_sold_individually_context":"","bundle_item_grouping":"","bundle_min_size":"","bundle_max_size":"","bundle_price":[],"bundled_items":[],"bundle_sell_ids":[],"acf":[],"_links":{"self":[{"href":"https:\/\/realearthstories.es\/de\/wp-json\/wp\/v2\/product\/5792","targetHints":{"allow":["GET"]}}],"collection":[{"href":"https:\/\/realearthstories.es\/de\/wp-json\/wp\/v2\/product"}],"about":[{"href":"https:\/\/realearthstories.es\/de\/wp-json\/wp\/v2\/types\/product"}],"wp:featuredmedia":[{"embeddable":true,"href":"https:\/\/realearthstories.es\/de\/wp-json\/wp\/v2\/media\/5311"}],"wp:attachment":[{"href":"https:\/\/realearthstories.es\/de\/wp-json\/wp\/v2\/media?parent=5792"}],"wp:term":[{"taxonomy":"product_brand","embeddable":true,"href":"https:\/\/realearthstories.es\/de\/wp-json\/wp\/v2\/product_brand?post=5792"},{"taxonomy":"product_cat","embeddable":true,"href":"https:\/\/realearthstories.es\/de\/wp-json\/wp\/v2\/product_cat?post=5792"},{"taxonomy":"product_tag","embeddable":true,"href":"https:\/\/realearthstories.es\/de\/wp-json\/wp\/v2\/product_tag?post=5792"}],"curies":[{"name":"wp","href":"https:\/\/api.w.org\/{rel}","templated":true}]}}