{"id":5789,"date":"2022-10-18T11:07:11","date_gmt":"2024-03-11T13:53:20","guid":{"rendered":"https:\/\/realearthstories.es\/tienda\/holztherapie-massageguertel\/"},"modified":"2025-10-21T21:32:52","modified_gmt":"2025-10-21T21:32:52","slug":"holztherapie-massageguertel","status":"publish","type":"product","link":"https:\/\/realearthstories.es\/de\/tienda\/holztherapie-massageguertel\/","title":{"rendered":"Holztherapie-Massageg\u00fcrtel"},"content":{"rendered":"<ul>\n<li>Hergestellt aus 100% Buchenholz.<\/li>\n<li>L\u00e4nge 100cm<\/li>\n<li>Lauffl\u00e4che &#8211; 50 x 8cm<\/li>\n<li>Manuelles Massageger\u00e4t f\u00fcr R\u00fccken, Ges\u00e4\u00df und Beine<\/li>\n<li>Geeignet f\u00fcr die Selbstmassage<\/li>\n<\/ul>\n","protected":false},"excerpt":{"rendered":"<p>Dieser Holztherapie-G\u00fcrtel ist aus 100% Buchenholz gefertigt. Hilft, Muskelverspannungen zu l\u00f6sen, stimuliert den Blut- und Lymphkreislauf. Es ist auch wirksam beim Abbau von Fettzellen und kann daher die lokale Adipositas reduzieren. Empfohlen f\u00fcr die Massage von Taille, R\u00fccken, Nacken, Ges\u00e4\u00df und Beinen.<\/p>\n","protected":false},"featured_media":4899,"template":"","meta":{"_acf_changed":false},"product_brand":[],"product_cat":[73,82,76,81],"product_tag":[],"class_list":{"0":"post-5789","1":"product","2":"type-product","3":"status-publish","4":"has-post-thumbnail","6":"product_cat-holztherapie","7":"product_cat-manner","8":"product_cat-massagen","9":"product_cat-top-verkaufe","11":"first","12":"instock","13":"taxable","14":"shipping-taxable","15":"purchasable","16":"product-type-simple"},"bundled_by":[],"bundle_stock_status":"instock","bundle_stock_quantity":-2,"bundle_virtual":false,"bundle_layout":"","bundle_add_to_cart_form_location":"","bundle_editable_in_cart":false,"bundle_sold_individually_context":"","bundle_item_grouping":"","bundle_min_size":"","bundle_max_size":"","bundle_price":[],"bundled_items":[],"bundle_sell_ids":[],"acf":[],"_links":{"self":[{"href":"https:\/\/realearthstories.es\/de\/wp-json\/wp\/v2\/product\/5789","targetHints":{"allow":["GET"]}}],"collection":[{"href":"https:\/\/realearthstories.es\/de\/wp-json\/wp\/v2\/product"}],"about":[{"href":"https:\/\/realearthstories.es\/de\/wp-json\/wp\/v2\/types\/product"}],"wp:featuredmedia":[{"embeddable":true,"href":"https:\/\/realearthstories.es\/de\/wp-json\/wp\/v2\/media\/4899"}],"wp:attachment":[{"href":"https:\/\/realearthstories.es\/de\/wp-json\/wp\/v2\/media?parent=5789"}],"wp:term":[{"taxonomy":"product_brand","embeddable":true,"href":"https:\/\/realearthstories.es\/de\/wp-json\/wp\/v2\/product_brand?post=5789"},{"taxonomy":"product_cat","embeddable":true,"href":"https:\/\/realearthstories.es\/de\/wp-json\/wp\/v2\/product_cat?post=5789"},{"taxonomy":"product_tag","embeddable":true,"href":"https:\/\/realearthstories.es\/de\/wp-json\/wp\/v2\/product_tag?post=5789"}],"curies":[{"name":"wp","href":"https:\/\/api.w.org\/{rel}","templated":true}]}}