{"id":5788,"date":"2022-02-02T02:30:13","date_gmt":"2024-03-11T13:53:19","guid":{"rendered":"https:\/\/realearthstories.es\/tienda\/gewinner-flow\/"},"modified":"2024-04-01T19:48:54","modified_gmt":"2024-04-01T19:48:54","slug":"gewinner-flow","status":"publish","type":"product","link":"https:\/\/realearthstories.es\/de\/tienda\/gewinner-flow\/","title":{"rendered":"Winner Flow"},"content":{"rendered":"<p><strong>Eigenschaften:<\/strong><\/p>\n<ul>\n<li>Material: hypoallergenes Polycarbonat<\/li>\n<li>Funktion: Winner Flow ist ein Ausatmungsmundst\u00fcck, das bei Atem\u00fcbungen verwendet wird, um einen konstanten Atemfluss zu gew\u00e4hrleisten. Widerstand, der durch das Ansaugen und Ablassen von Luft entsteht<\/li>\n<li>W\u00e4hrend der Wehen: Die aktive Einatmung durch die Nase sorgt f\u00fcr das Absenken der Zwerchfellkuppeln, die durch die Ausatmung im Winner Flow langsamer ansteigen. Diese l\u00e4ngere Ausatmung zwingt die Bauchdecke, sich st\u00e4rker zusammenzuziehen, um den F\u00f6tus auszusto\u00dfen, w\u00e4hrend Blase und Geb\u00e4rmutter in der Bauchh\u00f6hle bleiben.<\/li>\n<\/ul>\n","protected":false},"excerpt":{"rendered":"<p>Der <strong>Winner Flow<\/strong> Insufflator bietet eine Reihe von Druckeinstellungen, um das Zwerchfell zu trainieren, die Bauchmuskeln zu st\u00e4rken und den Beckenboden zu kr\u00e4ftigen.<\/p>\n","protected":false},"featured_media":5449,"template":"","meta":{"_acf_changed":false},"product_brand":[],"product_cat":[90,91,82,81],"product_tag":[],"class_list":{"0":"post-5788","1":"product","2":"type-product","3":"status-publish","4":"has-post-thumbnail","6":"product_cat-5p-methode","7":"product_cat-beckenbodentraining","8":"product_cat-manner","9":"product_cat-top-verkaufe","11":"first","12":"outofstock","13":"taxable","14":"shipping-taxable","15":"purchasable","16":"product-type-simple"},"bundled_by":[],"bundle_stock_status":"outofstock","bundle_stock_quantity":-10,"bundle_virtual":false,"bundle_layout":"","bundle_add_to_cart_form_location":"","bundle_editable_in_cart":false,"bundle_sold_individually_context":"","bundle_item_grouping":"","bundle_min_size":"","bundle_max_size":"","bundle_price":[],"bundled_items":[],"bundle_sell_ids":[],"acf":[],"_links":{"self":[{"href":"https:\/\/realearthstories.es\/de\/wp-json\/wp\/v2\/product\/5788","targetHints":{"allow":["GET"]}}],"collection":[{"href":"https:\/\/realearthstories.es\/de\/wp-json\/wp\/v2\/product"}],"about":[{"href":"https:\/\/realearthstories.es\/de\/wp-json\/wp\/v2\/types\/product"}],"wp:featuredmedia":[{"embeddable":true,"href":"https:\/\/realearthstories.es\/de\/wp-json\/wp\/v2\/media\/5449"}],"wp:attachment":[{"href":"https:\/\/realearthstories.es\/de\/wp-json\/wp\/v2\/media?parent=5788"}],"wp:term":[{"taxonomy":"product_brand","embeddable":true,"href":"https:\/\/realearthstories.es\/de\/wp-json\/wp\/v2\/product_brand?post=5788"},{"taxonomy":"product_cat","embeddable":true,"href":"https:\/\/realearthstories.es\/de\/wp-json\/wp\/v2\/product_cat?post=5788"},{"taxonomy":"product_tag","embeddable":true,"href":"https:\/\/realearthstories.es\/de\/wp-json\/wp\/v2\/product_tag?post=5788"}],"curies":[{"name":"wp","href":"https:\/\/api.w.org\/{rel}","templated":true}]}}