{"id":5787,"date":"2022-09-05T19:45:52","date_gmt":"2024-03-11T13:53:17","guid":{"rendered":"https:\/\/realearthstories.es\/tienda\/wood-therapy-body-kit-6-einheiten\/"},"modified":"2025-10-21T21:32:55","modified_gmt":"2025-10-21T21:32:55","slug":"wood-therapy-body-kit-6-einheiten","status":"publish","type":"product","link":"https:\/\/realearthstories.es\/de\/tienda\/wood-therapy-body-kit-6-einheiten\/","title":{"rendered":"Wood Therapy Body Kit &#8211; 6 Einheiten"},"content":{"rendered":"<p><strong>Eigenschaften:<\/strong><\/p>\n<ul>\n<li>100% nat\u00fcrliches Urap\u00e1n-Holz<\/li>\n<li>1 x ger\u00e4ndelter Maiskolben<\/li>\n<li>1 x Vier-Eimer-Rolle<\/li>\n<li>1 x Formbrett Typ F<\/li>\n<li>1 x Mittlere Schwedentasse<\/li>\n<li>1 x Schwedentasse mit Roller<\/li>\n<li>1 x Profi-Pilz<\/li>\n<li>Herkunft: Kolumbien<\/li>\n<li>Nicht-invasive Massage<\/li>\n<\/ul>\n","protected":false},"excerpt":{"rendered":"<p>Dieses Holztherapie-Set enth\u00e4lt 6 Holzelemente, die Ihnen helfen, Cellulite zu bek\u00e4mpfen, Zentimeter zu reduzieren, Ihren K\u00f6rper zu straffen, zu formen und zu festigen.<\/p>\n","protected":false},"featured_media":4787,"template":"","meta":{"_acf_changed":false},"product_brand":[],"product_cat":[73,76,72],"product_tag":[],"class_list":{"0":"post-5787","1":"product","2":"type-product","3":"status-publish","4":"has-post-thumbnail","6":"product_cat-holztherapie","7":"product_cat-massagen","8":"product_cat-unkategorisiert","10":"first","11":"outofstock","12":"taxable","13":"shipping-taxable","14":"purchasable","15":"product-type-simple"},"bundled_by":[],"bundle_stock_status":"outofstock","bundle_stock_quantity":null,"bundle_virtual":false,"bundle_layout":"","bundle_add_to_cart_form_location":"","bundle_editable_in_cart":false,"bundle_sold_individually_context":"","bundle_item_grouping":"","bundle_min_size":"","bundle_max_size":"","bundle_price":[],"bundled_items":[],"bundle_sell_ids":[],"acf":[],"_links":{"self":[{"href":"https:\/\/realearthstories.es\/de\/wp-json\/wp\/v2\/product\/5787","targetHints":{"allow":["GET"]}}],"collection":[{"href":"https:\/\/realearthstories.es\/de\/wp-json\/wp\/v2\/product"}],"about":[{"href":"https:\/\/realearthstories.es\/de\/wp-json\/wp\/v2\/types\/product"}],"wp:featuredmedia":[{"embeddable":true,"href":"https:\/\/realearthstories.es\/de\/wp-json\/wp\/v2\/media\/4787"}],"wp:attachment":[{"href":"https:\/\/realearthstories.es\/de\/wp-json\/wp\/v2\/media?parent=5787"}],"wp:term":[{"taxonomy":"product_brand","embeddable":true,"href":"https:\/\/realearthstories.es\/de\/wp-json\/wp\/v2\/product_brand?post=5787"},{"taxonomy":"product_cat","embeddable":true,"href":"https:\/\/realearthstories.es\/de\/wp-json\/wp\/v2\/product_cat?post=5787"},{"taxonomy":"product_tag","embeddable":true,"href":"https:\/\/realearthstories.es\/de\/wp-json\/wp\/v2\/product_tag?post=5787"}],"curies":[{"name":"wp","href":"https:\/\/api.w.org\/{rel}","templated":true}]}}