{"id":5786,"date":"2022-02-02T02:18:42","date_gmt":"2024-03-11T13:53:17","guid":{"rendered":"https:\/\/realearthstories.es\/tienda\/profi-pilz\/"},"modified":"2025-10-21T21:33:01","modified_gmt":"2025-10-21T21:33:01","slug":"profi-pilz","status":"publish","type":"product","link":"https:\/\/realearthstories.es\/de\/tienda\/profi-pilz\/","title":{"rendered":"Profi-Pilz"},"content":{"rendered":"<ul>\n<li style=\"font-weight: 400;\"><span style=\"font-weight: 400;\">100% nat\u00fcrliches Urap\u00e1n-Holz<\/span><\/li>\n<li style=\"font-weight: 400;\"><span style=\"font-weight: 400;\">Durchmesser: 12 cm<\/span><\/li>\n<li style=\"font-weight: 400;\"><span style=\"font-weight: 400;\">L\u00e4nge: 13 cm<\/span><\/li>\n<li style=\"font-weight: 400;\"><span style=\"font-weight: 400;\">Herkunft: Kolumbien<\/span><\/li>\n<li style=\"font-weight: 400;\"><span style=\"font-weight: 400;\">Ergonomisches Design f\u00fcr einfache Anwendung<\/span><span style=\"font-weight: 400;\"> Anwendung an allen K\u00f6rperteilen, <\/span><span style=\"font-weight: 400;\">bietet eine sanfte und entspannende Massage<\/span><\/li>\n<li style=\"font-weight: 400;\"><span style=\"font-weight: 400;\">Nicht-invasive Massage<\/span><\/li>\n<\/ul>\n","protected":false},"excerpt":{"rendered":"<p>Der Profi-Pilz ist ein Instrument der Holztherapie, das zum Fettabbau und damit zur Behandlung von lokalem Fettgewebe (Orangenhaut), zur Aktivierung des Kreislauf- und Lymphsystems und zur Formung des K\u00f6rpers (vor allem in den Bereichen Taille, Ges\u00e4\u00df, Oberschenkel und Bauch) eingesetzt wird. Ideal f\u00fcr die Anti-Cellulite-Behandlung und zur Bek\u00e4mpfung von Schlaffheit.<\/p>\n","protected":false},"featured_media":4313,"template":"","meta":{"_acf_changed":false},"product_brand":[],"product_cat":[73,76,81],"product_tag":[],"class_list":{"0":"post-5786","1":"product","2":"type-product","3":"status-publish","4":"has-post-thumbnail","6":"product_cat-holztherapie","7":"product_cat-massagen","8":"product_cat-top-verkaufe","10":"first","11":"outofstock","12":"taxable","13":"shipping-taxable","14":"purchasable","15":"product-type-simple"},"bundled_by":[],"bundle_stock_status":"outofstock","bundle_stock_quantity":-16,"bundle_virtual":false,"bundle_layout":"","bundle_add_to_cart_form_location":"","bundle_editable_in_cart":false,"bundle_sold_individually_context":"","bundle_item_grouping":"","bundle_min_size":"","bundle_max_size":"","bundle_price":[],"bundled_items":[],"bundle_sell_ids":[],"acf":[],"_links":{"self":[{"href":"https:\/\/realearthstories.es\/de\/wp-json\/wp\/v2\/product\/5786","targetHints":{"allow":["GET"]}}],"collection":[{"href":"https:\/\/realearthstories.es\/de\/wp-json\/wp\/v2\/product"}],"about":[{"href":"https:\/\/realearthstories.es\/de\/wp-json\/wp\/v2\/types\/product"}],"wp:featuredmedia":[{"embeddable":true,"href":"https:\/\/realearthstories.es\/de\/wp-json\/wp\/v2\/media\/4313"}],"wp:attachment":[{"href":"https:\/\/realearthstories.es\/de\/wp-json\/wp\/v2\/media?parent=5786"}],"wp:term":[{"taxonomy":"product_brand","embeddable":true,"href":"https:\/\/realearthstories.es\/de\/wp-json\/wp\/v2\/product_brand?post=5786"},{"taxonomy":"product_cat","embeddable":true,"href":"https:\/\/realearthstories.es\/de\/wp-json\/wp\/v2\/product_cat?post=5786"},{"taxonomy":"product_tag","embeddable":true,"href":"https:\/\/realearthstories.es\/de\/wp-json\/wp\/v2\/product_tag?post=5786"}],"curies":[{"name":"wp","href":"https:\/\/api.w.org\/{rel}","templated":true}]}}