{"id":5784,"date":"2022-02-02T02:18:40","date_gmt":"2024-03-11T13:53:14","guid":{"rendered":"https:\/\/realearthstories.es\/tienda\/vier-eimer-rolle\/"},"modified":"2025-10-21T21:33:03","modified_gmt":"2025-10-21T21:33:03","slug":"vier-eimer-rolle","status":"publish","type":"product","link":"https:\/\/realearthstories.es\/de\/tienda\/vier-eimer-rolle\/","title":{"rendered":"Vier-Eimer-Rolle"},"content":{"rendered":"<ul>\n<li><span style=\"font-weight: 400;\">100% nat\u00fcrliches Urap\u00e1n-Holz<\/span><\/li>\n<li><span style=\"font-weight: 400;\">Durchmesser: 6 cm<\/span><\/li>\n<li><span style=\"font-weight: 400;\">L\u00e4nge: 44 cm<\/span><\/li>\n<li><span style=\"font-weight: 400;\">Herkunft: Kolumbien<\/span><\/li>\n<li><span style=\"font-weight: 400;\">Ergonomisches Design f\u00fcr leichten Zugang zu<\/span><span style=\"font-weight: 400;\"> Zugang zum Bindegewebe der Hypodermis<\/span><\/li>\n<li><span style=\"font-weight: 400;\">Nicht-invasive Massage<\/span><\/li>\n<\/ul>\n","protected":false},"excerpt":{"rendered":"<p><span lang=\"ES-TRAD\">Die <strong>4-W\u00fcrfel-Rolle<\/strong> wird vor allem f\u00fcr die Taille, die H\u00fcften, die Flanken, die Beine und den Bauch verwendet. Es ist als &#8222;Bauchstraffung&#8220; bekannt, weil es zum Absch\u00e4len von hartn\u00e4ckigem Fett verwendet wird. Seine Anwendung hilft auch, die K\u00f6rpermasse zu reduzieren und Cellulite und Fibrose zu bek\u00e4mpfen. Es wird verwendet, um schwierige Bereiche zu erreichen, dank seiner<\/span>  ergonomisches Design. Dar\u00fcber hinaus ist es sehr angenehm f\u00fcr die Haut und seine Anwendung vermittelt ein Gef\u00fchl der Entspannung und Ruhe.<\/p>\n","protected":false},"featured_media":4341,"template":"","meta":{"_acf_changed":false},"product_brand":[],"product_cat":[73,76,48],"product_tag":[],"class_list":{"0":"post-5784","1":"product","2":"type-product","3":"status-publish","4":"has-post-thumbnail","6":"product_cat-holztherapie","7":"product_cat-massagen","8":"product_cat-rebajas","10":"first","11":"onbackorder","12":"taxable","13":"shipping-taxable","14":"purchasable","15":"product-type-simple"},"bundled_by":[],"bundle_stock_status":"onbackorder","bundle_stock_quantity":-1,"bundle_virtual":false,"bundle_layout":"","bundle_add_to_cart_form_location":"","bundle_editable_in_cart":false,"bundle_sold_individually_context":"","bundle_item_grouping":"","bundle_min_size":"","bundle_max_size":"","bundle_price":[],"bundled_items":[],"bundle_sell_ids":[],"acf":[],"_links":{"self":[{"href":"https:\/\/realearthstories.es\/de\/wp-json\/wp\/v2\/product\/5784","targetHints":{"allow":["GET"]}}],"collection":[{"href":"https:\/\/realearthstories.es\/de\/wp-json\/wp\/v2\/product"}],"about":[{"href":"https:\/\/realearthstories.es\/de\/wp-json\/wp\/v2\/types\/product"}],"wp:featuredmedia":[{"embeddable":true,"href":"https:\/\/realearthstories.es\/de\/wp-json\/wp\/v2\/media\/4341"}],"wp:attachment":[{"href":"https:\/\/realearthstories.es\/de\/wp-json\/wp\/v2\/media?parent=5784"}],"wp:term":[{"taxonomy":"product_brand","embeddable":true,"href":"https:\/\/realearthstories.es\/de\/wp-json\/wp\/v2\/product_brand?post=5784"},{"taxonomy":"product_cat","embeddable":true,"href":"https:\/\/realearthstories.es\/de\/wp-json\/wp\/v2\/product_cat?post=5784"},{"taxonomy":"product_tag","embeddable":true,"href":"https:\/\/realearthstories.es\/de\/wp-json\/wp\/v2\/product_tag?post=5784"}],"curies":[{"name":"wp","href":"https:\/\/api.w.org\/{rel}","templated":true}]}}