{"id":5783,"date":"2023-05-22T11:01:38","date_gmt":"2024-03-11T13:53:13","guid":{"rendered":"https:\/\/realearthstories.es\/tienda\/triphala\/"},"modified":"2025-10-21T21:32:44","modified_gmt":"2025-10-21T21:32:44","slug":"triphala","status":"publish","type":"product","link":"https:\/\/realearthstories.es\/de\/tienda\/triphala\/","title":{"rendered":"Triphala"},"content":{"rendered":"<ul>\n<li>100% nat\u00fcrlich und rein<\/li>\n<li>250 Gramm &#8211; reicht f\u00fcr 4-5 Verwendungen<\/li>\n<li>Zutaten: Amalaki (33%), Haritaki (33%) und Bibhitaki (33%)<\/li>\n<li>Biozertifiziert von Bio Vida Sana, Bio Inspecta und USDA Organic.<\/li>\n<\/ul>\n","protected":false},"excerpt":{"rendered":"<p>Triphala ist eine ayurvedische Formel, die aus drei kraftvollen Fr\u00fcchten besteht: <strong>Amalaki, Haritaki und Bibhitaki<\/strong>. Diese einzigartige Kombination bietet zahlreiche Vorteile f\u00fcr das Haar. Triphala st\u00e4rkt die Haarwurzeln, f\u00f6rdert eine gesunde Kopfhaut und stimuliert das Haarwachstum. Seine antioxidativen und entz\u00fcndungshemmenden Eigenschaften helfen bei der Bek\u00e4mpfung von Kopfhauterkrankungen wie Schuppen und Juckreiz. Dar\u00fcber hinaus n\u00e4hrt und verj\u00fcngt Triphala das Haar und verbessert seine Textur und seinen nat\u00fcrlichen Glanz. Die Einbeziehung von Triphala in Ihre Haarroutine ist ein nat\u00fcrlicher und effektiver Weg, um kr\u00e4ftiges, sch\u00f6nes Haar zu erhalten.<\/p>\n","protected":false},"featured_media":5159,"template":"","meta":{"_acf_changed":false},"product_brand":[],"product_cat":[87,83,88,78],"product_tag":[],"class_list":{"0":"post-5783","1":"product","2":"type-product","3":"status-publish","4":"has-post-thumbnail","6":"product_cat-ayurveda-kosmetik","7":"product_cat-gelockte-methode","8":"product_cat-repariert-und-staerkt-das-haar","9":"product_cat-stimulieren-sie-das-haarwachstum","11":"first","12":"instock","13":"taxable","14":"shipping-taxable","15":"purchasable","16":"product-type-simple"},"bundled_by":[],"bundle_stock_status":"instock","bundle_stock_quantity":0,"bundle_virtual":false,"bundle_layout":"","bundle_add_to_cart_form_location":"","bundle_editable_in_cart":false,"bundle_sold_individually_context":"","bundle_item_grouping":"","bundle_min_size":"","bundle_max_size":"","bundle_price":[],"bundled_items":[],"bundle_sell_ids":[],"acf":[],"_links":{"self":[{"href":"https:\/\/realearthstories.es\/de\/wp-json\/wp\/v2\/product\/5783","targetHints":{"allow":["GET"]}}],"collection":[{"href":"https:\/\/realearthstories.es\/de\/wp-json\/wp\/v2\/product"}],"about":[{"href":"https:\/\/realearthstories.es\/de\/wp-json\/wp\/v2\/types\/product"}],"wp:featuredmedia":[{"embeddable":true,"href":"https:\/\/realearthstories.es\/de\/wp-json\/wp\/v2\/media\/5159"}],"wp:attachment":[{"href":"https:\/\/realearthstories.es\/de\/wp-json\/wp\/v2\/media?parent=5783"}],"wp:term":[{"taxonomy":"product_brand","embeddable":true,"href":"https:\/\/realearthstories.es\/de\/wp-json\/wp\/v2\/product_brand?post=5783"},{"taxonomy":"product_cat","embeddable":true,"href":"https:\/\/realearthstories.es\/de\/wp-json\/wp\/v2\/product_cat?post=5783"},{"taxonomy":"product_tag","embeddable":true,"href":"https:\/\/realearthstories.es\/de\/wp-json\/wp\/v2\/product_tag?post=5783"}],"curies":[{"name":"wp","href":"https:\/\/api.w.org\/{rel}","templated":true}]}}