{"id":5781,"date":"2022-02-02T02:18:36","date_gmt":"2024-03-11T13:53:12","guid":{"rendered":"https:\/\/realearthstories.es\/tienda\/schwedischer-roller-cup\/"},"modified":"2025-10-21T21:33:06","modified_gmt":"2025-10-21T21:33:06","slug":"schwedischer-roller-cup","status":"publish","type":"product","link":"https:\/\/realearthstories.es\/de\/tienda\/schwedischer-roller-cup\/","title":{"rendered":"Schwedischer Roller Cup"},"content":{"rendered":"<p><strong>[icon name=&#8220;list&#8220; style=&#8220;solid&#8220; class=&#8220;&#8220; unprefixed_class=&#8220;&#8220;]  Eigenschaften:<\/strong><\/p>\n<ul>\n<li><span style=\"font-weight: 400;\">100% nat\u00fcrliches Urap\u00e1n-Holz<\/span><\/li>\n<li><span style=\"font-weight: 400;\">Durchmesser: 9cm<\/span><\/li>\n<li><span style=\"font-weight: 400;\">L\u00e4nge: 18 cm<\/span><\/li>\n<li><span style=\"font-weight: 400;\">Herkunft: Kolumbien<\/span><\/li>\n<li><span style=\"font-weight: 400;\">Nicht-invasive Massage<\/span><\/li>\n<\/ul>\n<p>&nbsp;<\/p>\n","protected":false},"excerpt":{"rendered":"<p>Die <strong>schwedische Schale mit Rolle<\/strong> wird bei der Lymphdrainage eingesetzt, um lokale Fettansammlungen zu reduzieren. Die Rolle hilft, die Ausscheidung von Fl\u00fcssigkeiten zu beschleunigen, das Ges\u00e4\u00df zu straffen und hartn\u00e4ckige Cellulite zu bek\u00e4mpfen. Es ist ideal f\u00fcr die Anwendung an K\u00f6rperstellen, die eine intensivere Behandlung erfordern, wie z. B. hartn\u00e4ckige Cellulite.<\/p>\n","protected":false},"featured_media":4343,"template":"","meta":{"_acf_changed":false},"product_brand":[],"product_cat":[73,76],"product_tag":[],"class_list":{"0":"post-5781","1":"product","2":"type-product","3":"status-publish","4":"has-post-thumbnail","6":"product_cat-holztherapie","7":"product_cat-massagen","9":"first","10":"outofstock","11":"taxable","12":"shipping-taxable","13":"purchasable","14":"product-type-simple"},"bundled_by":[],"bundle_stock_status":"outofstock","bundle_stock_quantity":-6,"bundle_virtual":false,"bundle_layout":"","bundle_add_to_cart_form_location":"","bundle_editable_in_cart":false,"bundle_sold_individually_context":"","bundle_item_grouping":"","bundle_min_size":"","bundle_max_size":"","bundle_price":[],"bundled_items":[],"bundle_sell_ids":[],"acf":[],"_links":{"self":[{"href":"https:\/\/realearthstories.es\/de\/wp-json\/wp\/v2\/product\/5781","targetHints":{"allow":["GET"]}}],"collection":[{"href":"https:\/\/realearthstories.es\/de\/wp-json\/wp\/v2\/product"}],"about":[{"href":"https:\/\/realearthstories.es\/de\/wp-json\/wp\/v2\/types\/product"}],"wp:featuredmedia":[{"embeddable":true,"href":"https:\/\/realearthstories.es\/de\/wp-json\/wp\/v2\/media\/4343"}],"wp:attachment":[{"href":"https:\/\/realearthstories.es\/de\/wp-json\/wp\/v2\/media?parent=5781"}],"wp:term":[{"taxonomy":"product_brand","embeddable":true,"href":"https:\/\/realearthstories.es\/de\/wp-json\/wp\/v2\/product_brand?post=5781"},{"taxonomy":"product_cat","embeddable":true,"href":"https:\/\/realearthstories.es\/de\/wp-json\/wp\/v2\/product_cat?post=5781"},{"taxonomy":"product_tag","embeddable":true,"href":"https:\/\/realearthstories.es\/de\/wp-json\/wp\/v2\/product_tag?post=5781"}],"curies":[{"name":"wp","href":"https:\/\/api.w.org\/{rel}","templated":true}]}}