{"id":5696,"date":"2022-02-02T02:12:29","date_gmt":"2024-02-27T11:56:37","guid":{"rendered":"https:\/\/realearthstories.es\/tienda\/rizinusoel\/"},"modified":"2025-10-21T21:33:12","modified_gmt":"2025-10-21T21:33:12","slug":"rizinusoel","status":"publish","type":"product","link":"https:\/\/realearthstories.es\/de\/tienda\/rizinusoel\/","title":{"rendered":"Rizinus\u00f6l"},"content":{"rendered":"<h4><strong>Eigenschaften von Rizinus\u00f6l:<\/strong><\/h4>\n<p>&#8211; Bio-Produkt mit Bio-Zertifizierung bio.inspecta<br \/>\n&#8211; 100% reines, kalt gepresstes und kalt konserviertes \u00d6l<br \/>\n&#8211; Reich an Mineralien und Vitamin E<br \/>\n&#8211; Hoher Gehalt an Ricinols\u00e4ure<br \/>\n&#8211; Es enth\u00e4lt auch \u00d6l- und Linolens\u00e4uren wie Omega 9 und 6.<br \/>\n&#8211; 100% veganes Produkt<\/p>\n<p>&nbsp;<\/p>\n<p>&nbsp;<\/p>\n","protected":false},"excerpt":{"rendered":"<p>Dieses <strong>Bio-\u00d6l<\/strong> ist daf\u00fcr bekannt, dass es <strong>das Haar st\u00e4rkt und wachsen l\u00e4sst<\/strong>. Es wird meist f\u00fcr Wimpern und Augenbrauen verwendet, hat aber die gleiche Wirkung auf das Haar. Da es sich um ein dickfl\u00fcssiges \u00d6l handelt, wird nur sehr wenig ben\u00f6tigt, um eine Wirkung zu erzielen. Wir empfehlen seine Verwendung in Haarmasken. Durch seine Vitamin-E-reiche Zusammensetzung ist es auch ideal zur Behandlung von Dehnungsstreifen und Hautunreinheiten.<\/p>\n","protected":false},"featured_media":5433,"template":"","meta":{"_acf_changed":false},"product_brand":[],"product_cat":[83,82,76,77,78,81,79],"product_tag":[],"class_list":{"0":"post-5696","1":"product","2":"type-product","3":"status-publish","4":"has-post-thumbnail","6":"product_cat-gelockte-methode","7":"product_cat-manner","8":"product_cat-massagen","9":"product_cat-ole","10":"product_cat-stimulieren-sie-das-haarwachstum","11":"product_cat-top-verkaufe","12":"product_cat-trockene-haut","14":"first","15":"instock","16":"taxable","17":"shipping-taxable","18":"purchasable","19":"product-type-simple"},"bundled_by":[],"bundle_stock_status":"instock","bundle_stock_quantity":0,"bundle_virtual":false,"bundle_layout":"","bundle_add_to_cart_form_location":"","bundle_editable_in_cart":false,"bundle_sold_individually_context":"","bundle_item_grouping":"","bundle_min_size":"","bundle_max_size":"","bundle_price":[],"bundled_items":[],"bundle_sell_ids":[],"acf":[],"_links":{"self":[{"href":"https:\/\/realearthstories.es\/de\/wp-json\/wp\/v2\/product\/5696","targetHints":{"allow":["GET"]}}],"collection":[{"href":"https:\/\/realearthstories.es\/de\/wp-json\/wp\/v2\/product"}],"about":[{"href":"https:\/\/realearthstories.es\/de\/wp-json\/wp\/v2\/types\/product"}],"wp:featuredmedia":[{"embeddable":true,"href":"https:\/\/realearthstories.es\/de\/wp-json\/wp\/v2\/media\/5433"}],"wp:attachment":[{"href":"https:\/\/realearthstories.es\/de\/wp-json\/wp\/v2\/media?parent=5696"}],"wp:term":[{"taxonomy":"product_brand","embeddable":true,"href":"https:\/\/realearthstories.es\/de\/wp-json\/wp\/v2\/product_brand?post=5696"},{"taxonomy":"product_cat","embeddable":true,"href":"https:\/\/realearthstories.es\/de\/wp-json\/wp\/v2\/product_cat?post=5696"},{"taxonomy":"product_tag","embeddable":true,"href":"https:\/\/realearthstories.es\/de\/wp-json\/wp\/v2\/product_tag?post=5696"}],"curies":[{"name":"wp","href":"https:\/\/api.w.org\/{rel}","templated":true}]}}