{"id":5695,"date":"2022-02-02T02:18:35","date_gmt":"2024-02-27T11:56:37","guid":{"rendered":"https:\/\/realearthstories.es\/tienda\/schwedischer-pokal\/"},"modified":"2025-10-21T21:33:07","modified_gmt":"2025-10-21T21:33:07","slug":"schwedischer-pokal","status":"publish","type":"product","link":"https:\/\/realearthstories.es\/de\/tienda\/schwedischer-pokal\/","title":{"rendered":"Schwedischer Pokal"},"content":{"rendered":"<p><strong>Eigenschaften:<\/strong><\/p>\n<ul>\n<li><span style=\"font-weight: 400;\">100% nat\u00fcrliches Urap\u00e1n-Holz<\/span><\/li>\n<li><span style=\"font-weight: 400;\">Durchmesser: 9 cm<\/span><\/li>\n<li><span style=\"font-weight: 400;\">L\u00e4nge: 18 cm<\/span><\/li>\n<li><span style=\"font-weight: 400;\">Herkunft: Kolumbien<\/span><\/li>\n<li><span style=\"font-weight: 400;\">Nicht-invasive Massage<\/span><\/li>\n<\/ul>\n<p>&nbsp;<\/p>\n","protected":false},"excerpt":{"rendered":"<p>Die <strong>schwedische Schale<\/strong> ist eines der Holztherapieger\u00e4te, das eine Saugwirkung auf die Haut aus\u00fcbt und dabei hilft, Fett zu lokalisieren und in die Lymphknoten zu leiten. Diese Behandlung verbessert die Durchblutung, reduziert die Adipositas und tr\u00e4gt dazu bei, den K\u00f6rper zu formen und zu straffen (insbesondere Bereiche wie Ges\u00e4\u00df, Oberschenkel, Taille, R\u00fccken und Bauch).<\/p>\n","protected":false},"featured_media":4711,"template":"","meta":{"_acf_changed":false},"product_brand":[],"product_cat":[73,76],"product_tag":[],"class_list":{"0":"post-5695","1":"product","2":"type-product","3":"status-publish","4":"has-post-thumbnail","6":"product_cat-holztherapie","7":"product_cat-massagen","9":"first","10":"outofstock","11":"taxable","12":"shipping-taxable","13":"purchasable","14":"product-type-simple"},"bundled_by":[],"bundle_stock_status":"outofstock","bundle_stock_quantity":13,"bundle_virtual":false,"bundle_layout":"","bundle_add_to_cart_form_location":"","bundle_editable_in_cart":false,"bundle_sold_individually_context":"","bundle_item_grouping":"","bundle_min_size":"","bundle_max_size":"","bundle_price":[],"bundled_items":[],"bundle_sell_ids":[],"acf":[],"_links":{"self":[{"href":"https:\/\/realearthstories.es\/de\/wp-json\/wp\/v2\/product\/5695","targetHints":{"allow":["GET"]}}],"collection":[{"href":"https:\/\/realearthstories.es\/de\/wp-json\/wp\/v2\/product"}],"about":[{"href":"https:\/\/realearthstories.es\/de\/wp-json\/wp\/v2\/types\/product"}],"wp:featuredmedia":[{"embeddable":true,"href":"https:\/\/realearthstories.es\/de\/wp-json\/wp\/v2\/media\/4711"}],"wp:attachment":[{"href":"https:\/\/realearthstories.es\/de\/wp-json\/wp\/v2\/media?parent=5695"}],"wp:term":[{"taxonomy":"product_brand","embeddable":true,"href":"https:\/\/realearthstories.es\/de\/wp-json\/wp\/v2\/product_brand?post=5695"},{"taxonomy":"product_cat","embeddable":true,"href":"https:\/\/realearthstories.es\/de\/wp-json\/wp\/v2\/product_cat?post=5695"},{"taxonomy":"product_tag","embeddable":true,"href":"https:\/\/realearthstories.es\/de\/wp-json\/wp\/v2\/product_tag?post=5695"}],"curies":[{"name":"wp","href":"https:\/\/api.w.org\/{rel}","templated":true}]}}