{"id":13644,"date":"2025-10-21T21:32:37","date_gmt":"2025-10-21T21:32:37","guid":{"rendered":"https:\/\/realearthstories.es\/tienda\/shikakai-zwiebel-spuelung-500ml\/"},"modified":"2025-10-21T21:32:37","modified_gmt":"2025-10-21T21:32:37","slug":"shikakai-zwiebel-spuelung-500ml","status":"publish","type":"product","link":"https:\/\/realearthstories.es\/de\/tienda\/shikakai-zwiebel-spuelung-500ml\/","title":{"rendered":"Shikakai &amp; Zwiebel Sp\u00fclung 500ml"},"content":{"rendered":"<ul>\n<li><strong><strong><strong><strong>INCI-Inhaltsstoffe:  <\/strong><\/strong><\/strong><\/strong>Aqua, Dicaprylyl Carbonate, Butyrospermum Parkii (Shea) Butter, Acacia Concinna (Shikakai) Fruit Extract, Allium Cepa (Onion) Bulb Extract, Argania Spinosa (Argan) Kernel Oil, Glycerin, Cetearyl Alcohol, Caprylic\/Capric Triglyceride, Panthenol, Aloe Barbadensis Leaf Extract, Calendula Officinalis Flower Oil, Murraya Koenigii (Curry Leaf) Leaf Oil, Hibiscus Sabdariffa Flower Extract, Psidium Guajava (Guava) Fruit Extract, Vitis Vinifera (Grape) Seed Oil, Helianthus Annuus (Sunflower) Seed Oil, Cocos Nucifera (Coconut) Oil, Hydrolyzed Wheat Protein, Benzoyl Alcohol, Lecithin, Hydrolyzed Silk, Eclipta Prostrata (Bhringraj) Extract, Bacopa Monnieri (Brahmi) Extract, Phyllanthus Emblica (Amla) Fruit Extract, Tocopheryl Acetate, Sodium Cetearyl Sulfate, Punica Granatum (Granatapfel) Seed Oil, Trigonella Foenum-Graecum (Bockshornklee) Seed Oil, Cannabis Sativa (Hanf) Seed Oil, Olus Oil, Lavandula Angustifo- lia (Lavendel) Oil, Cananga Odorata Flower (Ylang Ylang) Oil, Sodium Gluconate, Salicylic Acid, Sorbic Acid.<\/li>\n<li><strong>Gr\u00f6\u00dfe:<\/strong> 500ml<\/li>\n<li><strong>Herkunft:<\/strong> Indien<\/li>\n<li><strong>Frei von:<\/strong> Parabenen, Silikonen und Konservierungsstoffen<\/li>\n<\/ul>\n","protected":false},"excerpt":{"rendered":"<p data-start=\"55\" data-end=\"226\">Diese <strong data-start=\"79\" data-end=\"115\">sulfat-, silikon- und parabenfreie<\/strong> Haarsp\u00fclung kombiniert <strong data-start=\"124\" data-end=\"146\" data-is-only-node=\"\">Shikakai und Zwiebel<\/strong>, zwei wichtige ayurvedische Inhaltsstoffe, die das Haar st\u00e4rken und revitalisieren.<\/p>\n<p data-start=\"228\" data-end=\"541\"><strong data-start=\"231\" data-end=\"243\">Shikakai<\/strong> reinigt das Haar sanft, ohne ihm die nat\u00fcrlichen \u00d6le zu entziehen, w\u00e4hrend die <strong data-start=\"314\" data-end=\"325\" data-is-only-node=\"\">Zwiebel<\/strong>, die reich an Schwefel und Quercetin ist, das Wachstum anregt und die Schuppenbildung reduziert. Die Formel enth\u00e4lt <strong data-start=\"418\" data-end=\"453\">Argan-, Kokosnuss- und Sheabutter<\/strong>, die dem Haar Feuchtigkeit spenden, ohne es zu beschweren &#8211; ideal f\u00fcr <strong data-start=\"494\" data-end=\"538\">fettiges Haar, dem es an Feuchtigkeit fehlt<\/strong>. <\/p>\n<p data-start=\"543\" data-end=\"713\" data-is-last-node=\"\" data-is-only-node=\"\">Mit Pflanzenextrakten wie <strong data-start=\"572\" data-end=\"601\">Hibiskus, Bhringraj und Amla<\/strong> <strong data-start=\"623\" data-end=\"653\" data-is-only-node=\"\">n\u00e4hrt<\/strong> diese Sp\u00fclung <strong data-start=\"623\" data-end=\"653\" data-is-only-node=\"\">das<\/strong> Haar <strong data-start=\"623\" data-end=\"653\" data-is-only-node=\"\">, macht es geschmeidig und st\u00e4rkt es<\/strong>, so dass es ges\u00fcnder, gl\u00e4nzender und leichter zu handhaben ist.<\/p>\n","protected":false},"featured_media":9100,"template":"","meta":{"_acf_changed":false},"product_brand":[],"product_cat":[90,83,89,48,88],"product_tag":[],"class_list":{"0":"post-13644","1":"product","2":"type-product","3":"status-publish","4":"has-post-thumbnail","6":"product_cat-5p-methode","7":"product_cat-gelockte-methode","8":"product_cat-nachrichten","9":"product_cat-rebajas","10":"product_cat-repariert-und-staerkt-das-haar","12":"first","13":"instock","14":"taxable","15":"shipping-taxable","16":"purchasable","17":"product-type-simple"},"bundled_by":[],"bundle_stock_status":"instock","bundle_stock_quantity":null,"bundle_virtual":false,"bundle_layout":"","bundle_add_to_cart_form_location":"","bundle_editable_in_cart":false,"bundle_sold_individually_context":"","bundle_item_grouping":"","bundle_min_size":"","bundle_max_size":"","bundle_price":[],"bundled_items":[],"bundle_sell_ids":[],"acf":[],"_links":{"self":[{"href":"https:\/\/realearthstories.es\/de\/wp-json\/wp\/v2\/product\/13644","targetHints":{"allow":["GET"]}}],"collection":[{"href":"https:\/\/realearthstories.es\/de\/wp-json\/wp\/v2\/product"}],"about":[{"href":"https:\/\/realearthstories.es\/de\/wp-json\/wp\/v2\/types\/product"}],"wp:featuredmedia":[{"embeddable":true,"href":"https:\/\/realearthstories.es\/de\/wp-json\/wp\/v2\/media\/9100"}],"wp:attachment":[{"href":"https:\/\/realearthstories.es\/de\/wp-json\/wp\/v2\/media?parent=13644"}],"wp:term":[{"taxonomy":"product_brand","embeddable":true,"href":"https:\/\/realearthstories.es\/de\/wp-json\/wp\/v2\/product_brand?post=13644"},{"taxonomy":"product_cat","embeddable":true,"href":"https:\/\/realearthstories.es\/de\/wp-json\/wp\/v2\/product_cat?post=13644"},{"taxonomy":"product_tag","embeddable":true,"href":"https:\/\/realearthstories.es\/de\/wp-json\/wp\/v2\/product_tag?post=13644"}],"curies":[{"name":"wp","href":"https:\/\/api.w.org\/{rel}","templated":true}]}}