{"id":13643,"date":"2025-10-21T21:32:35","date_gmt":"2025-10-21T21:32:35","guid":{"rendered":"https:\/\/realearthstories.es\/tienda\/rosmarin-bhringraj-spuelung-500ml\/"},"modified":"2025-10-21T21:32:35","modified_gmt":"2025-10-21T21:32:35","slug":"rosmarin-bhringraj-spuelung-500ml","status":"publish","type":"product","link":"https:\/\/realearthstories.es\/de\/tienda\/rosmarin-bhringraj-spuelung-500ml\/","title":{"rendered":"Rosmarin &amp; Bhringraj Sp\u00fclung 500ml"},"content":{"rendered":"<ul>\n<li><strong><strong><strong><strong>Inhaltsstoffe INCI: <\/strong><\/strong><\/strong><\/strong>Aqua, Rosmarinus officinalis (Rosmarin) leaf oil, Hydrolyzed wheat protein, Rosmarinus officinalis leaf (Rosemary) extract, Eclipta alba (Bhringraj) powder, Cocos nucifera (Coconut) oil, Zea mays (Corn) starch, Butyrospermum parkii (Shea) butter, Cetyl alcohol, Argania spinosa kernel (Argan) oil, Adansonia digitata seed (Baobab) oil, Glyceryl oleate, Olea Europaea (Olive) fruit oil, Mangifera indica (Mango) seed butter, Cetostearyl alcohol, Biotin, Cocos nucifera (Coconut) fruit extract, Gluconic acid, Cymbopogon citratus (Lemongrass) leaf oil, Sodium PCA, Sesamum indicum (Sesam) seed oil, Tartaric acid, Sodium benzoate, Potassium sorbate, Xanthan gum, Limonene*, Linalool*. (*Nat\u00fcrlicher Bestandteil von \u00e4therischen \u00d6len) <\/li>\n<li><strong>Gr\u00f6\u00dfe:<\/strong> 500ml<\/li>\n<li><strong>Herkunft:<\/strong> Indien<\/li>\n<li><strong>Frei von:<\/strong> Parabenen, Silikonen und Konservierungsstoffen<\/li>\n<\/ul>\n","protected":false},"excerpt":{"rendered":"<p data-start=\"0\" data-end=\"206\">Diese sulfat-, silikon- und parabenfreie Sp\u00fclung kombiniert Rosmarin und Bhringraj, zwei wirksame ayurvedische Inhaltsstoffe, die daf\u00fcr bekannt sind, die Kopfhaut zu stimulieren und das Haar von der Wurzel her zu st\u00e4rken.<\/p>\n<p data-start=\"208\" data-end=\"494\"><strong data-start=\"211\" data-end=\"221\">Rosmarin<\/strong> ist bekannt f\u00fcr seine F\u00e4higkeit, die Durchblutung der Kopfhaut zu verbessern und so ein st\u00e4rkeres und ges\u00fcnderes Haarwachstum zu f\u00f6rdern. <strong data-start=\"373\" data-end=\"386\">Bhringraj<\/strong>, das im Ayurveda als &#8222;K\u00f6nig der Haare&#8220; gilt, hilft, Haarausfall zu verhindern und die Haarfaser zu st\u00e4rken. <\/p>\n<p data-start=\"496\" data-end=\"793\">Seine Formel ist angereichert mit pflegendem <strong data-start=\"550\" data-end=\"581\">Argan-, Baobab-, Kokosnuss- und Oliven\u00f6l<\/strong> sowie <strong data-start=\"605\" data-end=\"623\">Shea- und Mangobutter<\/strong>, die das Haar mit Feuchtigkeit versorgen, ohne es zu beschweren. Dar\u00fcber hinaus st\u00e4rken <strong data-start=\"678\" data-end=\"727\">Weizenproteinhydrolysat und Biotin<\/strong> die Haarstruktur und sorgen f\u00fcr Volumen und Vitalit\u00e4t. <\/p>\n<p data-start=\"795\" data-end=\"973\" data-is-last-node=\"\" data-is-only-node=\"\">Mit jeder Anwendung f\u00fchlt sich Ihr Haar kr\u00e4ftiger und weicher an und erh\u00e4lt einen nat\u00fcrlichen Glanz. Ideal f\u00fcr alle, die eine intensive Haarpflege mit hochwertigen pflanzlichen Inhaltsstoffen suchen. <\/p>\n","protected":false},"featured_media":9180,"template":"","meta":{"_acf_changed":false},"product_brand":[],"product_cat":[90,83,89,88],"product_tag":[],"class_list":{"0":"post-13643","1":"product","2":"type-product","3":"status-publish","4":"has-post-thumbnail","6":"product_cat-5p-methode","7":"product_cat-gelockte-methode","8":"product_cat-nachrichten","9":"product_cat-repariert-und-staerkt-das-haar","11":"first","12":"instock","13":"taxable","14":"shipping-taxable","15":"purchasable","16":"product-type-simple"},"bundled_by":[],"bundle_stock_status":"instock","bundle_stock_quantity":null,"bundle_virtual":false,"bundle_layout":"","bundle_add_to_cart_form_location":"","bundle_editable_in_cart":false,"bundle_sold_individually_context":"","bundle_item_grouping":"","bundle_min_size":"","bundle_max_size":"","bundle_price":[],"bundled_items":[],"bundle_sell_ids":[],"acf":[],"_links":{"self":[{"href":"https:\/\/realearthstories.es\/de\/wp-json\/wp\/v2\/product\/13643","targetHints":{"allow":["GET"]}}],"collection":[{"href":"https:\/\/realearthstories.es\/de\/wp-json\/wp\/v2\/product"}],"about":[{"href":"https:\/\/realearthstories.es\/de\/wp-json\/wp\/v2\/types\/product"}],"wp:featuredmedia":[{"embeddable":true,"href":"https:\/\/realearthstories.es\/de\/wp-json\/wp\/v2\/media\/9180"}],"wp:attachment":[{"href":"https:\/\/realearthstories.es\/de\/wp-json\/wp\/v2\/media?parent=13643"}],"wp:term":[{"taxonomy":"product_brand","embeddable":true,"href":"https:\/\/realearthstories.es\/de\/wp-json\/wp\/v2\/product_brand?post=13643"},{"taxonomy":"product_cat","embeddable":true,"href":"https:\/\/realearthstories.es\/de\/wp-json\/wp\/v2\/product_cat?post=13643"},{"taxonomy":"product_tag","embeddable":true,"href":"https:\/\/realearthstories.es\/de\/wp-json\/wp\/v2\/product_tag?post=13643"}],"curies":[{"name":"wp","href":"https:\/\/api.w.org\/{rel}","templated":true}]}}