{"id":13642,"date":"2025-10-21T21:32:34","date_gmt":"2025-10-21T21:32:34","guid":{"rendered":"https:\/\/realearthstories.es\/tienda\/brauner-ausgleich-brauner-farbton-shader\/"},"modified":"2025-10-21T21:32:34","modified_gmt":"2025-10-21T21:32:34","slug":"brauner-ausgleich-brauner-farbton-shader","status":"publish","type":"product","link":"https:\/\/realearthstories.es\/de\/tienda\/brauner-ausgleich-brauner-farbton-shader\/","title":{"rendered":"Brauner Ausgleich (Brauner Farbton Shader)"},"content":{"rendered":"<ul>\n<li>INCI Inhaltsstoffe: Haematoxylum Campechianum Campechianum Holzpulver, Indigofera Tinctoria Blattpulver, Lawsonia Inermis Blattpulver, Althaea Officinalis Wurzelpulver, Juglans Regia Schalenpulver<\/li>\n<li>Gr\u00f6\u00dfe: 100g<\/li>\n<li>Herkunft: Indien<\/li>\n<li>Frei von: Parabenen, Silikonen, Zusatzstoffen, Chemikalien, Reizstoffen oder Toxinen.\n<div class=\"flex-shrink-0 flex flex-col relative items-end\">\n<div>\n<div class=\"pt-0\"><\/div>\n<\/div>\n<\/div>\n<div class=\"group\/conversation-turn relative flex w-full min-w-0 flex-col agent-turn\">\n<div class=\"flex-col gap-1 md:gap-3\">\n<div class=\"flex max-w-full flex-col flex-grow\">\n<div class=\"min-h-8 text-message flex w-full flex-col items-end gap-2 whitespace-normal break-words text-start [.text-message+&amp;]:mt-5\" dir=\"auto\" data-message-author-role=\"assistant\" data-message-id=\"69abf4dc-3bfe-4f8f-b3f0-1b09d0ce5631\" data-message-model-slug=\"gpt-4o\">\n<div class=\"flex w-full flex-col gap-1 empty:hidden first:pt-[3px]\">\n<div class=\"markdown prose w-full break-words dark:prose-invert light\">\n<p>*Hinweis: Nicht empfohlen f\u00fcr Menschen mit Nussallergien.<\/p>\n<\/div>\n<\/div>\n<\/div>\n<\/div>\n<\/div>\n<\/div>\n<\/li>\n<\/ul>\n","protected":false},"excerpt":{"rendered":"<p class=\"\" data-start=\"102\" data-end=\"213\">Pflanzlicher Blender zum Ausgleich unerw\u00fcnschter kupferfarbener oder r\u00f6tlicher T\u00f6ne. Ideal, um k\u00fchle T\u00f6ne zu erhalten und ein gleichm\u00e4\u00dfigeres und nat\u00fcrlicheres Ergebnis auf warm pigmentierten Grundlagen zu erzielen. <\/p>\n<p class=\"\" data-start=\"215\" data-end=\"588\">Dieser Farbton deckt graues Haar nicht ab, sondern dient als nat\u00fcrliche Schattierung, um <strong data-start=\"496\" data-end=\"532\">warme Str\u00e4hnchen zu neutralisieren<\/strong> und ein Gleichgewicht zu bereits aufgetragenen Farben herzustellen.<\/p>\n<p class=\"\" data-start=\"590\" data-end=\"922\">Es wird empfohlen, das Henna auf das saubere Haar aufzutragen und <strong data-start=\"654\" data-end=\"673\">20-40 Minuten<\/strong> einwirken zu lassen, je nach der Intensit\u00e4t des r\u00f6tlichen Farbtons, den Sie mattieren m\u00f6chten. Wenn die Einwirkzeit 20 Minuten \u00fcberschreitet, ist es wichtig, <strong data-start=\"797\" data-end=\"840\">das Haar mit Frischhaltefolie abzudecken<\/strong>, um es mit Feuchtigkeit zu versorgen und ein Austrocknen des Hennas w\u00e4hrend des Prozesses zu verhindern. <\/p>\n","protected":false},"featured_media":9567,"template":"","meta":{"_acf_changed":false},"product_brand":[],"product_cat":[83,89,93,48,88],"product_tag":[],"class_list":{"0":"post-13642","1":"product","2":"type-product","3":"status-publish","4":"has-post-thumbnail","6":"product_cat-gelockte-methode","7":"product_cat-nachrichten","8":"product_cat-pflanzliche-farbstoffe","9":"product_cat-rebajas","10":"product_cat-repariert-und-staerkt-das-haar","12":"first","13":"instock","14":"taxable","15":"shipping-taxable","16":"purchasable","17":"product-type-simple"},"bundled_by":[],"bundle_stock_status":"instock","bundle_stock_quantity":null,"bundle_virtual":false,"bundle_layout":"","bundle_add_to_cart_form_location":"","bundle_editable_in_cart":false,"bundle_sold_individually_context":"","bundle_item_grouping":"","bundle_min_size":"","bundle_max_size":"","bundle_price":[],"bundled_items":[],"bundle_sell_ids":[],"acf":[],"_links":{"self":[{"href":"https:\/\/realearthstories.es\/de\/wp-json\/wp\/v2\/product\/13642","targetHints":{"allow":["GET"]}}],"collection":[{"href":"https:\/\/realearthstories.es\/de\/wp-json\/wp\/v2\/product"}],"about":[{"href":"https:\/\/realearthstories.es\/de\/wp-json\/wp\/v2\/types\/product"}],"wp:featuredmedia":[{"embeddable":true,"href":"https:\/\/realearthstories.es\/de\/wp-json\/wp\/v2\/media\/9567"}],"wp:attachment":[{"href":"https:\/\/realearthstories.es\/de\/wp-json\/wp\/v2\/media?parent=13642"}],"wp:term":[{"taxonomy":"product_brand","embeddable":true,"href":"https:\/\/realearthstories.es\/de\/wp-json\/wp\/v2\/product_brand?post=13642"},{"taxonomy":"product_cat","embeddable":true,"href":"https:\/\/realearthstories.es\/de\/wp-json\/wp\/v2\/product_cat?post=13642"},{"taxonomy":"product_tag","embeddable":true,"href":"https:\/\/realearthstories.es\/de\/wp-json\/wp\/v2\/product_tag?post=13642"}],"curies":[{"name":"wp","href":"https:\/\/api.w.org\/{rel}","templated":true}]}}