{"id":13639,"date":"2025-10-21T21:32:30","date_gmt":"2025-10-21T21:32:30","guid":{"rendered":"https:\/\/realearthstories.es\/tienda\/blonde-balance-blonde-balance-blonde-tone-blender\/"},"modified":"2025-10-21T21:32:30","modified_gmt":"2025-10-21T21:32:30","slug":"blonde-balance-blonde-balance-blonde-tone-blender","status":"publish","type":"product","link":"https:\/\/realearthstories.es\/de\/tienda\/blonde-balance-blonde-balance-blonde-tone-blender\/","title":{"rendered":"Blonde Balance (Blonde Balance Blonde Tone Blender)"},"content":{"rendered":"<ul>\n<li>INCI Inhaltsstoffe: <span class=\"OYPEnA font-feature-liga-off font-feature-clig-off font-feature-calt-off text-decoration-none text-strikethrough-none\">Juglans Regia Shell Powder (Walnussschalenpulver), Arnebia Nobilis Root Powder (Ratanjot), Cassia Obovata Leaf Powder, Althaea Officinalis Root Powder<\/span><\/li>\n<li>Gr\u00f6\u00dfe: 100g<\/li>\n<li>Herkunft: Indien<\/li>\n<li>Frei von: Parabenen, Silikonen, Zusatzstoffen, Chemikalien, Reizstoffen oder Toxinen.\n<div class=\"flex-shrink-0 flex flex-col relative items-end\">\n<div>\n<div class=\"pt-0\"><\/div>\n<\/div>\n<\/div>\n<div class=\"group\/conversation-turn relative flex w-full min-w-0 flex-col agent-turn\">\n<div class=\"flex-col gap-1 md:gap-3\">\n<div class=\"flex max-w-full flex-col flex-grow\">\n<div class=\"min-h-8 text-message flex w-full flex-col items-end gap-2 whitespace-normal break-words text-start [.text-message+&amp;]:mt-5\" dir=\"auto\" data-message-author-role=\"assistant\" data-message-id=\"69abf4dc-3bfe-4f8f-b3f0-1b09d0ce5631\" data-message-model-slug=\"gpt-4o\">\n<div class=\"flex w-full flex-col gap-1 empty:hidden first:pt-[3px]\">\n<div class=\"markdown prose w-full break-words dark:prose-invert light\">\n<p>*Hinweis: Nicht empfohlen f\u00fcr Menschen mit Nussallergien.<\/p>\n<\/div>\n<\/div>\n<\/div>\n<\/div>\n<\/div>\n<\/div>\n<\/li>\n<\/ul>\n","protected":false},"excerpt":{"rendered":"<p class=\"\" data-start=\"162\" data-end=\"457\">100% pflanzliche Mischung, die unerw\u00fcnschte gelbliche oder orangefarbene T\u00f6ne in blondem oder hellem Haar ausgleicht. Ideal, um k\u00fchle und aschige T\u00f6ne zu erhalten und eine harmonische, nat\u00fcrliche und einheitliche Farbe zu erzielen. <\/p>\n<p class=\"\" data-start=\"459\" data-end=\"711\">Dieses Produkt deckt graues Haar nicht ab. Es ist ein pflanzlicher Mattierer, der sanft und progressiv auf warme Str\u00e4hnchen einwirkt und sie dank der kombinierten Wirkung von Pflanzen wie Ratanjot, Cassia und Walnussschale neutralisiert. <\/p>\n","protected":false},"featured_media":9585,"template":"","meta":{"_acf_changed":false},"product_brand":[],"product_cat":[83,89,93,48,88],"product_tag":[],"class_list":{"0":"post-13639","1":"product","2":"type-product","3":"status-publish","4":"has-post-thumbnail","6":"product_cat-gelockte-methode","7":"product_cat-nachrichten","8":"product_cat-pflanzliche-farbstoffe","9":"product_cat-rebajas","10":"product_cat-repariert-und-staerkt-das-haar","12":"first","13":"instock","14":"taxable","15":"shipping-taxable","16":"purchasable","17":"product-type-simple"},"bundled_by":[],"bundle_stock_status":"instock","bundle_stock_quantity":null,"bundle_virtual":false,"bundle_layout":"","bundle_add_to_cart_form_location":"","bundle_editable_in_cart":false,"bundle_sold_individually_context":"","bundle_item_grouping":"","bundle_min_size":"","bundle_max_size":"","bundle_price":[],"bundled_items":[],"bundle_sell_ids":[],"acf":[],"_links":{"self":[{"href":"https:\/\/realearthstories.es\/de\/wp-json\/wp\/v2\/product\/13639","targetHints":{"allow":["GET"]}}],"collection":[{"href":"https:\/\/realearthstories.es\/de\/wp-json\/wp\/v2\/product"}],"about":[{"href":"https:\/\/realearthstories.es\/de\/wp-json\/wp\/v2\/types\/product"}],"wp:featuredmedia":[{"embeddable":true,"href":"https:\/\/realearthstories.es\/de\/wp-json\/wp\/v2\/media\/9585"}],"wp:attachment":[{"href":"https:\/\/realearthstories.es\/de\/wp-json\/wp\/v2\/media?parent=13639"}],"wp:term":[{"taxonomy":"product_brand","embeddable":true,"href":"https:\/\/realearthstories.es\/de\/wp-json\/wp\/v2\/product_brand?post=13639"},{"taxonomy":"product_cat","embeddable":true,"href":"https:\/\/realearthstories.es\/de\/wp-json\/wp\/v2\/product_cat?post=13639"},{"taxonomy":"product_tag","embeddable":true,"href":"https:\/\/realearthstories.es\/de\/wp-json\/wp\/v2\/product_tag?post=13639"}],"curies":[{"name":"wp","href":"https:\/\/api.w.org\/{rel}","templated":true}]}}