{"id":13637,"date":"2025-10-21T21:32:29","date_gmt":"2025-10-21T21:32:29","guid":{"rendered":"https:\/\/realearthstories.es\/tienda\/rosmarin-bhringraj-shampoo-500ml\/"},"modified":"2025-10-21T21:32:29","modified_gmt":"2025-10-21T21:32:29","slug":"rosmarin-bhringraj-shampoo-500ml","status":"publish","type":"product","link":"https:\/\/realearthstories.es\/de\/tienda\/rosmarin-bhringraj-shampoo-500ml\/","title":{"rendered":"Rosmarin &amp; Bhringraj Shampoo 500ml"},"content":{"rendered":"<ul>\n<li><strong><strong><strong><strong>Inhaltsstoffe INCI: <\/strong><\/strong><\/strong><\/strong>Aqua, Cocamidopropyl betaine, Eclipta prostrata (Bhringraj) extract, Lauryl glucoside, Cocos nucifera (Coconut) fruit extract, Rosmarinus officinalis (Rosemary) leaf extract, Spirulina platensis (Spirulina) extract, Caprylyl\/Capryl Glucoside, Coco-glucoside, Ethylene glycol distearate, Gluconic acid, Glycerin, Decyl glucoside, Kaliumsorbat, Natriumbenzoat, Xanthan, Zitronens\u00e4ure, Persea gratissima (Avacado)-\u00d6l, Weins\u00e4ure, Natriumgluconat, Citrus paradisi (Grapefruit)-Samen\u00f6l, Citrus limon (Zitrone)-Schalen\u00f6l, Lactobacillus, Olea europaea (Olive)-Frucht\u00f6l, Mentha piperita (Pfefferminz)-\u00d6l, Citral*, Linalool*, Limonene*, Geraniol*, Citronellol*. (*Nat\u00fcrlicher Bestandteil von \u00e4therischen \u00d6len) <\/li>\n<li><strong>Gr\u00f6\u00dfe:<\/strong> 500ml<\/li>\n<li><strong>Herkunft:<\/strong> Indien<\/li>\n<li><strong>Frei von:<\/strong> Parabenen, Silikonen und Konservierungsstoffen<\/li>\n<\/ul>\n","protected":false},"excerpt":{"rendered":"<p class=\"\" data-start=\"58\" data-end=\"463\"><strong data-start=\"50\" data-end=\"95\">Sulfatfreies Botanical Clarifying Shampoo<\/strong><br data-start=\"95\" data-end=\"98\">Reinigt dank seiner sanften, sulfatfreien Formel gr\u00fcndlich, ohne die Kopfhaut zu sch\u00e4digen. Enth\u00e4lt Extrakte aus Bhringraj, Kokosnuss, Rosmarin und Spirulina, die R\u00fcckst\u00e4nde, Fett und angesammelte Giftstoffe beseitigen und das Haar frisch, locker und ausgeglichen machen.<br data-start=\"354\" data-end=\"357\">Angereichert mit \u00e4therischen \u00d6len aus Grapefruit, Zitrone und Minze, verleiht es Glanz und Leichtigkeit. <br data-start=\"443\" data-end=\"446\"><strong data-start=\"446\" data-end=\"511\">Ideal zur Vorbereitung des Haares vor dem F\u00e4rben mit Pflanzenfarben<\/strong>, damit die Farbe besser aufgenommen werden kann.<br data-start=\"554\" data-end=\"557\"><strong data-start=\"557\" data-end=\"629\">Sulfatfrei. Keine Silikone. Nur Pflanzen, die mit Respekt reinigen.  <\/strong><\/p>\n","protected":false},"featured_media":10078,"template":"","meta":{"_acf_changed":false},"product_brand":[],"product_cat":[90,92,83,89,48,88],"product_tag":[],"class_list":{"0":"post-13637","1":"product","2":"type-product","3":"status-publish","4":"has-post-thumbnail","6":"product_cat-5p-methode","7":"product_cat-auslass","8":"product_cat-gelockte-methode","9":"product_cat-nachrichten","10":"product_cat-rebajas","11":"product_cat-repariert-und-staerkt-das-haar","13":"first","14":"instock","15":"taxable","16":"shipping-taxable","17":"purchasable","18":"product-type-simple"},"bundled_by":[],"bundle_stock_status":"instock","bundle_stock_quantity":null,"bundle_virtual":false,"bundle_layout":"","bundle_add_to_cart_form_location":"","bundle_editable_in_cart":false,"bundle_sold_individually_context":"","bundle_item_grouping":"","bundle_min_size":"","bundle_max_size":"","bundle_price":[],"bundled_items":[],"bundle_sell_ids":[],"acf":[],"_links":{"self":[{"href":"https:\/\/realearthstories.es\/de\/wp-json\/wp\/v2\/product\/13637","targetHints":{"allow":["GET"]}}],"collection":[{"href":"https:\/\/realearthstories.es\/de\/wp-json\/wp\/v2\/product"}],"about":[{"href":"https:\/\/realearthstories.es\/de\/wp-json\/wp\/v2\/types\/product"}],"wp:featuredmedia":[{"embeddable":true,"href":"https:\/\/realearthstories.es\/de\/wp-json\/wp\/v2\/media\/10078"}],"wp:attachment":[{"href":"https:\/\/realearthstories.es\/de\/wp-json\/wp\/v2\/media?parent=13637"}],"wp:term":[{"taxonomy":"product_brand","embeddable":true,"href":"https:\/\/realearthstories.es\/de\/wp-json\/wp\/v2\/product_brand?post=13637"},{"taxonomy":"product_cat","embeddable":true,"href":"https:\/\/realearthstories.es\/de\/wp-json\/wp\/v2\/product_cat?post=13637"},{"taxonomy":"product_tag","embeddable":true,"href":"https:\/\/realearthstories.es\/de\/wp-json\/wp\/v2\/product_tag?post=13637"}],"curies":[{"name":"wp","href":"https:\/\/api.w.org\/{rel}","templated":true}]}}