{"id":13636,"date":"2025-10-21T21:32:27","date_gmt":"2025-10-21T21:32:27","guid":{"rendered":"https:\/\/realearthstories.es\/tienda\/authentisches-essenz-ritual-natuerliche-kastanie\/"},"modified":"2025-10-21T21:32:27","modified_gmt":"2025-10-21T21:32:27","slug":"authentisches-essenz-ritual-natuerliche-kastanie","status":"publish","type":"product","link":"https:\/\/realearthstories.es\/de\/tienda\/authentisches-essenz-ritual-natuerliche-kastanie\/","title":{"rendered":"Authentisches Essenz-Ritual (Nat\u00fcrliche Kastanie)"},"content":{"rendered":"<p><span style=\"font-weight: 400\">Die Packung enth\u00e4lt die folgenden 4 Produkte:<\/span><\/p>\n<p><b>Braunes Henna 250g &#8211;  <\/b><span style=\"font-weight: 400\">INCI: Lawsonia Inermis Blattpulver*, Indigofera Tinctoria Blattpulver*, Emblica officinalis Fruchtpulver* (*biologische Zutaten) <\/span><\/p>\n<p><b>Argan\u00f6l 100ml &#8211; &#8211; Argan\u00f6l <\/b><span style=\"font-weight: 400\">INCI: Argania Spinosa Kernel Oil* (*Organischer Inhaltsstoff)<\/span><\/p>\n<p><b>Rosmarin &amp; Bhringraj Shampoo 500ml &#8211;<\/b><span style=\"font-weight: 400\">  INCI: Aqua, Cocamidopropyl betaine, Eclipta prostrata (Bhringraj) extract, Lauryl glucoside, Cocos nucifera (Coconut) fruit extract, Rosmarinus officinalis (Rosemary) leaf extract, Spirulina platensis (Spirulina) extract, Caprylyl\/Capryl Glucoside, Coco-glucoside, Ethylene glycol distearate, Gluconic acid, Glycerin, Decyl glucoside, Kaliumsorbat, Natriumbenzoat, Xanthan, Zitronens\u00e4ure, Persea gratissima (Avacado)-\u00d6l, Weins\u00e4ure, Natriumgluconat, Citrus paradisi (Grapefruit)-Samen\u00f6l, Citrus limon (Zitrone)-Schalen\u00f6l, Lactobacillus, Olea europaea (Olive)-Frucht\u00f6l, Mentha piperita (Pfefferminz)-\u00d6l, Citral*, Linalool*, Limonene*, Geraniol*, Citronellol*. (*Nat\u00fcrlicher Bestandteil von \u00e4therischen \u00d6len) <\/span><\/p>\n<p><b>Rosmarin &amp; Bhringraj Sp\u00fclung 500ml &#8211; Rosmarin &amp; Bhringraj 500ml &#8211; Rosmarin &amp; Bhringraj Sp\u00fclung  <\/b><span style=\"font-weight: 400\">INCI: Aqua, Rosmarinus officinalis (Rosmarin) leaf oil, Hydrolyzed wheat protein, Rosmarinus officinalis leaf (Rosemary) extract, Eclipta alba (Bhringraj) powder, Cocos nucifera (Coconut) oil, Zea mays (Corn) starch, Butyrospermum parkii (Shea) butter, Cetyl alcohol, Argania spinosa kernel (Argan) oil, Adansonia digitata seed (Baobab) oil, Glyceryl oleate, Olea Europaea (Olive) fruit oil, Mangifera indica (Mango) seed butter, Cetostearyl alcohol, Biotin, Cocos nucifera (Coconut) fruit extract, Gluconic acid, Cymbopogon citratus (Lemongrass) leaf oil, Sodium PCA, Sesamum indicum (Sesam) seed oil, Tartaric acid, Sodium benzoate, Potassium sorbate, Xanthan gum, Limonene*, Linalool*. (*Nat\u00fcrlicher Bestandteil von \u00e4therischen \u00d6len) <\/span><\/p>\n<ul>\n<li><b>Herkunft: Indien<\/b><\/li>\n<\/ul>\n<ul>\n<li><b>Bio-Zertifizierung: Bio Vida Sana, Bio Inspecta und USDA Organic<\/b><\/li>\n<\/ul>\n<ul>\n<li><b>Frei von: Parabenen, Silikonen, Konservierungsmitteln und chemischen Produkten.<\/b><\/li>\n<\/ul>\n<p>&nbsp;<\/p>\n","protected":false},"excerpt":{"rendered":"<p><span style=\"font-weight: 400\">Diese Packung ist ideal, wenn Sie mittel- oder dunkelbraunes Haar und weniger als 30% graues Haar haben. Es wurde entwickelt, um Ihnen eine effektive und nat\u00fcrliche Abdeckung zu bieten. <\/span><\/p>\n","protected":false},"featured_media":13972,"template":"","meta":{"_acf_changed":false},"product_brand":[],"product_cat":[92,74,48],"product_tag":[],"class_list":{"0":"post-13636","1":"product","2":"type-product","3":"status-publish","4":"has-post-thumbnail","6":"product_cat-auslass","7":"product_cat-korperpflege","8":"product_cat-rebajas","10":"first","11":"instock","12":"sale","13":"taxable","14":"shipping-taxable","15":"product-type-bundle"},"bundled_by":[],"bundle_stock_status":"instock","bundle_stock_quantity":"","bundle_virtual":false,"bundle_layout":"grid","bundle_add_to_cart_form_location":"default","bundle_editable_in_cart":false,"bundle_sold_individually_context":"product","bundle_item_grouping":"parent","bundle_min_size":"","bundle_max_size":"","bundle_price":{"price":{"min":{"incl_tax":"57","excl_tax":"47.107438"},"max":{"incl_tax":"57","excl_tax":"47.107438"}},"regular_price":{"min":{"incl_tax":"66.6","excl_tax":"55.041322"},"max":{"incl_tax":"66.6","excl_tax":"55.041322"}}},"bundled_items":[],"bundle_sell_ids":[],"acf":[],"_links":{"self":[{"href":"https:\/\/realearthstories.es\/de\/wp-json\/wp\/v2\/product\/13636","targetHints":{"allow":["GET"]}}],"collection":[{"href":"https:\/\/realearthstories.es\/de\/wp-json\/wp\/v2\/product"}],"about":[{"href":"https:\/\/realearthstories.es\/de\/wp-json\/wp\/v2\/types\/product"}],"wp:featuredmedia":[{"embeddable":true,"href":"https:\/\/realearthstories.es\/de\/wp-json\/wp\/v2\/media\/13972"}],"wp:attachment":[{"href":"https:\/\/realearthstories.es\/de\/wp-json\/wp\/v2\/media?parent=13636"}],"wp:term":[{"taxonomy":"product_brand","embeddable":true,"href":"https:\/\/realearthstories.es\/de\/wp-json\/wp\/v2\/product_brand?post=13636"},{"taxonomy":"product_cat","embeddable":true,"href":"https:\/\/realearthstories.es\/de\/wp-json\/wp\/v2\/product_cat?post=13636"},{"taxonomy":"product_tag","embeddable":true,"href":"https:\/\/realearthstories.es\/de\/wp-json\/wp\/v2\/product_tag?post=13636"}],"curies":[{"name":"wp","href":"https:\/\/api.w.org\/{rel}","templated":true}]}}