{"id":13635,"date":"2025-10-21T21:32:27","date_gmt":"2025-10-21T21:32:27","guid":{"rendered":"https:\/\/realearthstories.es\/tienda\/shikakai-zwiebel-shampoo-500ml-2\/"},"modified":"2025-10-21T21:32:27","modified_gmt":"2025-10-21T21:32:27","slug":"shikakai-zwiebel-shampoo-500ml-2","status":"publish","type":"product","link":"https:\/\/realearthstories.es\/de\/tienda\/shikakai-zwiebel-shampoo-500ml-2\/","title":{"rendered":"Shikakai &amp; Zwiebel Shampoo 500ml"},"content":{"rendered":"<ul>\n<li><strong><strong><strong><strong>INCI-Inhaltsstoffe:  <\/strong><\/strong><\/strong><\/strong>Aqua, Sodium Lauroyl Sarcosinate, Decyl Glucoside, Lauryl Glucoside, Cocamidopropyl Betaine, Allium Cepa (Onion) Bulb Extract, Acacia Concinna (Shikakai) Fruit Extract, Glycerin, Zemea (Propanediol), Glycol Distearate, Cyamopsis Tetragonoloba (Guar) Gum, Hydrolyzed Wheat Protein, Cetrimonium Chloride, Emblica Officinalis (Amla) Fruit Extract, Eclipta Alba (Bhringraj) Extract, Azadirachta Indica (Neem) Leaf Extract, Vetiveria Zizanoides (Vetiver) Root Extract, Hibiscus Sabdariffa (Hibiscus) Flower Extract, Aloe Barbadensis (Aloe Vera) Leaf Extract, Sodium Benzoate, Emblica Officinalis (Amla) Oil, Argania Spinosa (Argan) Kernel Oil, Nigella Sativa (Black Seed) Seed Oil, Keratin, Biotin, Salicyl Acid, Benzyl Alcohol, Cananga Odorata (Ylang Ylang) Flower Oil, Sodium Gluconate, Sorbic Acid, Limonene*, Linalool*. (*Nat\u00fcrlicher Bestandteil von \u00e4therischen \u00d6len). <\/li>\n<li><strong>Gr\u00f6\u00dfe:<\/strong> 500ml<\/li>\n<li><strong>Herkunft:<\/strong> Indien<\/li>\n<li><strong>Frei von:<\/strong> Parabenen, Silikonen und Konservierungsstoffen<\/li>\n<\/ul>\n","protected":false},"excerpt":{"rendered":"<p class=\"\" data-start=\"58\" data-end=\"463\">Dieses feuchtigkeitsspendende ayurvedische Shampoo <strong>ohne Sulfate, Silikone und Parabene<\/strong> besteht aus einer Vielzahl von Pflanzen, die synergetisch zusammenwirken, um die allgemeine Gesundheit des Haares zu verbessern. Shikakai und Zwiebel sind aufgrund ihrer revitalisierenden und n\u00e4hrenden Eigenschaften f\u00fcr das Haar von gro\u00dfem Nutzen. Shikakai, ein ayurvedisches Kraut, ist bekannt f\u00fcr seine F\u00e4higkeit,<strong> die Kopfhaut sanft zu reinigen und<\/strong> <strong>Unreinheiten zu beseitigen, ohne die nat\u00fcrlichen \u00d6le auf der Kopfhaut zu entfernen<\/strong>, w\u00e4hrend die Zwiebel, die reich an Verbindungen wie Schwefel und Quercetin ist,<strong> das Haar st\u00e4rkt, das Wachstum anregt und gegen Haarausfall hilft.<\/strong> Diese nat\u00fcrlichen Inhaltsstoffe wirken synergetisch, um ges\u00fcnderes, kr\u00e4ftigeres und gl\u00e4nzenderes Haar zu f\u00f6rdern. Damit ist das Shampoo die ideale Wahl f\u00fcr alle, die eine nat\u00fcrliche, vitaminreiche und effektive Haarpflegel\u00f6sung suchen.<\/p>\n","protected":false},"featured_media":10083,"template":"","meta":{"_acf_changed":false},"product_brand":[],"product_cat":[90,86,83,89,88],"product_tag":[],"class_list":{"0":"post-13635","1":"product","2":"type-product","3":"status-publish","4":"has-post-thumbnail","6":"product_cat-5p-methode","7":"product_cat-anti-aging","8":"product_cat-gelockte-methode","9":"product_cat-nachrichten","10":"product_cat-repariert-und-staerkt-das-haar","12":"first","13":"instock","14":"taxable","15":"shipping-taxable","16":"purchasable","17":"product-type-simple"},"bundled_by":[],"bundle_stock_status":"instock","bundle_stock_quantity":null,"bundle_virtual":false,"bundle_layout":"","bundle_add_to_cart_form_location":"","bundle_editable_in_cart":false,"bundle_sold_individually_context":"","bundle_item_grouping":"","bundle_min_size":"","bundle_max_size":"","bundle_price":[],"bundled_items":[],"bundle_sell_ids":[],"acf":[],"_links":{"self":[{"href":"https:\/\/realearthstories.es\/de\/wp-json\/wp\/v2\/product\/13635","targetHints":{"allow":["GET"]}}],"collection":[{"href":"https:\/\/realearthstories.es\/de\/wp-json\/wp\/v2\/product"}],"about":[{"href":"https:\/\/realearthstories.es\/de\/wp-json\/wp\/v2\/types\/product"}],"wp:featuredmedia":[{"embeddable":true,"href":"https:\/\/realearthstories.es\/de\/wp-json\/wp\/v2\/media\/10083"}],"wp:attachment":[{"href":"https:\/\/realearthstories.es\/de\/wp-json\/wp\/v2\/media?parent=13635"}],"wp:term":[{"taxonomy":"product_brand","embeddable":true,"href":"https:\/\/realearthstories.es\/de\/wp-json\/wp\/v2\/product_brand?post=13635"},{"taxonomy":"product_cat","embeddable":true,"href":"https:\/\/realearthstories.es\/de\/wp-json\/wp\/v2\/product_cat?post=13635"},{"taxonomy":"product_tag","embeddable":true,"href":"https:\/\/realearthstories.es\/de\/wp-json\/wp\/v2\/product_tag?post=13635"}],"curies":[{"name":"wp","href":"https:\/\/api.w.org\/{rel}","templated":true}]}}