{"id":13633,"date":"2025-10-21T21:32:26","date_gmt":"2025-10-21T21:32:26","guid":{"rendered":"https:\/\/realearthstories.es\/tienda\/roots-ayurvedisches-haaroel\/"},"modified":"2025-10-21T21:32:26","modified_gmt":"2025-10-21T21:32:26","slug":"roots-ayurvedisches-haaroel","status":"publish","type":"product","link":"https:\/\/realearthstories.es\/de\/tienda\/roots-ayurvedisches-haaroel\/","title":{"rendered":"Roots &#8211; Ayurvedisches Haar\u00f6l"},"content":{"rendered":"<ul>\n<li aria-level=\"1\">INCI-Inhaltsstoffe: Emblica Officinalis Seed Oil*, Simmondsia Chinensis (Jojoba) Seed Oil*, Cocos Nucifera (Coconut) Oil, Moringa Oleifera Seed Oil*, Azadirachta Indica (Neem) Seed Oil*, Allium Cepa Seed Oil, Eclipta Alba Extract, Rosmarinus Officinalis (Rosemary) Leaf Extract, Centella Asiatica Extract, Bacopa Monnieri Extract, Indigofera Tinctoria Extract, Tocopheryl Acetate, Tocopherol, Pelargonium Graveolens Flower Oil*, Pogostemon Cablin Oil*, Citral**, Geranoil**, Citronellol** (*Organische Inhaltsstoffe)(**Nat\u00fcrliche \u00e4therische \u00d6lkomponenten)<\/li>\n<li aria-level=\"1\">Gr\u00f6\u00dfe: 100ml<\/li>\n<li aria-level=\"1\">Herkunft: Indien<\/li>\n<li aria-level=\"1\">Bio-Zertifizierung: USDA Organic at Origin<\/li>\n<li aria-level=\"1\">Frei von: Parabenen, Silikonen, Zusatzstoffen, Chemikalien, Reizstoffen oder Toxinen.<\/li>\n<\/ul>\n","protected":false},"excerpt":{"rendered":"<p class=\"\" data-start=\"126\" data-end=\"460\"><em data-start=\"126\" data-end=\"133\">Roots<\/em> entstand aus einer pers\u00f6nlichen Geschichte: Es <strong data-start=\"165\" data-end=\"222\">ist die hausgemachte Rezeptur, die meine Gro\u00dfmutter in Indien zubereitete<\/strong>, mit Pflanzen und \u00d6len, die sie selbst mit Geduld und Liebe ansetzte. Heute haben wir es mit biologischen Zutaten und unter Ber\u00fccksichtigung der Prinzipien des Ayurveda perfektioniert, um Ihr Haar so zu pflegen, wie es fr\u00fchere Generationen taten. <\/p>\n<p class=\"\" data-start=\"462\" data-end=\"817\">Enth\u00e4lt eine kraftvolle Mischung aus <strong data-start=\"494\" data-end=\"532\">Amla, Neem, Moringa, Jojoba und Kokosnuss<\/strong>, die daf\u00fcr bekannt ist, <strong data-start=\"547\" data-end=\"632\">das Haar von der Wurzel her zu st\u00e4rken, das Haarwachstum zu stimulieren und Haarausfall zu verhindern<\/strong>. Au\u00dferdem enth\u00e4lt es traditionelle Extrakte wie <strong data-start=\"679\" data-end=\"725\">Rosmarin, Centella Asiatica, Brahmi und Indigo<\/strong>, die <strong data-start=\"731\" data-end=\"816\">die Kopfhaut beruhigen und ein gesundes Umfeld f\u00fcr das Haarwachstum f\u00f6rdern<\/strong>. <\/p>\n<p class=\"\" data-start=\"851\" data-end=\"1070\">Der pflanzliche und umh\u00fcllende Duft macht die Anwendung zu einem tiefen Selbstpflegeritual. Dieses \u00d6l <strong data-start=\"942\" data-end=\"1010\">ist ideal f\u00fcr stumpfes, gesch\u00e4digtes oder zum Ausfallen neigendes Haar<\/strong> und verleiht ihm mit jeder Anwendung neue Kraft und Geschmeidigkeit.<\/p>\n","protected":false},"featured_media":10093,"template":"","meta":{"_acf_changed":false},"product_brand":[],"product_cat":[86,85,89,77,48,81,79],"product_tag":[],"class_list":{"0":"post-13633","1":"product","2":"type-product","3":"status-publish","4":"has-post-thumbnail","6":"product_cat-anti-aging","7":"product_cat-fettige-haut","8":"product_cat-nachrichten","9":"product_cat-ole","10":"product_cat-rebajas","11":"product_cat-top-verkaufe","12":"product_cat-trockene-haut","14":"first","15":"instock","16":"taxable","17":"shipping-taxable","18":"purchasable","19":"product-type-simple"},"bundled_by":[],"bundle_stock_status":"instock","bundle_stock_quantity":null,"bundle_virtual":false,"bundle_layout":"","bundle_add_to_cart_form_location":"","bundle_editable_in_cart":false,"bundle_sold_individually_context":"","bundle_item_grouping":"","bundle_min_size":"","bundle_max_size":"","bundle_price":[],"bundled_items":[],"bundle_sell_ids":[],"acf":[],"_links":{"self":[{"href":"https:\/\/realearthstories.es\/de\/wp-json\/wp\/v2\/product\/13633","targetHints":{"allow":["GET"]}}],"collection":[{"href":"https:\/\/realearthstories.es\/de\/wp-json\/wp\/v2\/product"}],"about":[{"href":"https:\/\/realearthstories.es\/de\/wp-json\/wp\/v2\/types\/product"}],"wp:featuredmedia":[{"embeddable":true,"href":"https:\/\/realearthstories.es\/de\/wp-json\/wp\/v2\/media\/10093"}],"wp:attachment":[{"href":"https:\/\/realearthstories.es\/de\/wp-json\/wp\/v2\/media?parent=13633"}],"wp:term":[{"taxonomy":"product_brand","embeddable":true,"href":"https:\/\/realearthstories.es\/de\/wp-json\/wp\/v2\/product_brand?post=13633"},{"taxonomy":"product_cat","embeddable":true,"href":"https:\/\/realearthstories.es\/de\/wp-json\/wp\/v2\/product_cat?post=13633"},{"taxonomy":"product_tag","embeddable":true,"href":"https:\/\/realearthstories.es\/de\/wp-json\/wp\/v2\/product_tag?post=13633"}],"curies":[{"name":"wp","href":"https:\/\/api.w.org\/{rel}","templated":true}]}}