{"id":13632,"date":"2025-10-21T21:32:24","date_gmt":"2025-10-21T21:32:24","guid":{"rendered":"https:\/\/realearthstories.es\/tienda\/honig-sonne-ritual-hellbraun-honigblond\/"},"modified":"2025-10-22T11:57:18","modified_gmt":"2025-10-22T11:57:18","slug":"honig-sonne-ritual-hellbraun-honigblond","status":"publish","type":"product","link":"https:\/\/realearthstories.es\/de\/tienda\/honig-sonne-ritual-hellbraun-honigblond\/","title":{"rendered":"Honig-Sonne-Ritual (Hellbraun \/ Honigblond)"},"content":{"rendered":"<p><span style=\"font-weight: 400;\">Die Packung enth\u00e4lt die folgenden 5 Produkte:<\/span><\/p>\n<p><b>Karamell Henna 100g &#8211;  <\/b><span style=\"font-weight: 400;\">INCI: Cassia Italica Blattpulver, Lawsonia Inermis Pulver*, Indigofera tinctoria Blattpulver*, Aloe barbadensis Blattpulver*, Emblica officinalis Fruchtpulver*, Ziziphus Jujuba Pulver (*Organische Zutaten). <\/span><\/p>\n<p><b>Kakao Henna 100g &#8211;<\/b><span style=\"font-weight: 400;\">  INCI: Lawsonia Inermis Pulver*, Indigofera tinctoria Blattpulver*, Juglans regia Schalenpulver, Emblica officinalis Fruchtpulver*, Ziziphus jujuba Pulver, Aloe barbadensis Blattpulver* &amp; Curcuma longa Wurzelpulver (*organische Zutaten). <\/span><\/p>\n<p><b>Jojoba\u00f6l 100ml &#8211;  <\/b><span style=\"font-weight: 400;\">INCI: Simmondsia chinensis seed Oil* (*biologische Inhaltsstoffe) <\/span><\/p>\n<p><b>Colour &amp; Care Starter Set &#8211; <\/b>Ein Set, das die Vorbereitung und Anwendung von Henna- und Haarbehandlungen erleichtert und dank der handgefertigten, umweltfreundlichen und wiederverwendbaren Werkzeuge optimale Ergebnisse garantiert. Enth\u00e4lt eine 750ml Schale, eine \u00d6ko-Pflanzenfaserb\u00fcrste und eine Kappe zum Abdecken der Behandlung. <\/p>\n<ul>\n<li><b>Herkunft: Indien<\/b><\/li>\n<\/ul>\n<ul>\n<li><b>Bio-Zertifizierung: Bio Vida Sana, Bio Inspecta und USDA Organic<\/b><\/li>\n<\/ul>\n<ul>\n<li><b>Frei von: Parabenen, Silikonen, Konservierungsmitteln und chemischen Produkten.<\/b><\/li>\n<\/ul>\n<p>&nbsp;<\/p>\n","protected":false},"excerpt":{"rendered":"<p>Diese Packung ist perfekt f\u00fcr alle, die <b>ihr graues Haar in einen weichen und leuchtenden honigblonden oder hellbraunen Ton verwandeln<\/b> m\u00f6chten. Dank der Kombination dieser beiden Shampoos k\u00f6nnen Sie mit den Nuancen spielen und von einem <b>Honigblond zu einem hellen Braun voller Licht<\/b> gelangen <b>.<\/b> <\/p>\n","protected":false},"featured_media":13718,"template":"","meta":{"_acf_changed":false},"product_brand":[],"product_cat":[92,74,48],"product_tag":[],"class_list":{"0":"post-13632","1":"product","2":"type-product","3":"status-publish","4":"has-post-thumbnail","6":"product_cat-auslass","7":"product_cat-korperpflege","8":"product_cat-rebajas","10":"first","11":"instock","12":"sale","13":"taxable","14":"shipping-taxable","15":"product-type-bundle"},"bundled_by":[],"bundle_stock_status":"instock","bundle_stock_quantity":"","bundle_virtual":false,"bundle_layout":"grid","bundle_add_to_cart_form_location":"default","bundle_editable_in_cart":false,"bundle_sold_individually_context":"product","bundle_item_grouping":"parent","bundle_min_size":"","bundle_max_size":"","bundle_price":{"price":{"min":{"incl_tax":"67","excl_tax":"55.371901"},"max":{"incl_tax":"67","excl_tax":"55.371901"}},"regular_price":{"min":{"incl_tax":"79.4","excl_tax":"65.619835"},"max":{"incl_tax":"79.4","excl_tax":"65.619835"}}},"bundled_items":[],"bundle_sell_ids":[],"acf":[],"_links":{"self":[{"href":"https:\/\/realearthstories.es\/de\/wp-json\/wp\/v2\/product\/13632","targetHints":{"allow":["GET"]}}],"collection":[{"href":"https:\/\/realearthstories.es\/de\/wp-json\/wp\/v2\/product"}],"about":[{"href":"https:\/\/realearthstories.es\/de\/wp-json\/wp\/v2\/types\/product"}],"wp:featuredmedia":[{"embeddable":true,"href":"https:\/\/realearthstories.es\/de\/wp-json\/wp\/v2\/media\/13718"}],"wp:attachment":[{"href":"https:\/\/realearthstories.es\/de\/wp-json\/wp\/v2\/media?parent=13632"}],"wp:term":[{"taxonomy":"product_brand","embeddable":true,"href":"https:\/\/realearthstories.es\/de\/wp-json\/wp\/v2\/product_brand?post=13632"},{"taxonomy":"product_cat","embeddable":true,"href":"https:\/\/realearthstories.es\/de\/wp-json\/wp\/v2\/product_cat?post=13632"},{"taxonomy":"product_tag","embeddable":true,"href":"https:\/\/realearthstories.es\/de\/wp-json\/wp\/v2\/product_tag?post=13632"}],"curies":[{"name":"wp","href":"https:\/\/api.w.org\/{rel}","templated":true}]}}