{"id":13631,"date":"2025-10-21T21:32:24","date_gmt":"2025-10-21T21:32:24","guid":{"rendered":"https:\/\/realearthstories.es\/tienda\/bio-arganoel\/"},"modified":"2025-10-21T21:32:24","modified_gmt":"2025-10-21T21:32:24","slug":"bio-arganoel","status":"publish","type":"product","link":"https:\/\/realearthstories.es\/de\/tienda\/bio-arganoel\/","title":{"rendered":"Bio-Argan\u00f6l"},"content":{"rendered":"<ul>\n<li aria-level=\"1\">Inhaltsstoffe INCI: Argania Spinosa Kernel Oil* (*Organischer Inhaltsstoff)<\/li>\n<li aria-level=\"1\">Gr\u00f6\u00dfe: 100ml<\/li>\n<li aria-level=\"1\">Herkunft: Marokko<\/li>\n<li aria-level=\"1\">Bio-Zertifizierung: USDA Organic at Origin<\/li>\n<li aria-level=\"1\">Frei von: Parabenen, Silikonen, Zusatzstoffen, Chemikalien, Reizstoffen oder Toxinen.<\/li>\n<\/ul>\n","protected":false},"excerpt":{"rendered":"<p class=\"\" data-start=\"106\" data-end=\"401\"><strong data-start=\"106\" data-end=\"164\">Unser Argan\u00f6l wird unter der marokkanischen Sonne geboren und <\/strong>von einer Kooperative von Frauen von Hand gewonnen, die mit der Weisheit ihrer Vorfahren die Argan-N\u00fcsse in fl\u00fcssiges Gold verwandeln. Dieses Ritual pflegt nicht nur die Haare, sondern unterst\u00fctzt auch die Gemeinschaften und ehrt eine uralte Tradition. <\/p>\n<p class=\"\" data-start=\"403\" data-end=\"681\"><strong data-start=\"403\" data-end=\"468\">Reich an Vitamin E, essentiellen Fetts\u00e4uren und Antioxidantien, ist es <\/strong>ein nat\u00fcrliches Elixier, das trockenes oder gesch\u00e4digtes Haar tiefgreifend n\u00e4hrt, Spliss repariert und ihm neuen Glanz verleiht. Dank seiner leichten Textur ist es ideal als Leave-in-Behandlung, Serum oder n\u00e4hrende Maske. <\/p>\n<p class=\"\" data-start=\"683\" data-end=\"866\">Keine Mischungen, keine Zusatzstoffe, nur die Natur in ihrer gro\u00dfz\u00fcgigsten Form.<\/p>\n","protected":false},"featured_media":10108,"template":"","meta":{"_acf_changed":false},"product_brand":[],"product_cat":[86,92,85,89,77,48,81,79],"product_tag":[],"class_list":{"0":"post-13631","1":"product","2":"type-product","3":"status-publish","4":"has-post-thumbnail","6":"product_cat-anti-aging","7":"product_cat-auslass","8":"product_cat-fettige-haut","9":"product_cat-nachrichten","10":"product_cat-ole","11":"product_cat-rebajas","12":"product_cat-top-verkaufe","13":"product_cat-trockene-haut","15":"first","16":"instock","17":"taxable","18":"shipping-taxable","19":"purchasable","20":"product-type-simple"},"bundled_by":[],"bundle_stock_status":"instock","bundle_stock_quantity":null,"bundle_virtual":false,"bundle_layout":"","bundle_add_to_cart_form_location":"","bundle_editable_in_cart":false,"bundle_sold_individually_context":"","bundle_item_grouping":"","bundle_min_size":"","bundle_max_size":"","bundle_price":[],"bundled_items":[],"bundle_sell_ids":[],"acf":[],"_links":{"self":[{"href":"https:\/\/realearthstories.es\/de\/wp-json\/wp\/v2\/product\/13631","targetHints":{"allow":["GET"]}}],"collection":[{"href":"https:\/\/realearthstories.es\/de\/wp-json\/wp\/v2\/product"}],"about":[{"href":"https:\/\/realearthstories.es\/de\/wp-json\/wp\/v2\/types\/product"}],"wp:featuredmedia":[{"embeddable":true,"href":"https:\/\/realearthstories.es\/de\/wp-json\/wp\/v2\/media\/10108"}],"wp:attachment":[{"href":"https:\/\/realearthstories.es\/de\/wp-json\/wp\/v2\/media?parent=13631"}],"wp:term":[{"taxonomy":"product_brand","embeddable":true,"href":"https:\/\/realearthstories.es\/de\/wp-json\/wp\/v2\/product_brand?post=13631"},{"taxonomy":"product_cat","embeddable":true,"href":"https:\/\/realearthstories.es\/de\/wp-json\/wp\/v2\/product_cat?post=13631"},{"taxonomy":"product_tag","embeddable":true,"href":"https:\/\/realearthstories.es\/de\/wp-json\/wp\/v2\/product_tag?post=13631"}],"curies":[{"name":"wp","href":"https:\/\/api.w.org\/{rel}","templated":true}]}}