{"id":13629,"date":"2025-10-21T21:32:20","date_gmt":"2025-10-21T21:32:20","guid":{"rendered":"https:\/\/realearthstories.es\/tienda\/farbe-pflege-starter-set\/"},"modified":"2025-10-21T21:32:20","modified_gmt":"2025-10-21T21:32:20","slug":"farbe-pflege-starter-set","status":"publish","type":"product","link":"https:\/\/realearthstories.es\/de\/tienda\/farbe-pflege-starter-set\/","title":{"rendered":"Farbe &amp; Pflege &#8211; Starter Set"},"content":{"rendered":"<p>Was beinhaltet sie?<\/p>\n<ol>\n<li aria-level=\"1\">Ein handgefertigter Bambuspinsel mit veganen Sisalfasern f\u00fcr einen sanften und gleichm\u00e4\u00dfigen Auftrag der Pflanzenfarbe.<\/li>\n<li aria-level=\"1\">Eine 750-ml-Keramiksch\u00fcssel, gro\u00dfz\u00fcgig bemessen zum einfachen Mischen von Henna und Haarkuren.<\/li>\n<li aria-level=\"1\">Eine wiederverwendbare Haarkappe, die leicht zu waschen ist und dazu beitr\u00e4gt, das Henna l\u00e4nger feucht zu halten und so das Behandlungsergebnis zu optimieren.<\/li>\n<\/ol>\n<p>&nbsp;<\/p>\n","protected":false},"excerpt":{"rendered":"<div class=\"page\" title=\"Seite 1\">\n<div class=\"section\">\n<div class=\"layoutArea\">\n<div class=\"column\">\n<p>Ein Set, das die Vorbereitung und Anwendung von Henna- und Haarbehandlungen erleichtert und dank der handgefertigten, \u00f6kologischen und wiederverwendbaren Werkzeuge optimale Ergebnisse garantiert. Enth\u00e4lt eine 750ml Schale, einen umweltfreundlichen Pinsel aus Pflanzenfasern und eine Kappe, um die Behandlung abzudecken. <\/p>\n<\/div>\n<\/div>\n<\/div>\n<\/div>\n<pre id=\"tw-target-text\" class=\"tw-data-text tw-text-large tw-ta\" dir=\"ltr\" data-placeholder=\"Translation\"><\/pre>\n","protected":false},"featured_media":11727,"template":"","meta":{"_acf_changed":false},"product_brand":[],"product_cat":[86,75,92,87,89,93,48],"product_tag":[],"class_list":{"0":"post-13629","1":"product","2":"type-product","3":"status-publish","4":"has-post-thumbnail","6":"product_cat-anti-aging","7":"product_cat-anti-cellulite","8":"product_cat-auslass","9":"product_cat-ayurveda-kosmetik","10":"product_cat-nachrichten","11":"product_cat-pflanzliche-farbstoffe","12":"product_cat-rebajas","14":"first","15":"instock","16":"taxable","17":"shipping-taxable","18":"purchasable","19":"product-type-simple"},"bundled_by":[],"bundle_stock_status":"instock","bundle_stock_quantity":null,"bundle_virtual":false,"bundle_layout":"","bundle_add_to_cart_form_location":"","bundle_editable_in_cart":false,"bundle_sold_individually_context":"","bundle_item_grouping":"","bundle_min_size":"","bundle_max_size":"","bundle_price":[],"bundled_items":[],"bundle_sell_ids":[],"acf":[],"_links":{"self":[{"href":"https:\/\/realearthstories.es\/de\/wp-json\/wp\/v2\/product\/13629","targetHints":{"allow":["GET"]}}],"collection":[{"href":"https:\/\/realearthstories.es\/de\/wp-json\/wp\/v2\/product"}],"about":[{"href":"https:\/\/realearthstories.es\/de\/wp-json\/wp\/v2\/types\/product"}],"wp:featuredmedia":[{"embeddable":true,"href":"https:\/\/realearthstories.es\/de\/wp-json\/wp\/v2\/media\/11727"}],"wp:attachment":[{"href":"https:\/\/realearthstories.es\/de\/wp-json\/wp\/v2\/media?parent=13629"}],"wp:term":[{"taxonomy":"product_brand","embeddable":true,"href":"https:\/\/realearthstories.es\/de\/wp-json\/wp\/v2\/product_brand?post=13629"},{"taxonomy":"product_cat","embeddable":true,"href":"https:\/\/realearthstories.es\/de\/wp-json\/wp\/v2\/product_cat?post=13629"},{"taxonomy":"product_tag","embeddable":true,"href":"https:\/\/realearthstories.es\/de\/wp-json\/wp\/v2\/product_tag?post=13629"}],"curies":[{"name":"wp","href":"https:\/\/api.w.org\/{rel}","templated":true}]}}