{"id":5519,"date":"2024-02-27T11:53:42","date_gmt":"2024-02-27T11:53:42","guid":{"rendered":"https:\/\/realearthstories.es\/bedingungen-fuer-die-nutzung\/"},"modified":"2024-02-27T11:53:44","modified_gmt":"2024-02-27T11:53:44","slug":"bedingungen-fuer-die-nutzung","status":"publish","type":"page","link":"https:\/\/realearthstories.es\/de\/bedingungen-fuer-die-nutzung\/","title":{"rendered":"Bedingungen f\u00fcr die Nutzung"},"content":{"rendered":"\t\t<div data-elementor-type=\"wp-page\" data-elementor-id=\"5519\" class=\"elementor elementor-5519 elementor-941\" data-elementor-post-type=\"page\">\n\t\t\t\t\t\t<section class=\"elementor-section elementor-top-section elementor-element elementor-element-0459bca elementor-section-boxed elementor-section-height-default elementor-section-height-default\" data-id=\"0459bca\" data-element_type=\"section\" data-e-type=\"section\">\n\t\t\t\t\t\t<div class=\"elementor-container elementor-column-gap-default\">\n\t\t\t\t\t<div class=\"elementor-column elementor-col-100 elementor-top-column elementor-element elementor-element-c02917c\" data-id=\"c02917c\" data-element_type=\"column\" data-e-type=\"column\">\n\t\t\t<div class=\"elementor-widget-wrap elementor-element-populated\">\n\t\t\t\t\t\t<div class=\"elementor-element elementor-element-5b7a681 elementor-widget elementor-widget-text-editor\" data-id=\"5b7a681\" data-element_type=\"widget\" data-e-type=\"widget\" data-widget_type=\"text-editor.default\">\n\t\t\t\t<div class=\"elementor-widget-container\">\n\t\t\t\t\t\t\t\t\t<h1><span style=\"font-weight: 400;\">Bedingungen f\u00fcr die Nutzung<\/span><\/h1>\n<p><b>Datenschutz<\/b><\/p>\n<p><span style=\"font-weight: 400;\">Alle Daten, die von den Kunden von Real Earth Stories S.L. zur Verf\u00fcgung gestellt werden, werden streng vertraulich behandelt und nicht an Dritte weitergegeben, es sei denn, es ist f\u00fcr die Lieferung der Bestellung notwendig.<\/span><\/p>\n<p><span style=\"font-weight: 400;\">Die Bankdaten werden direkt von PayPal, Redsys oder Stripe verarbeitet &#8211; den Anbietern, die wir f\u00fcr den Zahlungsdienst ausgew\u00e4hlt haben. Daher wird Real Earth Stories niemals die Kreditkarteninformationen der Kunden sehen. Sie erhalten nur die Zahlungs- und Bestelldaten. F\u00fcr weitere Informationen besuchen Sie  <\/span><a href=\"http:\/\/www.paypal.com\"><br \/>\n  <span style=\"font-weight: 400;\">www.paypal.com<\/span><br \/>\n<\/a><span style=\"font-weight: 400;\">, <\/span><a href=\"http:\/\/www.redsys.es\"><br \/>\n  <span style=\"font-weight: 400;\">www.redsys.es<\/span><br \/>\n<\/a><span style=\"font-weight: 400;\">, <\/span><a href=\"http:\/\/www.stripe.com\"><br \/>\n  <span style=\"font-weight: 400;\">www.stripe.com<\/span><br \/>\n<\/a><span style=\"font-weight: 400;\"> oder kontaktieren Sie uns unter <\/span><b>tina@realearthstories.es.<\/b><\/p>\n<p><span style=\"font-weight: 400;\">Wir behalten uns das Recht vor, kommerzielle Daten in anonymer Form zu verwenden, um Kaufgewohnheiten und Nutzung zu untersuchen.<\/span><\/p>\n<p><b>Service nach dem Verkauf<\/b><\/p>\n<p><span style=\"font-weight: 400;\">Wenn Sie unseren Kundendienst kontaktieren m\u00f6chten, k\u00f6nnen Sie uns eine E-Mail an tina@realearthstories.es schicken.<\/span><\/p>\n<p><b>Bestellungen<\/b><\/p>\n<p><span style=\"font-weight: 400;\"><i>Preis<\/i><\/span><\/p>\n<p><span style=\"font-weight: 400;\">Die Produkte werden zu dem angegebenen Preis verkauft, wobei der Rabatt, der zum Zeitpunkt der Best\u00e4tigung der Bestellung durch den Kunden erhoben wird, anwendbar ist.<\/span><\/p>\n<p><span style=\"font-weight: 400;\"><i>Steuern<\/i><\/span><\/p>\n<p><span style=\"font-weight: 400;\">Die Preise enthalten die geltende Mehrwertsteuer, nicht aber die Versandkosten, die je nach Anzahl der gekauften Produkte und dem Lieferland variieren.  <\/span><\/p>\n<p><span style=\"font-weight: 400;\"><i>Auftragsbest\u00e4tigung<\/i><\/span><\/p>\n<p><span style=\"font-weight: 400;\">Sobald der Kunde seine Bestellung bezahlt hat, erh\u00e4lt er eine Auftragsbest\u00e4tigung per E-Mail.<\/span><\/p>\n<p><b>Zahlung<\/b><\/p>\n<p><span style=\"font-weight: 400;\"><i>Art der Zahlung<\/i><\/span><\/p>\n<p><span style=\"font-weight: 400;\">Die Bezahlung der Bestellungen kann per Kreditkarte, Debitkarte oder \u00fcber ein PayPal-Konto erfolgen.<\/span><\/p>\n<p><span style=\"font-weight: 400;\"><i>Datenschutz und Sicherheit<\/i><\/span><\/p>\n<p><span style=\"font-weight: 400;\">PayPal, Redsys und Stripe sind sehr zuverl\u00e4ssige, sichere und schnelle M\u00f6glichkeiten f\u00fcr Online-Zahlungen. Da PayPal, Redsys und Stripe die Zahlungen direkt an unsere Kunden leisten, hat Real Earth Stories S.L. keinen Zugriff auf die Bankdaten der Kunden.<\/span><\/p>\n<p><b>R\u00fcckerstattung<\/b><\/p>\n<p><span style=\"font-weight: 400;\">Informationen zum Produkt<\/span><\/p>\n<p><span style=\"font-weight: 400;\">Real Earth Stories enth\u00e4lt detaillierte Informationen zu den Produkteigenschaften in Form von technischen Beschreibungen, Inhaltsstofflisten, Gebrauchsanweisungen und Fotos. Alles geschieht in \u00dcbereinstimmung mit den Marktstandards. Wenn Sie jedoch mit Ihrem Kauf nicht zufrieden sind, k\u00f6nnen Sie ihn innerhalb von 15 Kalendertagen nach Erhalt der Produkte zur\u00fcckgeben. Weitere Informationen finden Sie in der Versand- und R\u00fcckgaberichtlinie.<\/span><\/p>\n<p><span style=\"font-weight: 400;\">Wenn Sie Zweifel und\/oder Fragen haben, k\u00f6nnen Sie Real Earth Stories S.L. per E-Mail unter tina@realearthstories.es kontaktieren.  <\/span><\/p>\n<p><b>Urheberrecht\/geistiges Eigentum<\/b><\/p>\n<p><span style=\"font-weight: 400;\">Alle Inhalte der Real Earth Stories Online-Plattform, Texte, Illustrationen, Namen, Marken, Bilder und Videos sind Eigentum von Real Earth Stories. Jeder Missbrauch kann strafrechtlich verfolgt werden.<\/span><\/p>\n<p><b>Kontakt Unternehmen<\/b><\/p>\n<p><span style=\"font-weight: 400;\">Bei Fragen, Vorschl\u00e4gen oder Beschwerden k\u00f6nnen sich die Kunden per E-Mail an tina@realearthstories.es wenden oder uns \u00fcber das Kontaktformular auf der Website schreiben.<\/span><\/p>\n\t\t\t\t\t\t\t\t<\/div>\n\t\t\t\t<\/div>\n\t\t\t\t\t<\/div>\n\t\t<\/div>\n\t\t\t\t\t<\/div>\n\t\t<\/section>\n\t\t\t\t<\/div>\n\t\t","protected":false},"excerpt":{"rendered":"<p>Bedingungen f\u00fcr die Nutzung Datenschutz Alle Daten, die von den Kunden von Real Earth Stories S.L. zur Verf\u00fcgung gestellt werden, werden streng vertraulich behandelt und nicht an Dritte weitergegeben, es sei denn, es ist f\u00fcr die Lieferung der Bestellung notwendig. Die Bankdaten werden direkt von PayPal, Redsys oder Stripe verarbeitet &#8211; den Anbietern, die wir &#8230; <a title=\"Bedingungen f\u00fcr die Nutzung\" class=\"read-more\" href=\"https:\/\/realearthstories.es\/de\/bedingungen-fuer-die-nutzung\/\" aria-label=\"Mehr Informationen \u00fcber Bedingungen f\u00fcr die Nutzung\">Weiterlesen<\/a><\/p>\n","protected":false},"author":3,"featured_media":0,"parent":0,"menu_order":0,"comment_status":"closed","ping_status":"closed","template":"elementor_header_footer","meta":{"_acf_changed":false,"footnotes":""},"class_list":["post-5519","page","type-page","status-publish"],"acf":[],"_links":{"self":[{"href":"https:\/\/realearthstories.es\/de\/wp-json\/wp\/v2\/pages\/5519","targetHints":{"allow":["GET"]}}],"collection":[{"href":"https:\/\/realearthstories.es\/de\/wp-json\/wp\/v2\/pages"}],"about":[{"href":"https:\/\/realearthstories.es\/de\/wp-json\/wp\/v2\/types\/page"}],"author":[{"embeddable":true,"href":"https:\/\/realearthstories.es\/de\/wp-json\/wp\/v2\/users\/3"}],"replies":[{"embeddable":true,"href":"https:\/\/realearthstories.es\/de\/wp-json\/wp\/v2\/comments?post=5519"}],"version-history":[{"count":1,"href":"https:\/\/realearthstories.es\/de\/wp-json\/wp\/v2\/pages\/5519\/revisions"}],"predecessor-version":[{"id":5524,"href":"https:\/\/realearthstories.es\/de\/wp-json\/wp\/v2\/pages\/5519\/revisions\/5524"}],"wp:attachment":[{"href":"https:\/\/realearthstories.es\/de\/wp-json\/wp\/v2\/media?parent=5519"}],"curies":[{"name":"wp","href":"https:\/\/api.w.org\/{rel}","templated":true}]}}