{"id":5498,"date":"2024-02-27T11:53:35","date_gmt":"2024-02-27T11:53:35","guid":{"rendered":"https:\/\/realearthstories.es\/datenschutzbestimmungen\/"},"modified":"2025-10-21T21:34:11","modified_gmt":"2025-10-21T21:34:11","slug":"datenschutzbestimmungen","status":"publish","type":"page","link":"https:\/\/realearthstories.es\/de\/datenschutzbestimmungen\/","title":{"rendered":"Datenschutzbestimmungen"},"content":{"rendered":"\t\t<div data-elementor-type=\"wp-page\" data-elementor-id=\"5498\" class=\"elementor elementor-5498 elementor-3\" data-elementor-post-type=\"page\">\n\t\t\t\t\t\t<section class=\"elementor-section elementor-top-section elementor-element elementor-element-e8725fd elementor-section-boxed elementor-section-height-default elementor-section-height-default\" data-id=\"e8725fd\" data-element_type=\"section\" data-e-type=\"section\">\n\t\t\t\t\t\t<div class=\"elementor-container elementor-column-gap-default\">\n\t\t\t\t\t<div class=\"elementor-column elementor-col-100 elementor-top-column elementor-element elementor-element-465567c2\" data-id=\"465567c2\" data-element_type=\"column\" data-e-type=\"column\">\n\t\t\t<div class=\"elementor-widget-wrap elementor-element-populated\">\n\t\t\t\t\t\t<div class=\"elementor-element elementor-element-50f5cea3 elementor-widget elementor-widget-text-editor\" data-id=\"50f5cea3\" data-element_type=\"widget\" data-e-type=\"widget\" data-widget_type=\"text-editor.default\">\n\t\t\t\t<div class=\"elementor-widget-container\">\n\t\t\t\t\t\t\t\t\t<p><b>Datenschutzbestimmungen<\/b><\/p>\n<p><span style=\"font-weight: 400;\">Bei Real Earth Stories S.L. respektieren wir die Privatsph\u00e4re unserer Kunden und sch\u00fctzen sie durch Richtlinien, die die Datenverarbeitung regeln.<\/span><\/p>\n<p><span style=\"font-weight: 400;\">Der Kunde steht an erster Stelle. Von und f\u00fcr unsere Kunden ist unser Motto.<\/span><\/p>\n<p><span style=\"font-weight: 400;\">Der Schutz der Daten der Nutzer der \u00fcber unsere Website zug\u00e4nglichen Dienste ist uns ein besonderes Anliegen. Mit dieser Datenschutzerkl\u00e4rung informieren wir die Nutzer der Website www.realearthstories.es \u00fcber die Behandlung und Verwendung der auf der Website gesammelten personenbezogenen Daten, damit sie frei und freiwillig entscheiden k\u00f6nnen, ob sie die angeforderten Informationen bereitstellen m\u00f6chten.<\/span><\/p>\n<p><b>Wer sind wir?<\/b><\/p>\n<p><span style=\"font-weight: 400;\">Real Earth Stories S.L., mit Sitz in Madrid, Calle Maria de Maeztu 52, Portal O, Bajo A. C.P.: 28049. Eingetragen im Handelsregister von Madrid, Eintrag 1\/2021\/179.878,0, in Band 42772, Blatt 84, Eintrag 1. C.I.F.-Nummer B-67828418 und E-Mail-Adresse tina@realearthstories.es (im Folgenden &#8222;REAL EARTH STORIES&#8220;).<\/span><\/p>\n<p><b>Welche personenbezogenen Daten sammeln wir?<\/b><\/p>\n<ul>\n<li style=\"font-weight: 400;\" aria-level=\"1\"><span style=\"font-weight: 400;\">Identifizierungsdaten: Vorname, Nachname und Ausweisnummer.<\/span><\/li>\n<li style=\"font-weight: 400;\" aria-level=\"1\"><span style=\"font-weight: 400;\">Kontaktinformationen: E-Mail-Adresse, Telefonnummer und Postanschrift.<\/span><\/li>\n<li style=\"font-weight: 400;\" aria-level=\"1\"><span style=\"font-weight: 400;\">Transaktionsdaten von Waren und Dienstleistungen in REAL EARTH STORIES: Produkte und Dienstleistungen, die gekauft wurden oder an denen der Nutzer Interesse zeigt.<\/span><\/li>\n<li style=\"font-weight: 400;\" aria-level=\"1\"><span style=\"font-weight: 400;\">Navigationsdaten.<\/span><\/li>\n<\/ul>\n<p><span style=\"font-weight: 400;\">Alle Informationen, die Sie freiwillig an unsere E-Mail Adresse tina@realearthstories.es senden.<\/span><\/p>\n<p><span style=\"font-weight: 400;\">Alle Informationen, die Sie freiwillig \u00f6ffentlich in den sozialen Netzwerken von REAL EARTH STORIES teilen. Solche Informationen unterliegen den Datenschutzrichtlinien des sozialen Netzwerks, in dem Sie sie weitergeben, daher empfehlen wir Ihnen, die Datenschutzeinstellungen Ihres Profils zu \u00fcberpr\u00fcfen.<\/span><\/p>\n<p><b>Wie kommen wir an Ihre pers\u00f6nlichen Daten?<\/b><\/p>\n<p><span style=\"font-weight: 400;\">Die in den Formularen auf der Website abgefragten Daten sind in der Regel obligatorisch (es sei denn, im entsprechenden Feld ist etwas anderes angegeben), um die Zwecke, f\u00fcr die sie erhoben werden, zu erf\u00fcllen.<\/span><\/p>\n<p><span style=\"font-weight: 400;\">Werden sie nicht oder nicht korrekt \u00fcbermittelt, kann diesen Antr\u00e4gen nicht entsprochen werden, unbeschadet der Tatsache, dass Sie den Inhalt der Website frei einsehen k\u00f6nnen.<\/span><\/p>\n<p><span style=\"font-weight: 400;\">Die von uns verarbeiteten Daten sind:<\/span><\/p>\n<p><span style=\"font-weight: 400;\">Diejenigen, die Sie uns beim Kauf unserer Produkte zur Verf\u00fcgung stellen.<\/span><\/p>\n<p><span style=\"font-weight: 400;\">Diejenigen, die Sie freiwillig an unsere E-Mail Adresse tina@realearthstories.es senden.<\/span><\/p>\n<p><span style=\"font-weight: 400;\">Diejenigen, die Sie freiwillig in sozialen Netzwerken teilen.<\/span><\/p>\n<p><b>Zu welchem Zweck verarbeiten wir Ihre personenbezogenen Daten?<\/b><\/p>\n<ol>\n<li style=\"font-weight: 400;\" aria-level=\"1\"><span style=\"font-weight: 400;\">Erf\u00fcllung der Informations- und Einwilligungspflicht, die in den neuen europ\u00e4ischen Vorschriften zum Schutz personenbezogener Daten vorgesehen ist.<\/span><\/li>\n<li style=\"font-weight: 400;\" aria-level=\"1\"><span style=\"font-weight: 400;\"> <\/span><span style=\"font-weight: 400;\">Die Kommunikation zwischen dem Verk\u00e4ufer der Produkte, die auf www.realearthstories.es verkauft werden, und seinen Kunden sowie die Verwaltung, die sich aus den vertraglich vereinbarten und\/oder ausgef\u00fchrten Dienstleistungen oder Auftr\u00e4gen ergibt.<\/span><\/li>\n<li style=\"font-weight: 400;\" aria-level=\"1\"><span style=\"font-weight: 400;\">Die Zusendung von kommerziellen Mitteilungen \u00fcber Produkte und Dienstleistungen, die auf www.realearthstories.es verkauft werden, nur dann, wenn der Benutzer seine Bereitschaft zum Erhalt solcher Mitteilungen \u00fcber das Kontaktformular zum Ausdruck bringt und niemals, wenn er dagegen ist und dies auf irgendeine Weise erkl\u00e4rt. Die Zustimmung zur Verarbeitung Ihrer Daten zu diesem Zweck ist freiwillig, und Ihre Weigerung h\u00e4tte lediglich zur Folge, dass Sie keine kommerziellen Angebote f\u00fcr unsere Produkte oder Dienstleistungen erhalten w\u00fcrden.<\/span><\/li>\n<\/ol>\n<p><b>Wer hat Zugang zu Ihren pers\u00f6nlichen Daten?<\/b><\/p>\n<p><span style=\"font-weight: 400;\">Die Daten des Benutzers, der sich auf der Website www.realearthstories.es registriert, werden gespeichert und nicht an Dritte weitergegeben. Im Falle eines Kaufs auf der Website werden Ihre Daten jedoch an eine begrenzte Anzahl von Unternehmen weitergegeben: Paypal Holdings Inc., Kubbo Smart Logistcis S.L., <\/span><span style=\"font-weight: 400;\">General Logistics Systems B.V. und<\/span> <span style=\"font-weight: 400;\">Sociedad Estatal Correos y Tel\u00e9grafos, S.A.<\/span><\/p>\n<p><span style=\"color: var( --e-global-color-text ); font-family: var( --e-global-typography-text-font-family ), Sans-serif;\">Diese von Dritten erbrachten Dienstleistungen sind f\u00fcr die Entwicklung unserer T\u00e4tigkeit erforderlich, und die von ihnen durchgef\u00fchrte Datenverarbeitung wird stets durch einen Vertrag geregelt, der den Verarbeiter an unsere Einrichtung bindet. In keinem Fall werden sie die Informationen f\u00fcr andere Zwecke verwenden und sie werden sie gem\u00e4\u00df den von unserer Einrichtung festgelegten Richtlinien, in \u00dcbereinstimmung mit ihrer Datenschutzpolitik und den geltenden Datenschutzbestimmungen behandeln.<\/span><\/p>\n<p><span style=\"font-weight: 400;\">Unser Unternehmen, das sich f\u00fcr den Schutz der Privatsph\u00e4re und der Nutzerdaten einsetzt, w\u00e4hlt nur Dienstleister aus, die ausreichende Garantien f\u00fcr die Anwendung geeigneter technischer und organisatorischer Ma\u00dfnahmen bieten, damit die Verarbeitung im Einklang mit den geltenden Datenschutzgesetzen erfolgt und der Schutz der Rechte des Nutzers gew\u00e4hrleistet ist.<\/span><\/p>\n<p><b>Wie lange bewahren wir Ihre Daten auf?<\/b><\/p>\n<p><span style=\"font-weight: 400;\">Ihre personenbezogenen Daten werden so lange aufbewahrt, wie es zur Erf\u00fcllung der Zwecke, f\u00fcr die sie erhoben wurden, erforderlich ist. Nach Ablauf dieser Frist l\u00f6scht REAL EARTH STORIES die Daten aus ihren Systemen, unbeschadet der M\u00f6glichkeit, sie aufzubewahren und ihre Verarbeitung auf die Geltendmachung und Verteidigung von Anspr\u00fcchen zu beschr\u00e4nken, und zwar unter den in den geltenden Rechtsvorschriften vorgesehenen Bedingungen.<\/span><\/p>\n<p> <\/p>\n<p><b>Welche Sicherheitsma\u00dfnahmen wenden wir bei der Verarbeitung Ihrer Daten an?<\/b><\/p>\n<p><span style=\"font-weight: 400;\">REAL EARTH STORIES behandelt die Daten des Nutzers zu jeder Zeit absolut vertraulich und h\u00e4lt sich an die obligatorische Geheimhaltungspflicht in Bezug auf sie, in \u00dcbereinstimmung mit den Bestimmungen der geltenden Vorschriften, indem sie die notwendigen technischen und organisatorischen Ma\u00dfnahmen ergreift, um die Sicherheit Ihrer Daten zu gew\u00e4hrleisten und ihre Ver\u00e4nderung, ihren Verlust, ihren unbefugten Zugang oder ihre Verarbeitung zu vermeiden, wobei der Stand der Technik, die Art der gespeicherten Daten und die Risiken, denen sie ausgesetzt sind, ber\u00fccksichtigt werden.<\/span><\/p>\n<p><b>Welche Rechte haben Sie?<\/b><\/p>\n<p><span style=\"font-weight: 400;\">Der Nutzer kann jederzeit und kostenlos einen Brief an REAL EARTH STORIES an die in der \u00dcberschrift dieser Erkl\u00e4rung angegebene Adresse oder per E-Mail an die Adresse tina@realearthstories.es senden und eine Fotokopie seines Ausweises beif\u00fcgen, um sich zu beschweren:<\/span><\/p>\n<ul>\n<li style=\"font-weight: 400;\" aria-level=\"1\"><span style=\"font-weight: 400;\">Widerruf der erteilten Genehmigungen.<\/span><\/li>\n<li style=\"font-weight: 400;\" aria-level=\"1\"><span style=\"font-weight: 400;\">eine Best\u00e4tigung dar\u00fcber zu erhalten, ob REAL EARTH STORIES personenbezogene Daten des Nutzers verarbeitet oder nicht.<\/span><\/li>\n<li style=\"font-weight: 400;\" aria-level=\"1\"><span style=\"font-weight: 400;\">Zugang zu Ihren pers\u00f6nlichen Daten.<\/span><\/li>\n<li style=\"font-weight: 400;\" aria-level=\"1\"><span style=\"font-weight: 400;\">Berichtigen Sie ungenaue oder unvollst\u00e4ndige Daten.<\/span><\/li>\n<li style=\"font-weight: 400;\" aria-level=\"1\"><span style=\"font-weight: 400;\">Sie k\u00f6nnen die L\u00f6schung Ihrer Daten verlangen, wenn die Daten unter anderem f\u00fcr die Zwecke, f\u00fcr die sie erhoben wurden, nicht mehr erforderlich sind.<\/span><\/li>\n<li style=\"font-weight: 400;\" aria-level=\"1\"><span style=\"font-weight: 400;\">von REAL EARTH STORIES die Einschr\u00e4nkung der Datenverarbeitung zu verlangen, wenn eine der in den Datenschutzbestimmungen vorgesehenen Bedingungen erf\u00fcllt ist.<\/span><\/li>\n<li style=\"font-weight: 400;\" aria-level=\"1\"><span style=\"font-weight: 400;\">Die \u00dcbertragbarkeit der vom Benutzer gelieferten Daten in den in den Vorschriften vorgesehenen F\u00e4llen zu beantragen.<\/span><\/li>\n<li style=\"font-weight: 400;\" aria-level=\"1\"><span style=\"font-weight: 400;\">Bitte wenden Sie sich an den DSB von REAL EARTH STORIES unter folgender Adresse: tina@realearthstories.es.<\/span><\/li>\n<li style=\"font-weight: 400;\" aria-level=\"1\"><span style=\"font-weight: 400;\">Bei der spanischen Datenschutzbeh\u00f6rde, C\/ Jorge Juan, 6, 28001 &#8211; Madrid, eine Beschwerde bez\u00fcglich des Schutzes ihrer pers\u00f6nlichen Daten einzureichen, wenn die betroffene Person der Meinung ist, dass REAL EARTH STORIES gegen die in den geltenden Datenschutzbestimmungen anerkannten Rechte versto\u00dfen hat.<\/span><\/li>\n<\/ul>\n<p><b>Allgemeine Gesch\u00e4ftsbedingungen f\u00fcr den Handel mit Textnachrichten (SMS):<\/b><\/p>\n<p><span style=\"font-weight: 400;\">Wir nutzen eine SMS-Plattform, f\u00fcr die die folgenden Bedingungen gelten. Indem Sie sich f\u00fcr unser Textmarketing und unsere Benachrichtigungen entscheiden, erkl\u00e4ren Sie sich mit diesen Bedingungen und Konditionen einverstanden.<\/span><span style=\"font-weight: 400;\"><br><\/span><span style=\"font-weight: 400;\"><br><\/span><span style=\"font-weight: 400;\">Indem Sie Ihre Telefonnummer in der Kaufabwicklung eingeben und einen Kauf initiieren, sich \u00fcber unser Abonnementformular oder ein Schl\u00fcsselwort anmelden, erkl\u00e4ren Sie sich damit einverstanden, dass wir Ihnen SMS-Benachrichtigungen (f\u00fcr Ihre Bestellung, einschlie\u00dflich Erinnerungen an abgebrochene Warenk\u00f6rbe) und SMS-Marketingangebote zusenden d\u00fcrfen. Sie erkennt an, dass die Zustimmung keine Bedingung f\u00fcr einen Kauf ist.<\/span><\/p>\n<p> <\/p>\n<p><b>  \u00c4nderungen<\/b><\/p>\n<p><span style=\"font-weight: 400;\">REAL EARTH STORIES beh\u00e4lt sich das Recht vor, seine Datenschutzpolitik jederzeit zu \u00e4ndern, was den Nutzern dann mitgeteilt wird. Aus diesem Grund sollten Sie diese Datenschutzerkl\u00e4rung regelm\u00e4\u00dfig auf den neuesten Stand bringen.<\/span><\/p>\n<p> <\/p>\n<p><\/p>\t\t\t\t\t\t\t\t<\/div>\n\t\t\t\t<\/div>\n\t\t\t\t\t<\/div>\n\t\t<\/div>\n\t\t\t\t\t<\/div>\n\t\t<\/section>\n\t\t\t\t<\/div>\n\t\t","protected":false},"excerpt":{"rendered":"<p>Datenschutzbestimmungen Bei Real Earth Stories S.L. respektieren wir die Privatsph\u00e4re unserer Kunden und sch\u00fctzen sie durch Richtlinien, die die Datenverarbeitung regeln. Der Kunde steht an erster Stelle. Von und f\u00fcr unsere Kunden ist unser Motto. Der Schutz der Daten der Nutzer der \u00fcber unsere Website zug\u00e4nglichen Dienste ist uns ein besonderes Anliegen. Mit dieser Datenschutzerkl\u00e4rung &#8230; <a title=\"Datenschutzbestimmungen\" class=\"read-more\" href=\"https:\/\/realearthstories.es\/de\/datenschutzbestimmungen\/\" aria-label=\"Mehr Informationen \u00fcber Datenschutzbestimmungen\">Weiterlesen<\/a><\/p>\n","protected":false},"author":3,"featured_media":0,"parent":0,"menu_order":0,"comment_status":"closed","ping_status":"closed","template":"elementor_header_footer","meta":{"_acf_changed":false,"footnotes":""},"class_list":["post-5498","page","type-page","status-publish"],"acf":[],"_links":{"self":[{"href":"https:\/\/realearthstories.es\/de\/wp-json\/wp\/v2\/pages\/5498","targetHints":{"allow":["GET"]}}],"collection":[{"href":"https:\/\/realearthstories.es\/de\/wp-json\/wp\/v2\/pages"}],"about":[{"href":"https:\/\/realearthstories.es\/de\/wp-json\/wp\/v2\/types\/page"}],"author":[{"embeddable":true,"href":"https:\/\/realearthstories.es\/de\/wp-json\/wp\/v2\/users\/3"}],"replies":[{"embeddable":true,"href":"https:\/\/realearthstories.es\/de\/wp-json\/wp\/v2\/comments?post=5498"}],"version-history":[{"count":4,"href":"https:\/\/realearthstories.es\/de\/wp-json\/wp\/v2\/pages\/5498\/revisions"}],"predecessor-version":[{"id":13704,"href":"https:\/\/realearthstories.es\/de\/wp-json\/wp\/v2\/pages\/5498\/revisions\/13704"}],"wp:attachment":[{"href":"https:\/\/realearthstories.es\/de\/wp-json\/wp\/v2\/media?parent=5498"}],"curies":[{"name":"wp","href":"https:\/\/api.w.org\/{rel}","templated":true}]}}