{"id":5496,"date":"2024-02-27T11:53:34","date_gmt":"2024-02-27T11:53:34","guid":{"rendered":"https:\/\/realearthstories.es\/cookie-richtlinie\/"},"modified":"2024-02-27T11:53:36","modified_gmt":"2024-02-27T11:53:36","slug":"cookie-richtlinie","status":"publish","type":"page","link":"https:\/\/realearthstories.es\/de\/cookie-richtlinie\/","title":{"rendered":"Cookie-Richtlinie"},"content":{"rendered":"\t\t<div data-elementor-type=\"wp-page\" data-elementor-id=\"5496\" class=\"elementor elementor-5496 elementor-1176\" data-elementor-post-type=\"page\">\n\t\t\t\t\t\t<section class=\"elementor-section elementor-top-section elementor-element elementor-element-e8725fd elementor-section-boxed elementor-section-height-default elementor-section-height-default\" data-id=\"e8725fd\" data-element_type=\"section\" data-e-type=\"section\">\n\t\t\t\t\t\t<div class=\"elementor-container elementor-column-gap-default\">\n\t\t\t\t\t<div class=\"elementor-column elementor-col-100 elementor-top-column elementor-element elementor-element-465567c2\" data-id=\"465567c2\" data-element_type=\"column\" data-e-type=\"column\">\n\t\t\t<div class=\"elementor-widget-wrap elementor-element-populated\">\n\t\t\t\t\t\t<div class=\"elementor-element elementor-element-50f5cea3 elementor-widget elementor-widget-text-editor\" data-id=\"50f5cea3\" data-element_type=\"widget\" data-e-type=\"widget\" data-widget_type=\"text-editor.default\">\n\t\t\t\t<div class=\"elementor-widget-container\">\n\t\t\t\t\t\t\t\t\t<h1><span style=\"font-weight: 400;\">Cookies-Politik<\/span><\/h1>\n<p><b>INFORMATIONEN \u00dcBER COOKIES<\/b><\/p>\n<p><span style=\"font-weight: 400;\">Der Zweck dieser Cookie-Richtlinie ist es, klare und pr\u00e4zise Informationen \u00fcber die auf unserer Website verwendeten Cookies zu geben.<\/span><\/p>\n<p><b>WAS SIND COOKIES?<\/b><\/p>\n<p><span style=\"font-weight: 400;\">Cookies und andere \u00e4hnliche Technologien wie Local Shared Objects, Flash-Cookies oder Pixel sind Hilfsmittel, die von Webservern verwendet werden, um Informationen \u00fcber ihre Besucher zu speichern und abzurufen und um ein ordnungsgem\u00e4\u00dfes Funktionieren der Website zu gew\u00e4hrleisten.<\/span><\/p>\n<p><b>AUF DIESER WEBSITE VERWENDETE COOKIES<\/b><\/p>\n<p><span style=\"font-weight: 400;\">Diese Website verwendet ihre eigenen Sitzungscookies nur zu technischen Zwecken (die es dem Nutzer erm\u00f6glichen, die Website zu durchsuchen und die verschiedenen Optionen und Dienste zu nutzen, die es auf der Website gibt) und f\u00fcr die Erbringung von Diensten, die vom Nutzer ausdr\u00fccklich angefordert wurden. Cookies werden auch nicht verwendet, um personenbezogene Daten der betroffenen Person ohne deren Wissen zu sammeln oder sie an Dritte weiterzugeben.<\/span><\/p>\n<p><b>Cookies-Politik<\/b><\/p>\n<p><span style=\"font-weight: 400;\">Cookies sind kleine Textdateien, die auf den Computern installiert werden, von denen aus Sie auf unsere Website zugreifen. Cookies speichern unter anderem die Vorlieben und Surfgewohnheiten der Nutzer. Sie sind mit dem Benutzer und seinen Ger\u00e4ten verbunden, liefern aber keine direkt identifizierenden Daten. Einige Cookies, z. B. solche, die die Erstellung von Statistiken erm\u00f6glichen, oder Werbe-Cookies, erfordern die Zustimmung des Nutzers unserer Website. Andererseits sind andere Cookies, die technischer Natur sind oder die notwendig sind, um eine vom Nutzer angeforderte Dienstleistung anzubieten, f\u00fcr das Funktionieren der Website unerl\u00e4sslich. Cookies k\u00f6nnen nach ihrer G\u00fcltigkeitsdauer, ihrem Verwalter oder ihrem Zweck klassifiziert werden.<\/span><\/p>\n<p><b>Je nach G\u00fcltigkeit:<\/b><\/p>\n<ul>\n<li style=\"font-weight: 400;\" aria-level=\"1\"><span style=\"font-weight: 400;\">Sitzungs-Cookies<\/span><span style=\"font-weight: 400;\">Diese sind tempor\u00e4r und bleiben in der Cookie-Datei Ihres Browsers, bis Sie die Website verlassen.<\/span><\/li>\n<li style=\"font-weight: 400;\" aria-level=\"1\"><span style=\"font-weight: 400;\">Dauerhaft<\/span><span style=\"font-weight: 400;\">werden gespeichert und von der Website bei jedem Besuch gelesen.<\/span><\/li>\n<\/ul>\n<p><b><br \/><\/b><b>Je nachdem, wer sie verwaltet:<\/b><\/p>\n<ul>\n<li style=\"font-weight: 400;\" aria-level=\"1\"><span style=\"font-weight: 400;\">Eigene<\/span><span style=\"font-weight: 400;\">sind die des Eigent\u00fcmers der Website, von der aus die Dienstleistungen f\u00fcr den Nutzer erbracht werden.<\/span><\/li>\n<li style=\"font-weight: 400;\" aria-level=\"1\"><span style=\"font-weight: 400;\">Von Dritten<\/span><span style=\"font-weight: 400;\">werden dem Nutzer von einer dritten Partei, die nicht der Eigent\u00fcmer der Website ist, zugesandt.<\/span><\/li>\n<\/ul>\n<p><b><br \/><\/b><b>Je nach Zweck:<\/b><\/p>\n<ul>\n<li style=\"font-weight: 400;\" aria-level=\"1\"><span style=\"font-weight: 400;\">Erforderlich<\/span><span style=\"font-weight: 400;\">Das Wesentliche, um Ihre Verbindung zu erleichtern. Es gibt keine M\u00f6glichkeit, sie zu deaktivieren, da sie f\u00fcr das Funktionieren der Website notwendig sind.<\/span><\/li>\n<li style=\"font-weight: 400;\" aria-level=\"1\"><span style=\"font-weight: 400;\">Techniken<\/span><span style=\"font-weight: 400;\">: Techniken, die unter anderem die Kontrolle des Datenverkehrs und der Datenkommunikation, die Identifizierung der Sitzung und den Zugriff auf Seiten mit eingeschr\u00e4nktem Zugang erm\u00f6glichen.<\/span><\/li>\n<li style=\"font-weight: 400;\" aria-level=\"1\"><span style=\"font-weight: 400;\">Pr\u00e4ferenzen<\/span><span style=\"font-weight: 400;\">Sie erm\u00f6glichen es uns, Ihre Auswahl zu speichern (z. B. Sprache oder Region, aus der Sie zugreifen), um Ihnen fortschrittliche Dienste anbieten zu k\u00f6nnen.<\/span><\/li>\n<li style=\"font-weight: 400;\" aria-level=\"1\"><span style=\"font-weight: 400;\">Auswertungen<\/span><span style=\"font-weight: 400;\">: Sie liefern statistische Informationen und erm\u00f6glichen die Verbesserung der Dienstleistungen. Wir verwenden Google Analytics-Cookies, die Sie durch die Installation dieses Plugins deaktivieren k\u00f6nnen.<\/span><\/li>\n<li style=\"font-weight: 400;\" aria-level=\"1\"><span style=\"font-weight: 400;\">Werbung<\/span><span style=\"font-weight: 400;\">: um direkt oder \u00fcber Dritte (&#8222;Adserver&#8220;) Werbeinhalte anzubieten, die den Interessen des Nutzers entsprechen.<\/span><\/li>\n<li style=\"font-weight: 400;\" aria-level=\"1\"><span style=\"font-weight: 400;\">Geolokalisierung<\/span><span style=\"font-weight: 400;\">: um den geografischen Standort des Nutzers zu kennen.<\/span><\/li>\n<\/ul>\n<p><span style=\"font-weight: 400;\"><br \/><\/span><span style=\"font-weight: 400;\">Wir listen die von unserer Website verwendeten Cookies auf und geben jedem Nutzer die M\u00f6glichkeit (letzte Spalte), den Download zu genehmigen.<\/span><\/p>\n<p><script id=\"CookieDeclaration\" src=\"https:\/\/consent.cookiebot.com\/fa0647e3-055a-4c3b-b696-9f1f897a081f\/cd.js\" type=\"text\/javascript\" async=\"\"><\/script><\/p>\n\t\t\t\t\t\t\t\t<\/div>\n\t\t\t\t<\/div>\n\t\t\t\t\t<\/div>\n\t\t<\/div>\n\t\t\t\t\t<\/div>\n\t\t<\/section>\n\t\t\t\t<\/div>\n\t\t","protected":false},"excerpt":{"rendered":"<p>Cookies-Politik INFORMATIONEN \u00dcBER COOKIES Der Zweck dieser Cookie-Richtlinie ist es, klare und pr\u00e4zise Informationen \u00fcber die auf unserer Website verwendeten Cookies zu geben. WAS SIND COOKIES? Cookies und andere \u00e4hnliche Technologien wie Local Shared Objects, Flash-Cookies oder Pixel sind Hilfsmittel, die von Webservern verwendet werden, um Informationen \u00fcber ihre Besucher zu speichern und abzurufen und &#8230; <a title=\"Cookie-Richtlinie\" class=\"read-more\" href=\"https:\/\/realearthstories.es\/de\/cookie-richtlinie\/\" aria-label=\"Mehr Informationen \u00fcber Cookie-Richtlinie\">Weiterlesen<\/a><\/p>\n","protected":false},"author":3,"featured_media":0,"parent":0,"menu_order":0,"comment_status":"closed","ping_status":"closed","template":"elementor_header_footer","meta":{"_acf_changed":false,"footnotes":""},"class_list":["post-5496","page","type-page","status-publish"],"acf":[],"_links":{"self":[{"href":"https:\/\/realearthstories.es\/de\/wp-json\/wp\/v2\/pages\/5496","targetHints":{"allow":["GET"]}}],"collection":[{"href":"https:\/\/realearthstories.es\/de\/wp-json\/wp\/v2\/pages"}],"about":[{"href":"https:\/\/realearthstories.es\/de\/wp-json\/wp\/v2\/types\/page"}],"author":[{"embeddable":true,"href":"https:\/\/realearthstories.es\/de\/wp-json\/wp\/v2\/users\/3"}],"replies":[{"embeddable":true,"href":"https:\/\/realearthstories.es\/de\/wp-json\/wp\/v2\/comments?post=5496"}],"version-history":[{"count":1,"href":"https:\/\/realearthstories.es\/de\/wp-json\/wp\/v2\/pages\/5496\/revisions"}],"predecessor-version":[{"id":5501,"href":"https:\/\/realearthstories.es\/de\/wp-json\/wp\/v2\/pages\/5496\/revisions\/5501"}],"wp:attachment":[{"href":"https:\/\/realearthstories.es\/de\/wp-json\/wp\/v2\/media?parent=5496"}],"curies":[{"name":"wp","href":"https:\/\/api.w.org\/{rel}","templated":true}]}}