{"id":5490,"date":"2024-02-27T11:53:26","date_gmt":"2024-02-27T11:53:26","guid":{"rendered":"https:\/\/realearthstories.es\/schwarzer-freitag\/"},"modified":"2025-10-21T21:34:04","modified_gmt":"2025-10-21T21:34:04","slug":"schwarzer-freitag","status":"publish","type":"page","link":"https:\/\/realearthstories.es\/de\/schwarzer-freitag\/","title":{"rendered":"Schwarzer Freitag"},"content":{"rendered":"\t\t<div data-elementor-type=\"wp-page\" data-elementor-id=\"5490\" class=\"elementor elementor-5490 elementor-1877\" data-elementor-post-type=\"page\">\n\t\t\t\t\t\t<section class=\"elementor-section elementor-top-section elementor-element elementor-element-7ee220a elementor-section-full_width elementor-section-height-default elementor-section-height-default\" data-id=\"7ee220a\" data-element_type=\"section\" data-e-type=\"section\" data-settings=\"{&quot;background_background&quot;:&quot;video&quot;,&quot;background_video_link&quot;:&quot;https:\\\/\\\/realearthstories.es\\\/wp-content\\\/uploads\\\/2022\\\/11\\\/black-friday.mp4&quot;,&quot;background_play_on_mobile&quot;:&quot;yes&quot;}\">\n\t\t\t\t\t\t\t\t<div class=\"elementor-background-video-container\">\n\t\t\t\t\t\t\t\t\t\t\t\t\t<video class=\"elementor-background-video-hosted\" role=\"presentation\" autoplay muted playsinline loop><\/video>\n\t\t\t\t\t\t\t\t\t\t\t<\/div>\n\t\t\t\t\t\t\t\t<div class=\"elementor-container elementor-column-gap-default\">\n\t\t\t\t\t<div class=\"elementor-column elementor-col-100 elementor-top-column elementor-element elementor-element-a85c245\" data-id=\"a85c245\" data-element_type=\"column\" data-e-type=\"column\">\n\t\t\t<div class=\"elementor-widget-wrap elementor-element-populated\">\n\t\t\t\t\t\t<div class=\"elementor-element elementor-element-2c273b1 elementor-widget elementor-widget-heading\" data-id=\"2c273b1\" data-element_type=\"widget\" data-e-type=\"widget\" data-widget_type=\"heading.default\">\n\t\t\t\t<div class=\"elementor-widget-container\">\n\t\t\t\t\t<h2 class=\"elementor-heading-title elementor-size-default\">Schwarzer Freitag Vorrangiger Zugang<\/h2>\t\t\t\t<\/div>\n\t\t\t\t<\/div>\n\t\t\t\t<div class=\"elementor-element elementor-element-ae96015 elementor-widget elementor-widget-html\" data-id=\"ae96015\" data-element_type=\"widget\" data-e-type=\"widget\" data-widget_type=\"html.default\">\n\t\t\t\t<div class=\"elementor-widget-container\">\n\t\t\t\t\t<div class=\"klaviyo-form-WQpV8S\"><\/div>\t\t\t\t<\/div>\n\t\t\t\t<\/div>\n\t\t\t\t<div class=\"elementor-element elementor-element-14ae297 elementor-widget__width-initial elementor-widget elementor-widget-text-editor\" data-id=\"14ae297\" data-element_type=\"widget\" data-e-type=\"widget\" data-widget_type=\"text-editor.default\">\n\t\t\t\t<div class=\"elementor-widget-container\">\n\t\t\t\t\t\t\t\t\t<h5>Wir bereiten<strong> die gr\u00f6\u00dfte Aktion des Jahres<\/strong> vor, damit Sie sich der nat\u00fcrlichen Pflege hingeben k\u00f6nnen. Es w\u00e4re f\u00fcr uns nicht tragbar, diese Rabatte das ganze Jahr \u00fcber aufrechtzuerhalten, aber am Black Friday m\u00f6chten wir Ihnen die Chance geben, sich die besten unserer Pflanzen zu g\u00f6nnen, und deshalb <strong>haben wir einige tolle Angebote f\u00fcr Sie<\/strong>!<\/h5><h5>Wenn Sie sich in diese Liste eintragen, erhalten Sie <strong>24 Stunden<\/strong> vor dem offiziellen Start des Black Friday bei REAL EARTH <strong>exklusiven Zugang<\/strong> und <strong>ein besonderes Geschenk<\/strong>.<\/h5><h5> <\/h5>\t\t\t\t\t\t\t\t<\/div>\n\t\t\t\t<\/div>\n\t\t\t\t\t<\/div>\n\t\t<\/div>\n\t\t\t\t\t<\/div>\n\t\t<\/section>\n\t\t\t\t<\/div>\n\t\t","protected":false},"excerpt":{"rendered":"<p>Schwarzer Freitag Vorrangiger Zugang Wir bereiten die gr\u00f6\u00dfte Aktion des Jahres vor, damit Sie sich der nat\u00fcrlichen Pflege hingeben k\u00f6nnen. Es w\u00e4re f\u00fcr uns nicht tragbar, diese Rabatte das ganze Jahr \u00fcber aufrechtzuerhalten, aber am Black Friday m\u00f6chten wir Ihnen die Chance geben, sich die besten unserer Pflanzen zu g\u00f6nnen, und deshalb haben wir einige &#8230; <a title=\"Schwarzer Freitag\" class=\"read-more\" href=\"https:\/\/realearthstories.es\/de\/schwarzer-freitag\/\" aria-label=\"Mehr Informationen \u00fcber Schwarzer Freitag\">Weiterlesen<\/a><\/p>\n","protected":false},"author":3,"featured_media":7604,"parent":0,"menu_order":0,"comment_status":"closed","ping_status":"closed","template":"elementor_header_footer","meta":{"_acf_changed":false,"footnotes":""},"class_list":["post-5490","page","type-page","status-publish","has-post-thumbnail"],"acf":[],"_links":{"self":[{"href":"https:\/\/realearthstories.es\/de\/wp-json\/wp\/v2\/pages\/5490","targetHints":{"allow":["GET"]}}],"collection":[{"href":"https:\/\/realearthstories.es\/de\/wp-json\/wp\/v2\/pages"}],"about":[{"href":"https:\/\/realearthstories.es\/de\/wp-json\/wp\/v2\/types\/page"}],"author":[{"embeddable":true,"href":"https:\/\/realearthstories.es\/de\/wp-json\/wp\/v2\/users\/3"}],"replies":[{"embeddable":true,"href":"https:\/\/realearthstories.es\/de\/wp-json\/wp\/v2\/comments?post=5490"}],"version-history":[{"count":2,"href":"https:\/\/realearthstories.es\/de\/wp-json\/wp\/v2\/pages\/5490\/revisions"}],"predecessor-version":[{"id":13699,"href":"https:\/\/realearthstories.es\/de\/wp-json\/wp\/v2\/pages\/5490\/revisions\/13699"}],"wp:featuredmedia":[{"embeddable":true,"href":"https:\/\/realearthstories.es\/de\/wp-json\/wp\/v2\/media\/7604"}],"wp:attachment":[{"href":"https:\/\/realearthstories.es\/de\/wp-json\/wp\/v2\/media?parent=5490"}],"curies":[{"name":"wp","href":"https:\/\/api.w.org\/{rel}","templated":true}]}}