{"id":5489,"date":"2024-02-27T11:53:26","date_gmt":"2024-02-27T11:53:26","guid":{"rendered":"https:\/\/realearthstories.es\/ihr-geschenk\/"},"modified":"2025-10-21T21:34:04","modified_gmt":"2025-10-21T21:34:04","slug":"ihr-geschenk","status":"publish","type":"page","link":"https:\/\/realearthstories.es\/de\/ihr-geschenk\/","title":{"rendered":"Ihr Geschenk"},"content":{"rendered":"\t\t<div data-elementor-type=\"wp-page\" data-elementor-id=\"5489\" class=\"elementor elementor-5489 elementor-3498\" data-elementor-post-type=\"page\">\n\t\t\t\t\t\t<section class=\"elementor-section elementor-top-section elementor-element elementor-element-375c3ae elementor-section-boxed elementor-section-height-default elementor-section-height-default\" data-id=\"375c3ae\" data-element_type=\"section\" data-e-type=\"section\">\n\t\t\t\t\t\t<div class=\"elementor-container elementor-column-gap-default\">\n\t\t\t\t\t<div class=\"elementor-column elementor-col-100 elementor-top-column elementor-element elementor-element-0e63963\" data-id=\"0e63963\" data-element_type=\"column\" data-e-type=\"column\">\n\t\t\t<div class=\"elementor-widget-wrap elementor-element-populated\">\n\t\t\t\t\t\t<div class=\"elementor-element elementor-element-215bc53 elementor-widget elementor-widget-image\" data-id=\"215bc53\" data-element_type=\"widget\" data-e-type=\"widget\" data-widget_type=\"image.default\">\n\t\t\t\t<div class=\"elementor-widget-container\">\n\t\t\t\t\t\t\t\t\t\t\t\t\t\t\t<img fetchpriority=\"high\" decoding=\"async\" width=\"900\" height=\"287\" src=\"https:\/\/realearthstories.es\/wp-content\/uploads\/2022\/02\/amla-5-1024x327.jpg\" class=\"attachment-large size-large wp-image-5213\" alt=\"\" srcset=\"https:\/\/realearthstories.es\/wp-content\/uploads\/2022\/02\/amla-5-1024x327.jpg 1024w, https:\/\/realearthstories.es\/wp-content\/uploads\/2022\/02\/amla-5-300x96.jpg 300w, https:\/\/realearthstories.es\/wp-content\/uploads\/2022\/02\/amla-5-768x246.jpg 768w, https:\/\/realearthstories.es\/wp-content\/uploads\/2022\/02\/amla-5-1536x491.jpg 1536w, https:\/\/realearthstories.es\/wp-content\/uploads\/2022\/02\/amla-5-1000x320.jpg 1000w, https:\/\/realearthstories.es\/wp-content\/uploads\/2022\/02\/amla-5.jpg 1920w\" sizes=\"(max-width: 900px) 100vw, 900px\" \/>\t\t\t\t\t\t\t\t\t\t\t\t\t\t\t<\/div>\n\t\t\t\t<\/div>\n\t\t\t\t\t<\/div>\n\t\t<\/div>\n\t\t\t\t\t<\/div>\n\t\t<\/section>\n\t\t\t\t<section class=\"elementor-section elementor-top-section elementor-element elementor-element-94917db elementor-section-boxed elementor-section-height-default elementor-section-height-default\" data-id=\"94917db\" data-element_type=\"section\" data-e-type=\"section\">\n\t\t\t\t\t\t<div class=\"elementor-container elementor-column-gap-default\">\n\t\t\t\t\t<div class=\"elementor-column elementor-col-100 elementor-top-column elementor-element elementor-element-01b4b29\" data-id=\"01b4b29\" data-element_type=\"column\" data-e-type=\"column\">\n\t\t\t<div class=\"elementor-widget-wrap elementor-element-populated\">\n\t\t\t\t\t\t<div class=\"elementor-element elementor-element-5112652 elementor-widget elementor-widget-heading\" data-id=\"5112652\" data-element_type=\"widget\" data-e-type=\"widget\" data-widget_type=\"heading.default\">\n\t\t\t\t<div class=\"elementor-widget-container\">\n\t\t\t\t\t<h2 class=\"elementor-heading-title elementor-size-default\"><div class=\"klaviyo-form-W2gLyh\"><\/div><\/h2>\t\t\t\t<\/div>\n\t\t\t\t<\/div>\n\t\t\t\t\t<\/div>\n\t\t<\/div>\n\t\t\t\t\t<\/div>\n\t\t<\/section>\n\t\t\t\t<section class=\"elementor-section elementor-top-section elementor-element elementor-element-22f8ecb elementor-section-boxed elementor-section-height-default elementor-section-height-default\" data-id=\"22f8ecb\" data-element_type=\"section\" data-e-type=\"section\">\n\t\t\t\t\t\t<div class=\"elementor-container elementor-column-gap-default\">\n\t\t\t\t\t<div class=\"elementor-column elementor-col-50 elementor-top-column elementor-element elementor-element-67668d9\" data-id=\"67668d9\" data-element_type=\"column\" data-e-type=\"column\">\n\t\t\t<div class=\"elementor-widget-wrap elementor-element-populated\">\n\t\t\t\t\t\t<div class=\"elementor-element elementor-element-fdd2e14 elementor-widget elementor-widget-text-editor\" data-id=\"fdd2e14\" data-element_type=\"widget\" data-e-type=\"widget\" data-widget_type=\"text-editor.default\">\n\t\t\t\t<div class=\"elementor-widget-container\">\n\t\t\t\t\t\t\t\t\t<h3 data-start=\"94\" data-end=\"123\">In diesem Leitfaden finden Sie:<\/h3><ul><li><h4><strong data-start=\"125\" data-end=\"150\">10 Schritt-f\u00fcr-Schritt-Videos<\/strong> &#8211; von der Vorbereitung bis zur abschlie\u00dfenden Sp\u00fclung &#8211; mit professionellen Tipps, wie Sie Ihr Haar zu Hause mit Pflanzenhaarfarbe f\u00e4rben und ein Finish wie im Salon erzielen.<\/h4><\/li><li data-start=\"300\" data-end=\"451\"><h4><strong data-start=\"300\" data-end=\"321\">Ein umfassender Leitfaden<\/strong>, der erkl\u00e4rt, was pflanzliche Farbstoffe sind, wie sie funktionieren und warum sie eine ges\u00fcndere Alternative f\u00fcr Sie und den Planeten sind.<\/h4><\/li><li data-start=\"453\" data-end=\"575\"><h4><strong data-start=\"453\" data-end=\"496\">Der wirkliche Unterschied zwischen Henna und Schlamm<\/strong> und wie Sie die beste Option f\u00fcr Ihren Haartyp und Ihre gew\u00fcnschte Farbe w\u00e4hlen.<\/h4><\/li><li data-start=\"577\" data-end=\"719\"><h4><strong data-start=\"577\" data-end=\"609\">Geheimnisse aus meiner indischen Familie<\/strong>, die von Generation zu Generation weitergegeben werden, um das Haar zu st\u00e4rken und es gl\u00e4nzend und lebendig zu erhalten.<\/h4><\/li><li data-start=\"721\" data-end=\"821\"><h4><strong data-start=\"721\" data-end=\"748\">Die h\u00e4ufigsten Fehler<\/strong> (und wie Sie sie vermeiden k\u00f6nnen), um eine gleichm\u00e4\u00dfige, nat\u00fcrliche und lang anhaltende Farbe zu erzielen.<\/h4><\/li><li data-start=\"823\" data-end=\"934\"><h4><strong data-start=\"823\" data-end=\"857\">Pers\u00f6nliche Empfehlungen<\/strong>, um den Farbton zu finden, der mit Ihrer Haut harmoniert und Ihre nat\u00fcrliche Sch\u00f6nheit unterstreicht.<\/h4><\/li><li data-start=\"936\" data-end=\"1023\"><h4><strong data-start=\"936\" data-end=\"964\">Direkter WhatsApp-Chat<\/strong>, um Zweifel zu beseitigen und Sie w\u00e4hrend des gesamten Prozesses zu begleiten.<\/h4><\/li><li data-start=\"1025\" data-end=\"1115\"><h4><strong data-start=\"1025\" data-end=\"1060\">Ein intelligenter Online-Fragebogen<\/strong>, der Sie Schritt f\u00fcr Schritt zu Ihrem Fall und Ihren Zielen f\u00fchrt.<\/h4><\/li><li data-start=\"1117\" data-end=\"1249\"><h4><strong data-start=\"1117\" data-end=\"1133\">Und vieles mehr:<\/strong> Materiallisten, Belichtungszeiten, Mischanleitungen und Farbpflege f\u00fcr gleichbleibende Ergebnisse.<\/h4><\/li><\/ul><h3> <\/h3>\t\t\t\t\t\t\t\t<\/div>\n\t\t\t\t<\/div>\n\t\t\t\t\t<\/div>\n\t\t<\/div>\n\t\t\t\t<div class=\"elementor-column elementor-col-50 elementor-top-column elementor-element elementor-element-f909da9\" data-id=\"f909da9\" data-element_type=\"column\" data-e-type=\"column\">\n\t\t\t<div class=\"elementor-widget-wrap elementor-element-populated\">\n\t\t\t\t\t\t<div class=\"elementor-element elementor-element-7917b24 elementor-widget elementor-widget-image\" data-id=\"7917b24\" data-element_type=\"widget\" data-e-type=\"widget\" data-widget_type=\"image.default\">\n\t\t\t\t<div class=\"elementor-widget-container\">\n\t\t\t\t\t\t\t\t\t\t\t\t\t\t\t<img decoding=\"async\" width=\"768\" height=\"960\" src=\"https:\/\/realearthstories.es\/wp-content\/uploads\/2025\/10\/lead-magnet-768x960.jpg\" class=\"attachment-medium_large size-medium_large wp-image-13497\" alt=\"\" srcset=\"https:\/\/realearthstories.es\/wp-content\/uploads\/2025\/10\/lead-magnet-768x960.jpg 768w, https:\/\/realearthstories.es\/wp-content\/uploads\/2025\/10\/lead-magnet-240x300.jpg 240w, https:\/\/realearthstories.es\/wp-content\/uploads\/2025\/10\/lead-magnet-819x1024.jpg 819w, https:\/\/realearthstories.es\/wp-content\/uploads\/2025\/10\/lead-magnet.jpg 960w\" sizes=\"(max-width: 768px) 100vw, 768px\" \/>\t\t\t\t\t\t\t\t\t\t\t\t\t\t\t<\/div>\n\t\t\t\t<\/div>\n\t\t\t\t\t<\/div>\n\t\t<\/div>\n\t\t\t\t\t<\/div>\n\t\t<\/section>\n\t\t\t\t<section class=\"elementor-section elementor-top-section elementor-element elementor-element-c14bc8b elementor-section-boxed elementor-section-height-default elementor-section-height-default\" data-id=\"c14bc8b\" data-element_type=\"section\" data-e-type=\"section\">\n\t\t\t\t\t\t<div class=\"elementor-container elementor-column-gap-default\">\n\t\t\t\t\t<div class=\"elementor-column elementor-col-100 elementor-top-column elementor-element elementor-element-cf2329e\" data-id=\"cf2329e\" data-element_type=\"column\" data-e-type=\"column\">\n\t\t\t<div class=\"elementor-widget-wrap elementor-element-populated\">\n\t\t\t\t\t\t<div class=\"elementor-element elementor-element-54e9638 elementor-widget elementor-widget-shortcode\" data-id=\"54e9638\" data-element_type=\"widget\" data-e-type=\"widget\" data-widget_type=\"shortcode.default\">\n\t\t\t\t<div class=\"elementor-widget-container\">\n\t\t\t\t\t\t\t<div class=\"elementor-shortcode\"><div class=\"revi-widget-aNApEbWGQg\"\r\n    data-revi-widget-lazy=\"\"\r\n    data-lang=\"de\"\r\n    data-country=\"\"\r\n    ><\/div><\/div>\n\t\t\t\t\t\t<\/div>\n\t\t\t\t<\/div>\n\t\t\t\t\t<\/div>\n\t\t<\/div>\n\t\t\t\t\t<\/div>\n\t\t<\/section>\n\t\t\t\t<section class=\"elementor-section elementor-top-section elementor-element elementor-element-0fa3f5a elementor-section-boxed elementor-section-height-default elementor-section-height-default\" data-id=\"0fa3f5a\" data-element_type=\"section\" data-e-type=\"section\">\n\t\t\t\t\t\t<div class=\"elementor-container elementor-column-gap-default\">\n\t\t\t\t\t<div class=\"elementor-column elementor-col-100 elementor-top-column elementor-element elementor-element-f344019\" data-id=\"f344019\" data-element_type=\"column\" data-e-type=\"column\">\n\t\t\t<div class=\"elementor-widget-wrap elementor-element-populated\">\n\t\t\t\t\t\t<div class=\"elementor-element elementor-element-fdadf42 elementor-widget elementor-widget-image\" data-id=\"fdadf42\" data-element_type=\"widget\" data-e-type=\"widget\" data-widget_type=\"image.default\">\n\t\t\t\t<div class=\"elementor-widget-container\">\n\t\t\t\t\t\t\t\t\t\t\t\t\t\t\t<img decoding=\"async\" width=\"200\" height=\"150\" src=\"https:\/\/realearthstories.es\/wp-content\/uploads\/2023\/05\/Bio-vida-sana-logo.png\" class=\"attachment-medium size-medium wp-image-5129\" alt=\"\" \/>\t\t\t\t\t\t\t\t\t\t\t\t\t\t\t<\/div>\n\t\t\t\t<\/div>\n\t\t\t\t\t<\/div>\n\t\t<\/div>\n\t\t\t\t\t<\/div>\n\t\t<\/section>\n\t\t\t\t<\/div>\n\t\t","protected":false},"excerpt":{"rendered":"<p>In diesem Leitfaden finden Sie: 10 Schritt-f\u00fcr-Schritt-Videos &#8211; von der Vorbereitung bis zur abschlie\u00dfenden Sp\u00fclung &#8211; mit professionellen Tipps, wie Sie Ihr Haar zu Hause mit Pflanzenhaarfarbe f\u00e4rben und ein Finish wie im Salon erzielen. Ein umfassender Leitfaden, der erkl\u00e4rt, was pflanzliche Farbstoffe sind, wie sie funktionieren und warum sie eine ges\u00fcndere Alternative f\u00fcr Sie &#8230; <a title=\"Ihr Geschenk\" class=\"read-more\" href=\"https:\/\/realearthstories.es\/de\/ihr-geschenk\/\" aria-label=\"Mehr Informationen \u00fcber Ihr Geschenk\">Weiterlesen<\/a><\/p>\n","protected":false},"author":3,"featured_media":0,"parent":0,"menu_order":0,"comment_status":"closed","ping_status":"closed","template":"elementor_header_footer","meta":{"_acf_changed":false,"footnotes":""},"class_list":["post-5489","page","type-page","status-publish"],"acf":[],"_links":{"self":[{"href":"https:\/\/realearthstories.es\/de\/wp-json\/wp\/v2\/pages\/5489","targetHints":{"allow":["GET"]}}],"collection":[{"href":"https:\/\/realearthstories.es\/de\/wp-json\/wp\/v2\/pages"}],"about":[{"href":"https:\/\/realearthstories.es\/de\/wp-json\/wp\/v2\/types\/page"}],"author":[{"embeddable":true,"href":"https:\/\/realearthstories.es\/de\/wp-json\/wp\/v2\/users\/3"}],"replies":[{"embeddable":true,"href":"https:\/\/realearthstories.es\/de\/wp-json\/wp\/v2\/comments?post=5489"}],"version-history":[{"count":2,"href":"https:\/\/realearthstories.es\/de\/wp-json\/wp\/v2\/pages\/5489\/revisions"}],"predecessor-version":[{"id":13703,"href":"https:\/\/realearthstories.es\/de\/wp-json\/wp\/v2\/pages\/5489\/revisions\/13703"}],"wp:attachment":[{"href":"https:\/\/realearthstories.es\/de\/wp-json\/wp\/v2\/media?parent=5489"}],"curies":[{"name":"wp","href":"https:\/\/api.w.org\/{rel}","templated":true}]}}